{"id":1334,"date":"2017-09-25T14:22:23","date_gmt":"2017-09-25T12:22:23","guid":{"rendered":"https:\/\/www.hacklbauer.at\/thermal-spa-altenmarkt\/"},"modified":"2018-08-28T16:42:29","modified_gmt":"2018-08-28T14:42:29","slug":"termalni-lazne-altenmarkt","status":"publish","type":"page","link":"https:\/\/www.hacklbauer.at\/cs\/termalni-lazne-altenmarkt\/","title":{"rendered":"Term\u00e1ln\u00ed l\u00e1zn\u011b Amad\u00e9"},"content":{"rendered":"<div class=\"wpb-content-wrapper\"><p>[vc_row][vc_column][vc_column_text]<\/p>\n<h1>Term\u00e1ln\u00ed l\u00e1zn\u011b Thermal Spa Amad\u00e9 v Altenmarktu<\/h1>\n<h2>dovolen\u00e1 v l\u00e1zn\u00edch a na farm\u011b v Salzbursku<\/h2>\n<p>[\/vc_column_text][\/vc_column][\/vc_row][vc_row][vc_column][vc_column_text]Ubytujte se na <a href=\"https:\/\/www.hacklbauer.at\/cs\/\">farm\u011b Hacklbauer<\/a> a relaxujte v term\u00e1ln\u00edch l\u00e1zn\u00edch <a href=\"http:\/\/www.thermeamade.at\/\" target=\"_blank\" rel=\"noopener\">Thermal Spa Amad\u00e9<\/a> v Altenmarktu im Pongau. Term\u00e1ln\u00ed l\u00e1zn\u011b jsou od na\u0161\u00ed farmy vzd\u00e1len\u00e9 jen 5 minut j\u00edzdy autem. Term\u00e1ln\u00ed voda je obohacena sol\u00ed z Bad Ischlu a m\u00e1 p\u0159\u00edzniv\u00e9 \u00fa\u010dinky na k\u016f\u017ei a d\u00fdchac\u00ed \u00fastroj\u00ed.<\/p>\n<p>&nbsp;<\/p>\n<p>D\u011bti si u\u017eij\u00ed <strong>fantastick\u00e9 vodn\u00ed skluzavky<\/strong>, <strong>baz\u00e9n s vlnami<\/strong> i <strong>sportovn\u00ed baz\u00e9n<\/strong>. Rodi\u010de se mohou uvolnit v <strong>relaxa\u010dn\u00edch baz\u00e9nech<\/strong> s r\u016fznou hustotou soli a zaplavat si ve vnit\u0159n\u00edch i venkovn\u00edch baz\u00e9nech. V l\u00e9t\u011b tu najdete velkou venkovn\u00ed pl\u00e1\u017e, kde se m\u016f\u017eete opalovat, h\u0159i\u0161t\u011b i kurt na pl\u00e1\u017eov\u00fd volejbal.[\/vc_column_text][\/vc_column][\/vc_row][vc_row][vc_column width=&#8221;1\/3&#8243;][vc_single_image image=&#8221;194&#8243; img_size=&#8221;small&#8221; onclick=&#8221;link_image&#8221;][\/vc_column][vc_column width=&#8221;1\/3&#8243;][vc_single_image image=&#8221;193&#8243; img_size=&#8221;small&#8221; onclick=&#8221;link_image&#8221;][\/vc_column][vc_column width=&#8221;1\/3&#8243;][vc_single_image image=&#8221;192&#8243; img_size=&#8221;small&#8221; onclick=&#8221;link_image&#8221;][\/vc_column][\/vc_row][vc_row full_width=&#8221;stretch_row&#8221; equal_height=&#8221;yes&#8221; bg_type=&#8221;bg_color&#8221; el_class=&#8221;hintergrund&#8221; bg_color_value=&#8221;#ffffff&#8221;][vc_column][vc_column_text el_class=&#8221;ueberschrift-deko&#8221;]<\/p>\n<h3 style=\"text-align: center;\"><img decoding=\"async\" class=\"alignnone size-full wp-image-22\" src=\"https:\/\/www.hacklbauer.at\/wp-content\/uploads\/deko-gruen-l.png\" alt=\"Deko gr\u00fcn\" width=\"34\" height=\"41\" \/>Saunov\u00fd sv\u011bt s baz\u00e9nem<img decoding=\"async\" class=\"alignnone size-full wp-image-23\" src=\"https:\/\/www.hacklbauer.at\/wp-content\/uploads\/deko-gruen-r.png\" alt=\"Deko Gr\u00fcn\" width=\"34\" height=\"41\" \/><\/h3>\n<p>[\/vc_column_text][vc_column_text]Odd\u011blen\u00fd saunov\u00fd sv\u011bt nab\u00edz\u00ed sauny, parn\u00ed l\u00e1ze\u0148 i parn\u00ed jeskyni \u2013 zkr\u00e1tka perfektn\u00ed relaxaci. Dop\u0159ejte sv\u00e9mu t\u011blu po\u0159\u00e1dn\u00e9 proh\u0159\u00e1t\u00ed a pot\u00e9 kvalitn\u00ed odpo\u010dinek v soln\u00e9 relaxa\u010dn\u00ed m\u00edstnosti \u010di osv\u011b\u017euj\u00edc\u00ed drink v saunov\u00e9m baru. Vyzkou\u0161ejte vnit\u0159n\u00ed i venkovn\u00ed baz\u00e9n s mas\u00e1\u017en\u00edmi a proudov\u00fdmi sed\u00e1tky. Vychutnejte si n\u011bkterou z mnoha druh\u016f mas\u00e1\u017e\u00ed. Term\u00e1ln\u00ed l\u00e1zn\u011b Amad\u00e9 jsou otev\u0159en\u00e9 po cel\u00fd rok bez ohledu na po\u010das\u00ed.[\/vc_column_text][vc_row_inner][vc_column_inner width=&#8221;1\/2&#8243;][vc_single_image image=&#8221;191&#8243; img_size=&#8221;medium&#8221; onclick=&#8221;link_image&#8221;][\/vc_column_inner][vc_column_inner width=&#8221;1\/2&#8243;][vc_single_image image=&#8221;190&#8243; img_size=&#8221;medium&#8221; onclick=&#8221;link_image&#8221;][\/vc_column_inner][\/vc_row_inner][\/vc_column][\/vc_row][vc_row][vc_column width=&#8221;1\/3&#8243;][vc_column_text]<span class=\"button-block\"><a href=\"\/?page_id=73\">Akce<\/a><\/span>[\/vc_column_text][\/vc_column][vc_column width=&#8221;1\/3&#8243;][vc_column_text]<span class=\"button-block\"><a href=\"https:\/\/www.hacklbauer.at\/winter-skiurlaub-ski-amade\/\">Zima<\/a><\/span>[\/vc_column_text][\/vc_column][vc_column width=&#8221;1\/3&#8243;][vc_column_text]<span class=\"button-block\"><a href=\"https:\/\/www.hacklbauer.at\/tagesausfluege-salzburg\/\">Jednodenn\u00ed v\u00fdlety<\/a><\/span>[\/vc_column_text][\/vc_column][\/vc_row]<\/p>\n<\/div>","protected":false},"excerpt":{"rendered":"<p>[vc_row][vc_column][vc_column_text] Term\u00e1ln\u00ed l\u00e1zn\u011b Thermal Spa Amad\u00e9 v Altenmarktu dovolen\u00e1 v l\u00e1zn\u00edch a na farm\u011b v Salzbursku [\/vc_column_text][\/vc_column][\/vc_row][vc_row][vc_column][vc_column_text]Ubytujte se na farm\u011b Hacklbauer a relaxujte v term\u00e1ln\u00edch l\u00e1zn\u00edch Thermal Spa Amad\u00e9 v Altenmarktu im Pongau. Term\u00e1ln\u00ed l\u00e1zn\u011b jsou od na\u0161\u00ed farmy vzd\u00e1len\u00e9 jen 5 minut j\u00edzdy autem. Term\u00e1ln\u00ed voda je obohacena sol\u00ed z Bad Ischlu a m\u00e1 &hellip;<\/p>\n\n<p><a class=\"readmore btn btn-default btn-default btn-block\" href=\"https:\/\/www.hacklbauer.at\/cs\/termalni-lazne-altenmarkt\/\">Read More<\/a><\/p>","protected":false},"author":1,"featured_media":1336,"parent":0,"menu_order":0,"comment_status":"closed","ping_status":"closed","template":"","meta":{"footnotes":""},"class_list":["post-1334","page","type-page","status-publish","has-post-thumbnail","hentry"],"yoast_head":"<!-- This site is optimized with the Yoast SEO plugin v27.5 - https:\/\/yoast.com\/product\/yoast-seo-wordpress\/ -->\n<title>Term\u00e1ln\u00ed l\u00e1zn\u011b Thermal Spa Amad\u00e9 v Altenmarktu im Pongau - Salzburg<\/title>\n<meta name=\"description\" content=\"Jenom 5 minut j\u00edzdy autem od farmy Hacklbauer le\u017e\u00ed Thermal Spa Amad\u00e9: koup\u00e1n\u00ed, relaxa\u010dn\u00ed baz\u00e9ny, odd\u011blen\u00fd saunov\u00fd sv\u011bt, baz\u00e9n s vlnami, vodn\u00ed skluzavky atd.\" \/>\n<meta name=\"robots\" content=\"index, follow, max-snippet:-1, max-image-preview:large, max-video-preview:-1\" \/>\n<link rel=\"canonical\" href=\"https:\/\/www.hacklbauer.at\/cs\/termalni-lazne-altenmarkt\/\" \/>\n<meta property=\"og:locale\" content=\"cs_CZ\" \/>\n<meta property=\"og:type\" content=\"article\" \/>\n<meta property=\"og:title\" content=\"Term\u00e1ln\u00ed l\u00e1zn\u011b Thermal Spa Amad\u00e9 v Altenmarktu im Pongau - Salzburg\" \/>\n<meta property=\"og:description\" content=\"Jenom 5 minut j\u00edzdy autem od farmy Hacklbauer le\u017e\u00ed Thermal Spa Amad\u00e9: koup\u00e1n\u00ed, relaxa\u010dn\u00ed baz\u00e9ny, odd\u011blen\u00fd saunov\u00fd sv\u011bt, baz\u00e9n s vlnami, vodn\u00ed skluzavky atd.\" \/>\n<meta property=\"og:url\" content=\"https:\/\/www.hacklbauer.at\/cs\/termalni-lazne-altenmarkt\/\" \/>\n<meta property=\"og:site_name\" content=\"Bauernhof Hacklbauer\" \/>\n<meta property=\"article:modified_time\" content=\"2018-08-28T14:42:29+00:00\" \/>\n<meta property=\"og:image\" content=\"https:\/\/www.hacklbauer.at\/wp-content\/uploads\/beitragsbild-therme-amade-altenmarkt-zauchensee-salzburg-1-1.jpg\" \/>\n\t<meta property=\"og:image:width\" content=\"1920\" \/>\n\t<meta property=\"og:image:height\" content=\"800\" \/>\n\t<meta property=\"og:image:type\" content=\"image\/jpeg\" \/>\n<meta name=\"twitter:card\" content=\"summary_large_image\" \/>\n<meta name=\"twitter:label1\" content=\"Odhadovan\u00e1 doba \u010dten\u00ed\" \/>\n\t<meta name=\"twitter:data1\" content=\"2 minuty\" \/>\n<script type=\"application\/ld+json\" class=\"yoast-schema-graph\">{\"@context\":\"https:\\\/\\\/schema.org\",\"@graph\":[{\"@type\":\"WebPage\",\"@id\":\"https:\\\/\\\/www.hacklbauer.at\\\/cs\\\/termalni-lazne-altenmarkt\\\/\",\"url\":\"https:\\\/\\\/www.hacklbauer.at\\\/cs\\\/termalni-lazne-altenmarkt\\\/\",\"name\":\"Term\u00e1ln\u00ed l\u00e1zn\u011b Thermal Spa Amad\u00e9 v Altenmarktu im Pongau - Salzburg\",\"isPartOf\":{\"@id\":\"https:\\\/\\\/www.hacklbauer.at\\\/cs\\\/#website\"},\"primaryImageOfPage\":{\"@id\":\"https:\\\/\\\/www.hacklbauer.at\\\/cs\\\/termalni-lazne-altenmarkt\\\/#primaryimage\"},\"image\":{\"@id\":\"https:\\\/\\\/www.hacklbauer.at\\\/cs\\\/termalni-lazne-altenmarkt\\\/#primaryimage\"},\"thumbnailUrl\":\"https:\\\/\\\/www.hacklbauer.at\\\/wp-content\\\/uploads\\\/beitragsbild-therme-amade-altenmarkt-zauchensee-salzburg-1-1.jpg\",\"datePublished\":\"2017-09-25T12:22:23+00:00\",\"dateModified\":\"2018-08-28T14:42:29+00:00\",\"description\":\"Jenom 5 minut j\u00edzdy autem od farmy Hacklbauer le\u017e\u00ed Thermal Spa Amad\u00e9: koup\u00e1n\u00ed, relaxa\u010dn\u00ed baz\u00e9ny, odd\u011blen\u00fd saunov\u00fd sv\u011bt, baz\u00e9n s vlnami, vodn\u00ed skluzavky atd.\",\"breadcrumb\":{\"@id\":\"https:\\\/\\\/www.hacklbauer.at\\\/cs\\\/termalni-lazne-altenmarkt\\\/#breadcrumb\"},\"inLanguage\":\"cs\",\"potentialAction\":[{\"@type\":\"ReadAction\",\"target\":[\"https:\\\/\\\/www.hacklbauer.at\\\/cs\\\/termalni-lazne-altenmarkt\\\/\"]}]},{\"@type\":\"ImageObject\",\"inLanguage\":\"cs\",\"@id\":\"https:\\\/\\\/www.hacklbauer.at\\\/cs\\\/termalni-lazne-altenmarkt\\\/#primaryimage\",\"url\":\"https:\\\/\\\/www.hacklbauer.at\\\/wp-content\\\/uploads\\\/beitragsbild-therme-amade-altenmarkt-zauchensee-salzburg-1-1.jpg\",\"contentUrl\":\"https:\\\/\\\/www.hacklbauer.at\\\/wp-content\\\/uploads\\\/beitragsbild-therme-amade-altenmarkt-zauchensee-salzburg-1-1.jpg\",\"width\":1920,\"height\":800},{\"@type\":\"BreadcrumbList\",\"@id\":\"https:\\\/\\\/www.hacklbauer.at\\\/cs\\\/termalni-lazne-altenmarkt\\\/#breadcrumb\",\"itemListElement\":[{\"@type\":\"ListItem\",\"position\":1,\"name\":\"Dom\u016f\",\"item\":\"https:\\\/\\\/www.hacklbauer.at\\\/cs\\\/\"},{\"@type\":\"ListItem\",\"position\":2,\"name\":\"Term\u00e1ln\u00ed l\u00e1zn\u011b Amad\u00e9\"}]},{\"@type\":\"WebSite\",\"@id\":\"https:\\\/\\\/www.hacklbauer.at\\\/cs\\\/#website\",\"url\":\"https:\\\/\\\/www.hacklbauer.at\\\/cs\\\/\",\"name\":\"Bauernhof Hacklbauer\",\"description\":\"Ferienwohnungen in Altenmarkt\",\"potentialAction\":[{\"@type\":\"SearchAction\",\"target\":{\"@type\":\"EntryPoint\",\"urlTemplate\":\"https:\\\/\\\/www.hacklbauer.at\\\/cs\\\/?s={search_term_string}\"},\"query-input\":{\"@type\":\"PropertyValueSpecification\",\"valueRequired\":true,\"valueName\":\"search_term_string\"}}],\"inLanguage\":\"cs\"}]}<\/script>\n<!-- \/ Yoast SEO plugin. -->","yoast_head_json":{"title":"Term\u00e1ln\u00ed l\u00e1zn\u011b Thermal Spa Amad\u00e9 v Altenmarktu im Pongau - Salzburg","description":"Jenom 5 minut j\u00edzdy autem od farmy Hacklbauer le\u017e\u00ed Thermal Spa Amad\u00e9: koup\u00e1n\u00ed, relaxa\u010dn\u00ed baz\u00e9ny, odd\u011blen\u00fd saunov\u00fd sv\u011bt, baz\u00e9n s vlnami, vodn\u00ed skluzavky atd.","robots":{"index":"index","follow":"follow","max-snippet":"max-snippet:-1","max-image-preview":"max-image-preview:large","max-video-preview":"max-video-preview:-1"},"canonical":"https:\/\/www.hacklbauer.at\/cs\/termalni-lazne-altenmarkt\/","og_locale":"cs_CZ","og_type":"article","og_title":"Term\u00e1ln\u00ed l\u00e1zn\u011b Thermal Spa Amad\u00e9 v Altenmarktu im Pongau - Salzburg","og_description":"Jenom 5 minut j\u00edzdy autem od farmy Hacklbauer le\u017e\u00ed Thermal Spa Amad\u00e9: koup\u00e1n\u00ed, relaxa\u010dn\u00ed baz\u00e9ny, odd\u011blen\u00fd saunov\u00fd sv\u011bt, baz\u00e9n s vlnami, vodn\u00ed skluzavky atd.","og_url":"https:\/\/www.hacklbauer.at\/cs\/termalni-lazne-altenmarkt\/","og_site_name":"Bauernhof Hacklbauer","article_modified_time":"2018-08-28T14:42:29+00:00","og_image":[{"width":1920,"height":800,"url":"https:\/\/www.hacklbauer.at\/wp-content\/uploads\/beitragsbild-therme-amade-altenmarkt-zauchensee-salzburg-1-1.jpg","type":"image\/jpeg"}],"twitter_card":"summary_large_image","twitter_misc":{"Odhadovan\u00e1 doba \u010dten\u00ed":"2 minuty"},"schema":{"@context":"https:\/\/schema.org","@graph":[{"@type":"WebPage","@id":"https:\/\/www.hacklbauer.at\/cs\/termalni-lazne-altenmarkt\/","url":"https:\/\/www.hacklbauer.at\/cs\/termalni-lazne-altenmarkt\/","name":"Term\u00e1ln\u00ed l\u00e1zn\u011b Thermal Spa Amad\u00e9 v Altenmarktu im Pongau - Salzburg","isPartOf":{"@id":"https:\/\/www.hacklbauer.at\/cs\/#website"},"primaryImageOfPage":{"@id":"https:\/\/www.hacklbauer.at\/cs\/termalni-lazne-altenmarkt\/#primaryimage"},"image":{"@id":"https:\/\/www.hacklbauer.at\/cs\/termalni-lazne-altenmarkt\/#primaryimage"},"thumbnailUrl":"https:\/\/www.hacklbauer.at\/wp-content\/uploads\/beitragsbild-therme-amade-altenmarkt-zauchensee-salzburg-1-1.jpg","datePublished":"2017-09-25T12:22:23+00:00","dateModified":"2018-08-28T14:42:29+00:00","description":"Jenom 5 minut j\u00edzdy autem od farmy Hacklbauer le\u017e\u00ed Thermal Spa Amad\u00e9: koup\u00e1n\u00ed, relaxa\u010dn\u00ed baz\u00e9ny, odd\u011blen\u00fd saunov\u00fd sv\u011bt, baz\u00e9n s vlnami, vodn\u00ed skluzavky atd.","breadcrumb":{"@id":"https:\/\/www.hacklbauer.at\/cs\/termalni-lazne-altenmarkt\/#breadcrumb"},"inLanguage":"cs","potentialAction":[{"@type":"ReadAction","target":["https:\/\/www.hacklbauer.at\/cs\/termalni-lazne-altenmarkt\/"]}]},{"@type":"ImageObject","inLanguage":"cs","@id":"https:\/\/www.hacklbauer.at\/cs\/termalni-lazne-altenmarkt\/#primaryimage","url":"https:\/\/www.hacklbauer.at\/wp-content\/uploads\/beitragsbild-therme-amade-altenmarkt-zauchensee-salzburg-1-1.jpg","contentUrl":"https:\/\/www.hacklbauer.at\/wp-content\/uploads\/beitragsbild-therme-amade-altenmarkt-zauchensee-salzburg-1-1.jpg","width":1920,"height":800},{"@type":"BreadcrumbList","@id":"https:\/\/www.hacklbauer.at\/cs\/termalni-lazne-altenmarkt\/#breadcrumb","itemListElement":[{"@type":"ListItem","position":1,"name":"Dom\u016f","item":"https:\/\/www.hacklbauer.at\/cs\/"},{"@type":"ListItem","position":2,"name":"Term\u00e1ln\u00ed l\u00e1zn\u011b Amad\u00e9"}]},{"@type":"WebSite","@id":"https:\/\/www.hacklbauer.at\/cs\/#website","url":"https:\/\/www.hacklbauer.at\/cs\/","name":"Bauernhof Hacklbauer","description":"Ferienwohnungen in Altenmarkt","potentialAction":[{"@type":"SearchAction","target":{"@type":"EntryPoint","urlTemplate":"https:\/\/www.hacklbauer.at\/cs\/?s={search_term_string}"},"query-input":{"@type":"PropertyValueSpecification","valueRequired":true,"valueName":"search_term_string"}}],"inLanguage":"cs"}]}},"_links":{"self":[{"href":"https:\/\/www.hacklbauer.at\/cs\/wp-json\/wp\/v2\/pages\/1334","targetHints":{"allow":["GET"]}}],"collection":[{"href":"https:\/\/www.hacklbauer.at\/cs\/wp-json\/wp\/v2\/pages"}],"about":[{"href":"https:\/\/www.hacklbauer.at\/cs\/wp-json\/wp\/v2\/types\/page"}],"author":[{"embeddable":true,"href":"https:\/\/www.hacklbauer.at\/cs\/wp-json\/wp\/v2\/users\/1"}],"replies":[{"embeddable":true,"href":"https:\/\/www.hacklbauer.at\/cs\/wp-json\/wp\/v2\/comments?post=1334"}],"version-history":[{"count":0,"href":"https:\/\/www.hacklbauer.at\/cs\/wp-json\/wp\/v2\/pages\/1334\/revisions"}],"wp:featuredmedia":[{"embeddable":true,"href":"https:\/\/www.hacklbauer.at\/cs\/wp-json\/wp\/v2\/media\/1336"}],"wp:attachment":[{"href":"https:\/\/www.hacklbauer.at\/cs\/wp-json\/wp\/v2\/media?parent=1334"}],"curies":[{"name":"wp","href":"https:\/\/api.w.org\/{rel}","templated":true}]}}