{"id":1342,"date":"2017-09-25T14:19:03","date_gmt":"2017-09-25T12:19:03","guid":{"rendered":"https:\/\/www.hacklbauer.at\/contact-directions-altenmarkt\/"},"modified":"2022-08-24T07:53:54","modified_gmt":"2022-08-24T05:53:54","slug":"kontakt-doprava-altenmarkt","status":"publish","type":"page","link":"https:\/\/www.hacklbauer.at\/cs\/kontakt-doprava-altenmarkt\/","title":{"rendered":"Kontakt &#038; p\u0159\u00edjezd"},"content":{"rendered":"<div class=\"wpb-content-wrapper\"><p>[vc_row][vc_column][vc_column_text]<\/p>\n<h1>Kontakt &amp; p\u0159\u00edjezd<\/h1>\n<h2>Farma Hacklbauer v Altenmarktu, spolkov\u00e1 zem\u011b Salzburg<\/h2>\n<p>[\/vc_column_text][vc_column_text]T\u011b\u0161\u00edme se, \u017ee v\u00e1s budeme moci p\u0159iv\u00edtat a stanete se na\u0161imi spokojen\u00fdmi hosty na na\u0161\u00ed <a href=\"https:\/\/www.hacklbauer.at\/cs\/\">tradi\u010dn\u00ed rodov\u00e9 farm\u011b Hacklbauer<\/a> v <strong>Altenmarktu im Pongau<\/strong> ve spolkov\u00e9 zemi Salzburg. Va\u0161i Walchhoferovi.[\/vc_column_text][\/vc_column][\/vc_row][vc_row full_width=&#8221;stretch_row&#8221; bg_type=&#8221;bg_color&#8221; css=&#8221;.vc_custom_1507038876136{margin-top: -30px !important;}&#8221; bg_color_value=&#8221;#ffffff&#8221;][vc_column width=&#8221;1\/2&#8243;][vc_single_image image=&#8221;140&#8243; img_size=&#8221;medium&#8221; onclick=&#8221;link_image&#8221; css=&#8221;.vc_custom_1507025179885{margin-bottom: 0px !important;}&#8221;][\/vc_column][vc_column width=&#8221;1\/2&#8243;][vc_column_text]<\/p>\n<h5><img decoding=\"async\" class=\"alignnone size-full wp-image-22\" src=\"https:\/\/www.hacklbauer.at\/wp-content\/uploads\/deko-gruen-l.png\" alt=\"Deko gr\u00fcn\" width=\"34\" height=\"41\" \/> Farma Hacklbauer <img decoding=\"async\" class=\"alignnone size-full wp-image-23\" src=\"https:\/\/www.hacklbauer.at\/wp-content\/uploads\/deko-gruen-r.png\" alt=\"Deko Gr\u00fcn\" width=\"34\" height=\"41\" \/><\/h5>\n<p>[\/vc_column_text][vc_column_text css=&#8221;.vc_custom_1525033440995{margin-top: -20px !important;}&#8221;]Walchhoferovi<\/p>\n<p>Eckwaldweg 13<\/p>\n<p>A-5541 Altenmarkt im Pongau<\/p>\n<p>Tel.: <a href=\"tel:+4364525942\">+43 6452 5942<\/a><\/p>\n<p>Mobile: <a href=\"tel:+436644878899\">+43 664 48 78 899<\/a><\/p>\n<p><a href=\"mailto:info@hacklbauer.at\">poslat email<\/a>[\/vc_column_text][\/vc_column][\/vc_row][vc_row el_class=&#8221;ganze-breite&#8221;][vc_column][vc_column_text]<\/p>\n<h3>P\u0159\u00edjezd autem &amp; pl\u00e1nov\u00e1n\u00ed cesty<\/h3>\n<p>[\/vc_column_text][vc_column_text]<strong>GPS-sou\u0159adnice<\/strong> (UTM): Lat: 47.37168283, Long: 13.44182443.[\/vc_column_text][\/vc_column][\/vc_row][vc_row][vc_column][vc_column_text css=&#8221;.vc_custom_1525708299854{margin-bottom: 15px !important;}&#8221;]<\/p>\n<h6>Dopravn\u00ed info &amp; d\u00e1lni\u010dn\u00ed zn\u00e1mka<\/h6>\n<p>[\/vc_column_text][vc_column_text]Pros\u00edm zjist\u011bte si <a href=\"https:\/\/www.oeamtc.at\/\" target=\"_blank\" rel=\"noopener noreferrer\">aktu\u00e1ln\u00ed situaci na rakousk\u00fdch silnic\u00edch<\/a>, abyste bezpe\u010dn\u011b dojeli do Altenmarktu. Tak\u00e9 p\u0159ipom\u00edn\u00e1me, \u017ee na rakousk\u00fdch d\u00e1lnic\u00edch mus\u00edte m\u00edt platnou <strong>d\u00e1lni\u010dn\u00ed zn\u00e1mku<\/strong>.[\/vc_column_text][\/vc_column][\/vc_row][vc_row full_width=&#8221;stretch_row&#8221; equal_height=&#8221;yes&#8221; bg_type=&#8221;bg_color&#8221; bg_color_value=&#8221;#ffffff&#8221;][vc_column width=&#8221;1\/2&#8243;][vc_single_image image=&#8221;138&#8243; img_size=&#8221;medium&#8221; css=&#8221;.vc_custom_1507025208970{margin-bottom: 0px !important;}&#8221;][vc_column_text el_class=&#8221;abstand-box&#8221; css=&#8221;.vc_custom_1526547203578{margin-bottom: 0px !important;}&#8221;]<\/p>\n<h5>P\u0159\u00edjezd vlakem<\/h5>\n<p>[\/vc_column_text][vc_column_text]Nejbli\u017e\u0161\u00ed rychl\u00edkov\u00e1 stanice je v Radstadtu (3 km od n\u00e1s). D\u00e1le pou\u017eijte autobus nebo taxi. J\u00edzdn\u00ed \u0159\u00e1dy najdete zde:<\/p>\n<ul>\n<li><a href=\"http:\/\/www.oebb.at\/\" target=\"_blank\" rel=\"noopener\">www.oebb.at<br \/>\n<\/a><\/li>\n<li><a href=\"http:\/\/www.bahn.de\/\" target=\"_blank\" rel=\"noopener\">www.bahn.de<\/a><\/li>\n<\/ul>\n<p>[\/vc_column_text][\/vc_column][vc_column width=&#8221;1\/2&#8243;][vc_single_image image=&#8221;139&#8243; img_size=&#8221;medium&#8221; css=&#8221;.vc_custom_1507025189040{margin-bottom: 0px !important;}&#8221;][vc_column_text el_class=&#8221;abstand-box&#8221; css=&#8221;.vc_custom_1526547209306{margin-bottom: 0px !important;}&#8221;]<\/p>\n<h5>Letecky<\/h5>\n<p>[\/vc_column_text][vc_column_text]Nejbli\u017e\u0161\u00ed leti\u0161t\u011b je Leti\u0161t\u011b W. A. Mozarta v Salzburgu, vzd\u00e1len\u00e9 p\u0159ibli\u017en\u011b 70 km. D\u00e1le pokra\u010dujte vlakem nebo tax\u00edkem.<\/p>\n<ul>\n<li><a href=\"http:\/\/www.salzburg-airport.com\/\" target=\"_blank\" rel=\"noopener\">Salzburg Airport<\/a><\/li>\n<li><a href=\"http:\/\/www.munich-airport.de\/\" target=\"_blank\" rel=\"noopener\">Munich Airport<\/a><\/li>\n<li><a href=\"http:\/\/www.ryanair.com\/\" target=\"_blank\" rel=\"noopener\">RYANAIR<\/a><\/li>\n<\/ul>\n<p>[\/vc_column_text][\/vc_column][\/vc_row][vc_row][vc_column width=&#8221;1\/3&#8243;][vc_column_text]<span class=\"button-block\"><a href=\"https:\/\/www.hacklbauer.at\/fruehling-sommer-herbst-altenmarkt\/\">Jaro \u00b7 l\u00e9to \u00b7 podzim<\/a><\/span>[\/vc_column_text][\/vc_column][vc_column width=&#8221;1\/3&#8243;][vc_column_text]<span class=\"button-block\"><a href=\"https:\/\/www.hacklbauer.at\/winter-skiurlaub-ski-amade\/\">Zima ve Ski amad\u00e9<\/a><\/span>[\/vc_column_text][\/vc_column][vc_column width=&#8221;1\/3&#8243;][vc_column_text]<span class=\"button-block\"><a href=\"https:\/\/www.hacklbauer.at\/cs\/celodenni-vylety-salzburg\/\">Jednodenn\u00ed v\u00fdlety<\/a><\/span>[\/vc_column_text][\/vc_column][\/vc_row]<\/p>\n<\/div>","protected":false},"excerpt":{"rendered":"<p>[vc_row][vc_column][vc_column_text] Kontakt &amp; p\u0159\u00edjezd Farma Hacklbauer v Altenmarktu, spolkov\u00e1 zem\u011b Salzburg [\/vc_column_text][vc_column_text]T\u011b\u0161\u00edme se, \u017ee v\u00e1s budeme moci p\u0159iv\u00edtat a stanete se na\u0161imi spokojen\u00fdmi hosty na na\u0161\u00ed tradi\u010dn\u00ed rodov\u00e9 farm\u011b Hacklbauer v Altenmarktu im Pongau ve spolkov\u00e9 zemi Salzburg. Va\u0161i Walchhoferovi.[\/vc_column_text][\/vc_column][\/vc_row][vc_row full_width=&#8221;stretch_row&#8221; bg_type=&#8221;bg_color&#8221; css=&#8221;.vc_custom_1507038876136{margin-top: -30px !important;}&#8221; bg_color_value=&#8221;#ffffff&#8221;][vc_column width=&#8221;1\/2&#8243;][vc_single_image image=&#8221;140&#8243; img_size=&#8221;medium&#8221; onclick=&#8221;link_image&#8221; css=&#8221;.vc_custom_1507025179885{margin-bottom: 0px !important;}&#8221;][\/vc_column][vc_column width=&#8221;1\/2&#8243;][vc_column_text] Farma &hellip;<\/p>\n\n<p><a class=\"readmore btn btn-default btn-default btn-block\" href=\"https:\/\/www.hacklbauer.at\/cs\/kontakt-doprava-altenmarkt\/\">Read More<\/a><\/p>","protected":false},"author":1,"featured_media":1344,"parent":0,"menu_order":0,"comment_status":"closed","ping_status":"closed","template":"","meta":{"footnotes":""},"class_list":["post-1342","page","type-page","status-publish","has-post-thumbnail","hentry"],"yoast_head":"<!-- This site is optimized with the Yoast SEO plugin v27.4 - https:\/\/yoast.com\/product\/yoast-seo-wordpress\/ -->\n<title>Kontakt &amp; p\u0159\u00edjezd na farmu Hacklbauer v Altenmarktu im Pongau<\/title>\n<meta name=\"description\" content=\"Kontaktujte n\u00e1s: Hacklbauer Farm, The Walchhofer Family, Eckwaldweg 13, A-5541 Altenmarkt im Pongau, Tel.: +43 6452 5942, info@hacklbauer.at\" \/>\n<meta name=\"robots\" content=\"index, follow, max-snippet:-1, max-image-preview:large, max-video-preview:-1\" \/>\n<link rel=\"canonical\" href=\"https:\/\/www.hacklbauer.at\/cs\/kontakt-doprava-altenmarkt\/\" \/>\n<meta property=\"og:locale\" content=\"cs_CZ\" \/>\n<meta property=\"og:type\" content=\"article\" \/>\n<meta property=\"og:title\" content=\"Kontakt &amp; p\u0159\u00edjezd na farmu Hacklbauer v Altenmarktu im Pongau\" \/>\n<meta property=\"og:description\" content=\"Kontaktujte n\u00e1s: Hacklbauer Farm, The Walchhofer Family, Eckwaldweg 13, A-5541 Altenmarkt im Pongau, Tel.: +43 6452 5942, info@hacklbauer.at\" \/>\n<meta property=\"og:url\" content=\"https:\/\/www.hacklbauer.at\/cs\/kontakt-doprava-altenmarkt\/\" \/>\n<meta property=\"og:site_name\" content=\"Bauernhof Hacklbauer\" \/>\n<meta property=\"article:modified_time\" content=\"2022-08-24T05:53:54+00:00\" \/>\n<meta property=\"og:image\" content=\"https:\/\/www.hacklbauer.at\/wp-content\/uploads\/beitragsbild-kontakt-altenmarkt-zauchensee-salzburg-1.jpg\" \/>\n\t<meta property=\"og:image:width\" content=\"1920\" \/>\n\t<meta property=\"og:image:height\" content=\"800\" \/>\n\t<meta property=\"og:image:type\" content=\"image\/jpeg\" \/>\n<meta name=\"twitter:card\" content=\"summary_large_image\" \/>\n<meta name=\"twitter:label1\" content=\"Odhadovan\u00e1 doba \u010dten\u00ed\" \/>\n\t<meta name=\"twitter:data1\" content=\"2 minuty\" \/>\n<script type=\"application\/ld+json\" class=\"yoast-schema-graph\">{\"@context\":\"https:\\\/\\\/schema.org\",\"@graph\":[{\"@type\":\"WebPage\",\"@id\":\"https:\\\/\\\/www.hacklbauer.at\\\/cs\\\/kontakt-doprava-altenmarkt\\\/\",\"url\":\"https:\\\/\\\/www.hacklbauer.at\\\/cs\\\/kontakt-doprava-altenmarkt\\\/\",\"name\":\"Kontakt & p\u0159\u00edjezd na farmu Hacklbauer v Altenmarktu im Pongau\",\"isPartOf\":{\"@id\":\"https:\\\/\\\/www.hacklbauer.at\\\/cs\\\/#website\"},\"primaryImageOfPage\":{\"@id\":\"https:\\\/\\\/www.hacklbauer.at\\\/cs\\\/kontakt-doprava-altenmarkt\\\/#primaryimage\"},\"image\":{\"@id\":\"https:\\\/\\\/www.hacklbauer.at\\\/cs\\\/kontakt-doprava-altenmarkt\\\/#primaryimage\"},\"thumbnailUrl\":\"https:\\\/\\\/www.hacklbauer.at\\\/wp-content\\\/uploads\\\/beitragsbild-kontakt-altenmarkt-zauchensee-salzburg-1.jpg\",\"datePublished\":\"2017-09-25T12:19:03+00:00\",\"dateModified\":\"2022-08-24T05:53:54+00:00\",\"description\":\"Kontaktujte n\u00e1s: Hacklbauer Farm, The Walchhofer Family, Eckwaldweg 13, A-5541 Altenmarkt im Pongau, Tel.: +43 6452 5942, info@hacklbauer.at\",\"breadcrumb\":{\"@id\":\"https:\\\/\\\/www.hacklbauer.at\\\/cs\\\/kontakt-doprava-altenmarkt\\\/#breadcrumb\"},\"inLanguage\":\"cs\",\"potentialAction\":[{\"@type\":\"ReadAction\",\"target\":[\"https:\\\/\\\/www.hacklbauer.at\\\/cs\\\/kontakt-doprava-altenmarkt\\\/\"]}]},{\"@type\":\"ImageObject\",\"inLanguage\":\"cs\",\"@id\":\"https:\\\/\\\/www.hacklbauer.at\\\/cs\\\/kontakt-doprava-altenmarkt\\\/#primaryimage\",\"url\":\"https:\\\/\\\/www.hacklbauer.at\\\/wp-content\\\/uploads\\\/beitragsbild-kontakt-altenmarkt-zauchensee-salzburg-1.jpg\",\"contentUrl\":\"https:\\\/\\\/www.hacklbauer.at\\\/wp-content\\\/uploads\\\/beitragsbild-kontakt-altenmarkt-zauchensee-salzburg-1.jpg\",\"width\":1920,\"height\":800},{\"@type\":\"BreadcrumbList\",\"@id\":\"https:\\\/\\\/www.hacklbauer.at\\\/cs\\\/kontakt-doprava-altenmarkt\\\/#breadcrumb\",\"itemListElement\":[{\"@type\":\"ListItem\",\"position\":1,\"name\":\"Dom\u016f\",\"item\":\"https:\\\/\\\/www.hacklbauer.at\\\/cs\\\/\"},{\"@type\":\"ListItem\",\"position\":2,\"name\":\"Kontakt &#038; p\u0159\u00edjezd\"}]},{\"@type\":\"WebSite\",\"@id\":\"https:\\\/\\\/www.hacklbauer.at\\\/cs\\\/#website\",\"url\":\"https:\\\/\\\/www.hacklbauer.at\\\/cs\\\/\",\"name\":\"Bauernhof Hacklbauer\",\"description\":\"Ferienwohnungen in Altenmarkt\",\"potentialAction\":[{\"@type\":\"SearchAction\",\"target\":{\"@type\":\"EntryPoint\",\"urlTemplate\":\"https:\\\/\\\/www.hacklbauer.at\\\/cs\\\/?s={search_term_string}\"},\"query-input\":{\"@type\":\"PropertyValueSpecification\",\"valueRequired\":true,\"valueName\":\"search_term_string\"}}],\"inLanguage\":\"cs\"}]}<\/script>\n<!-- \/ Yoast SEO plugin. -->","yoast_head_json":{"title":"Kontakt & p\u0159\u00edjezd na farmu Hacklbauer v Altenmarktu im Pongau","description":"Kontaktujte n\u00e1s: Hacklbauer Farm, The Walchhofer Family, Eckwaldweg 13, A-5541 Altenmarkt im Pongau, Tel.: +43 6452 5942, info@hacklbauer.at","robots":{"index":"index","follow":"follow","max-snippet":"max-snippet:-1","max-image-preview":"max-image-preview:large","max-video-preview":"max-video-preview:-1"},"canonical":"https:\/\/www.hacklbauer.at\/cs\/kontakt-doprava-altenmarkt\/","og_locale":"cs_CZ","og_type":"article","og_title":"Kontakt & p\u0159\u00edjezd na farmu Hacklbauer v Altenmarktu im Pongau","og_description":"Kontaktujte n\u00e1s: Hacklbauer Farm, The Walchhofer Family, Eckwaldweg 13, A-5541 Altenmarkt im Pongau, Tel.: +43 6452 5942, info@hacklbauer.at","og_url":"https:\/\/www.hacklbauer.at\/cs\/kontakt-doprava-altenmarkt\/","og_site_name":"Bauernhof Hacklbauer","article_modified_time":"2022-08-24T05:53:54+00:00","og_image":[{"width":1920,"height":800,"url":"https:\/\/www.hacklbauer.at\/wp-content\/uploads\/beitragsbild-kontakt-altenmarkt-zauchensee-salzburg-1.jpg","type":"image\/jpeg"}],"twitter_card":"summary_large_image","twitter_misc":{"Odhadovan\u00e1 doba \u010dten\u00ed":"2 minuty"},"schema":{"@context":"https:\/\/schema.org","@graph":[{"@type":"WebPage","@id":"https:\/\/www.hacklbauer.at\/cs\/kontakt-doprava-altenmarkt\/","url":"https:\/\/www.hacklbauer.at\/cs\/kontakt-doprava-altenmarkt\/","name":"Kontakt & p\u0159\u00edjezd na farmu Hacklbauer v Altenmarktu im Pongau","isPartOf":{"@id":"https:\/\/www.hacklbauer.at\/cs\/#website"},"primaryImageOfPage":{"@id":"https:\/\/www.hacklbauer.at\/cs\/kontakt-doprava-altenmarkt\/#primaryimage"},"image":{"@id":"https:\/\/www.hacklbauer.at\/cs\/kontakt-doprava-altenmarkt\/#primaryimage"},"thumbnailUrl":"https:\/\/www.hacklbauer.at\/wp-content\/uploads\/beitragsbild-kontakt-altenmarkt-zauchensee-salzburg-1.jpg","datePublished":"2017-09-25T12:19:03+00:00","dateModified":"2022-08-24T05:53:54+00:00","description":"Kontaktujte n\u00e1s: Hacklbauer Farm, The Walchhofer Family, Eckwaldweg 13, A-5541 Altenmarkt im Pongau, Tel.: +43 6452 5942, info@hacklbauer.at","breadcrumb":{"@id":"https:\/\/www.hacklbauer.at\/cs\/kontakt-doprava-altenmarkt\/#breadcrumb"},"inLanguage":"cs","potentialAction":[{"@type":"ReadAction","target":["https:\/\/www.hacklbauer.at\/cs\/kontakt-doprava-altenmarkt\/"]}]},{"@type":"ImageObject","inLanguage":"cs","@id":"https:\/\/www.hacklbauer.at\/cs\/kontakt-doprava-altenmarkt\/#primaryimage","url":"https:\/\/www.hacklbauer.at\/wp-content\/uploads\/beitragsbild-kontakt-altenmarkt-zauchensee-salzburg-1.jpg","contentUrl":"https:\/\/www.hacklbauer.at\/wp-content\/uploads\/beitragsbild-kontakt-altenmarkt-zauchensee-salzburg-1.jpg","width":1920,"height":800},{"@type":"BreadcrumbList","@id":"https:\/\/www.hacklbauer.at\/cs\/kontakt-doprava-altenmarkt\/#breadcrumb","itemListElement":[{"@type":"ListItem","position":1,"name":"Dom\u016f","item":"https:\/\/www.hacklbauer.at\/cs\/"},{"@type":"ListItem","position":2,"name":"Kontakt &#038; p\u0159\u00edjezd"}]},{"@type":"WebSite","@id":"https:\/\/www.hacklbauer.at\/cs\/#website","url":"https:\/\/www.hacklbauer.at\/cs\/","name":"Bauernhof Hacklbauer","description":"Ferienwohnungen in Altenmarkt","potentialAction":[{"@type":"SearchAction","target":{"@type":"EntryPoint","urlTemplate":"https:\/\/www.hacklbauer.at\/cs\/?s={search_term_string}"},"query-input":{"@type":"PropertyValueSpecification","valueRequired":true,"valueName":"search_term_string"}}],"inLanguage":"cs"}]}},"_links":{"self":[{"href":"https:\/\/www.hacklbauer.at\/cs\/wp-json\/wp\/v2\/pages\/1342","targetHints":{"allow":["GET"]}}],"collection":[{"href":"https:\/\/www.hacklbauer.at\/cs\/wp-json\/wp\/v2\/pages"}],"about":[{"href":"https:\/\/www.hacklbauer.at\/cs\/wp-json\/wp\/v2\/types\/page"}],"author":[{"embeddable":true,"href":"https:\/\/www.hacklbauer.at\/cs\/wp-json\/wp\/v2\/users\/1"}],"replies":[{"embeddable":true,"href":"https:\/\/www.hacklbauer.at\/cs\/wp-json\/wp\/v2\/comments?post=1342"}],"version-history":[{"count":0,"href":"https:\/\/www.hacklbauer.at\/cs\/wp-json\/wp\/v2\/pages\/1342\/revisions"}],"wp:featuredmedia":[{"embeddable":true,"href":"https:\/\/www.hacklbauer.at\/cs\/wp-json\/wp\/v2\/media\/1344"}],"wp:attachment":[{"href":"https:\/\/www.hacklbauer.at\/cs\/wp-json\/wp\/v2\/media?parent=1342"}],"curies":[{"name":"wp","href":"https:\/\/api.w.org\/{rel}","templated":true}]}}