{"id":1346,"date":"2017-09-25T14:19:03","date_gmt":"2017-09-25T12:19:03","guid":{"rendered":"https:\/\/www.hacklbauer.at\/book-online\/"},"modified":"2022-09-21T08:16:31","modified_gmt":"2022-09-21T06:16:31","slug":"rezervace-online","status":"publish","type":"page","link":"https:\/\/www.hacklbauer.at\/cs\/rezervace-online\/","title":{"rendered":"Rezervace online"},"content":{"rendered":"<div class=\"wpb-content-wrapper\"><p>[vc_row][vc_column][vc_column_text]<\/p>\n<h1>Rezervace online<\/h1>\n<p>[\/vc_column_text][\/vc_column][\/vc_row][vc_row][vc_column][vc_raw_html]JTNDZGl2JTIwaWQlM0QlMjJlYkZyb250RW5kRnJhbWUlMjIlM0UlM0MlMkZkaXYlM0UlMEElM0NzY3JpcHQlMjBzcmMlM0QlMjIlMkYlMkZ3d3cuZWFzeS1ib29raW5nLmF0JTJGYm9va2luZ2VuZ2luZTIlMkZqcyUyRmpxdWVyeS5lYXN5Ym9va2luZy5mcm9udGVuZC5qcyUyMiUzRSUzQyUyRnNjcmlwdCUzRSUwQSUzQ3NjcmlwdCUzRSUwQSUyMCUyMGZ1bmN0aW9uJTIwZWJGcm9udGVuZExvYWRlZENoZWNrJTI4JTI5JTIwJTdCJTBBJTIwJTIwJTIwJTIwaWYlMjAlMjh0eXBlb2YlMjBqUXVlcnklMjAlMjElM0QlMjAlMjJ1bmRlZmluZWQlMjIlMjklMjAlN0IlMEElMjAlMjAlMjAlMjAlMjAlMjBpZiUyMCUyOGpRdWVyeS5mbi5lYkZyb250RW5kJTI5JTIwJTdCJTBBJTIwJTIwJTIwJTIwJTIwJTIwJTIwJTIwalF1ZXJ5JTI4JTIyJTIzZWJGcm9udEVuZEZyYW1lJTIyJTI5LmViRnJvbnRFbmQlMjglN0IlMEElMjAlMjAlMjAlMjAlMjAlMjAlMjAlMjAlMjAlMjBjdXN0b21lcklkJTNBJTIwMTkzMyUyQyUwQSUyMCUyMCUyMCUyMCUyMCUyMCUyMCUyMCUyMCUyMHNlcmlhbE5vJTNBJTIwJTIyMTg0Mi0yNjE3LTc1NTklMjIlMkMlMEElMjAlMjAlMjAlMjAlMjAlMjAlMjAlMjAlMjAlMjBsb2NhbGVJZCUzQSUyMDElMkMlMEElMjAlMjAlMjAlMjAlMjAlMjAlMjAlMjAlMjAlMjBmcmFtZUlkJTNBJTIwJTIyZWJGcm9udEVuZFBsdWdpbiUyMiUyQyUwQSUyMCUyMCUyMCUyMCUyMCUyMCUyMCUyMCUyMCUyMGVuY2Fwc3VsYXRlZCUzQSUyMHRydWUlMkMlMEElMjAlMjAlMjAlMjAlMjAlMjAlMjAlMjAlMjAlMjBhZHVsdE9ubHklM0ElMjBmYWxzZSUyQyUwQSUyMCUyMCUyMCUyMCUyMCUyMCUyMCUyMCUyMCUyMGhpZGVGaWx0ZXJzJTNBJTIwJTIyb24lMjIlMkMlMEElMjAlMjAlMjAlMjAlMjAlMjAlMjAlMjAlMjAlMjBjb252ZXJzaW9uUmVzZXJ2YXRpb24lM0ElMjAlMjIlMjIlMkMlMEElMjAlMjAlMjAlMjAlMjAlMjAlMjAlMjAlMjAlMjBjb252ZXJzaW9uRW5xdWlyeSUzQSUyMCUyMiUyMiUyQyUwQSUyMCUyMCUyMCUyMCUyMCUyMCUyMCUyMCUyMCUyMGZyYW1lV2lkdGglM0ElMjAlMjJhdXRvJTIyJTJDJTBBJTIwJTIwJTIwJTIwJTIwJTIwJTIwJTIwJTIwJTIwZnJhbWVIZWlnaHQlM0ElMjAlMjJhdXRvJTIyJTJDJTBBJTIwJTIwJTIwJTIwJTIwJTIwJTIwJTIwJTIwJTIwcmVzaXplSW50ZXJ2YWwlM0ElMjA1MDAlMkMlMEElMjAlMjAlMjAlMjAlMjAlMjAlMjAlMjAlMjAlMjBzb3VyY2UlM0ElMjAlMjIlMjIlMkMlMEElMjAlMjAlMjAlMjAlMjAlMjAlMjAlMjAlMjAlMjBjb2xsYXBzZWRFeHRyYXMlM0ElMjBmYWxzZSUwQSUyMCUyMCUyMCUyMCUyMCUyMCUyMCUyMCU3RCUyOSUzQiUwQSUyMCUyMCUyMCUyMCUyMCUyMCU3RCUyMGVsc2UlMjAlN0IlMEElMjAlMjAlMjAlMjAlMjAlMjAlMjAlMjBzZXRUaW1lb3V0JTI4ZWJGcm9udGVuZExvYWRlZENoZWNrJTJDJTIwMjAwJTI5JTNCJTBBJTIwJTIwJTIwJTIwJTIwJTIwJTdEJTBBJTIwJTIwJTIwJTIwJTdEJTIwZWxzZSUyMCU3QiUwQSUyMCUyMCUyMCUyMCUyMCUyMHNldFRpbWVvdXQlMjhlYkZyb250ZW5kTG9hZGVkQ2hlY2slMkMlMjAyMDAlMjklM0IlMEElMjAlMjAlMjAlMjAlN0QlMEElMjAlMjAlN0QlMEElMjAlMjBlYkZyb250ZW5kTG9hZGVkQ2hlY2slMjglMjklM0IlMEElM0MlMkZzY3JpcHQlM0UlMjA=[\/vc_raw_html][\/vc_column][\/vc_row][vc_row][vc_column][vc_column_text el_class=&#8221;dsgvo&#8221;]<span title=\"After the contact form has been submitted, the aforementioned information will be processed by the company which bears responsibility for complying with data privacy regulations, including Hacklbauer, Family Walchhofer, Eckwaldweg 13, A-5541 Altenmarkt im Pongau, info@hacklbauer.at, for\">Po odesl\u00e1n\u00ed kontaktn\u00edho formul\u00e1\u0159e bude v\u00fd\u0161e uveden\u00e9 informace zpracov\u00e1vat spole\u010dnost, kter\u00e1 nese odpov\u011bdnost za dodr\u017eov\u00e1n\u00ed p\u0159edpis\u016f o ochran\u011b osobn\u00edch \u00fadaj\u016f, v\u010detn\u011b farmy Hacklbauer, rodiny Walchhoferovy, Eckwaldweg 13, A-5541 Altenmarkt im Pongau, info@hacklbauer.at, pro <\/span><span title=\"purposes of processing your request, with your expressed consent indicated by submission of the form.\">\u00fa\u010dely zpracov\u00e1n\u00ed va\u0161\u00ed \u017e\u00e1dosti potvrzen\u00e9 va\u0161\u00edm souhlasem, kter\u00fd jste vyslovili vypln\u011bn\u00edm formul\u00e1\u0159e. Tyto informace budou d\u00e1le zpracov\u00e1v\u00e1ny pro \u00fa\u010dely p\u0159\u00edm\u00e9 inzerce, kter\u00e1 odpov\u00edd\u00e1 p\u016fvodn\u00edmu \u00fa\u010delu zpracov\u00e1n\u00ed a na stejn\u00e9m pr\u00e1vn\u00edm z\u00e1klad\u011b, dokud nebude zru\u0161ena. Neexistuje \u017e\u00e1dn\u00fd pr\u00e1vn\u00ed nebo smluvn\u00ed z\u00e1vazek, abyste n\u00e1m museli poskytnout va\u0161e osobn\u00ed \u00fadaje. Jedin\u00fdm d\u016fsledkem neposkytnut\u00ed va\u0161ich \u00fadaj\u016f bude to, \u017ee n\u00e1m nebudete moci odeslat formul\u00e1\u0159 a tud\u00ed\u017e my nebudeme schopni v\u00e1m na va\u0161i popt\u00e1vku reagovat.<\/span> Va\u0161e \u00fadaje nebudou sd\u00edleny s jin\u00fdmi p\u0159\u00edjemci. M\u00e1te pr\u00e1vo kdykoli odvolat sv\u016fj souhlas p\u00edsemn\u011b, co\u017e neovlivn\u00ed legitimitu zpracov\u00e1n\u00ed t\u011bchto informac\u00ed p\u0159ed odvol\u00e1n\u00edm va\u0161eho souhlasu. M\u00e1te pr\u00e1vo kdykoli odvolat p\u00edsemn\u00fd souhlas s pou\u017e\u00edv\u00e1n\u00edm osobn\u00edch \u00fadaj\u016f pro \u00fa\u010dely p\u0159\u00edm\u00e9 inzerce. V p\u0159\u00edpad\u011b zru\u0161en\u00ed ji\u017e nebudou zpracov\u00e1v\u00e1na va\u0161e osobn\u00ed data pro \u00fa\u010dely p\u0159\u00edm\u00e9 inzerce. M\u00e1te pr\u00e1vo na informace o oprav\u011b, vymaz\u00e1n\u00ed, omezen\u00ed zpracov\u00e1n\u00ed a p\u0159enositelnosti va\u0161ich osobndat, jako\u017e i pr\u00e1vo pod\u00e1vat st\u00ed\u017enosti u dohledov\u00fdch org\u00e1n\u016f (Rakousk\u00fd \u00fa\u0159ad pro ochranu \u00fadaj\u016f \u2013 Austrian Office of Data Protection, Wickenburggasse 8, 1080 Wien, <a href=\"mailto:dsb@dsb.gv.at\">dsb@dsb.gv.at<\/a>).[\/vc_column_text][\/vc_column][\/vc_row]<\/p>\n<\/div>","protected":false},"excerpt":{"rendered":"<p>[vc_row][vc_column][vc_column_text] Rezervace online [\/vc_column_text][\/vc_column][\/vc_row][vc_row][vc_column][vc_raw_html]JTNDZGl2JTIwaWQlM0QlMjJlYkZyb250RW5kRnJhbWUlMjIlM0UlM0MlMkZkaXYlM0UlMEElM0NzY3JpcHQlMjBzcmMlM0QlMjIlMkYlMkZ3d3cuZWFzeS1ib29raW5nLmF0JTJGYm9va2luZ2VuZ2luZTIlMkZqcyUyRmpxdWVyeS5lYXN5Ym9va2luZy5mcm9udGVuZC5qcyUyMiUzRSUzQyUyRnNjcmlwdCUzRSUwQSUzQ3NjcmlwdCUzRSUwQSUyMCUyMGZ1bmN0aW9uJTIwZWJGcm9udGVuZExvYWRlZENoZWNrJTI4JTI5JTIwJTdCJTBBJTIwJTIwJTIwJTIwaWYlMjAlMjh0eXBlb2YlMjBqUXVlcnklMjAlMjElM0QlMjAlMjJ1bmRlZmluZWQlMjIlMjklMjAlN0IlMEElMjAlMjAlMjAlMjAlMjAlMjBpZiUyMCUyOGpRdWVyeS5mbi5lYkZyb250RW5kJTI5JTIwJTdCJTBBJTIwJTIwJTIwJTIwJTIwJTIwJTIwJTIwalF1ZXJ5JTI4JTIyJTIzZWJGcm9udEVuZEZyYW1lJTIyJTI5LmViRnJvbnRFbmQlMjglN0IlMEElMjAlMjAlMjAlMjAlMjAlMjAlMjAlMjAlMjAlMjBjdXN0b21lcklkJTNBJTIwMTkzMyUyQyUwQSUyMCUyMCUyMCUyMCUyMCUyMCUyMCUyMCUyMCUyMHNlcmlhbE5vJTNBJTIwJTIyMTg0Mi0yNjE3LTc1NTklMjIlMkMlMEElMjAlMjAlMjAlMjAlMjAlMjAlMjAlMjAlMjAlMjBsb2NhbGVJZCUzQSUyMDElMkMlMEElMjAlMjAlMjAlMjAlMjAlMjAlMjAlMjAlMjAlMjBmcmFtZUlkJTNBJTIwJTIyZWJGcm9udEVuZFBsdWdpbiUyMiUyQyUwQSUyMCUyMCUyMCUyMCUyMCUyMCUyMCUyMCUyMCUyMGVuY2Fwc3VsYXRlZCUzQSUyMHRydWUlMkMlMEElMjAlMjAlMjAlMjAlMjAlMjAlMjAlMjAlMjAlMjBhZHVsdE9ubHklM0ElMjBmYWxzZSUyQyUwQSUyMCUyMCUyMCUyMCUyMCUyMCUyMCUyMCUyMCUyMGhpZGVGaWx0ZXJzJTNBJTIwJTIyb24lMjIlMkMlMEElMjAlMjAlMjAlMjAlMjAlMjAlMjAlMjAlMjAlMjBjb252ZXJzaW9uUmVzZXJ2YXRpb24lM0ElMjAlMjIlMjIlMkMlMEElMjAlMjAlMjAlMjAlMjAlMjAlMjAlMjAlMjAlMjBjb252ZXJzaW9uRW5xdWlyeSUzQSUyMCUyMiUyMiUyQyUwQSUyMCUyMCUyMCUyMCUyMCUyMCUyMCUyMCUyMCUyMGZyYW1lV2lkdGglM0ElMjAlMjJhdXRvJTIyJTJDJTBBJTIwJTIwJTIwJTIwJTIwJTIwJTIwJTIwJTIwJTIwZnJhbWVIZWlnaHQlM0ElMjAlMjJhdXRvJTIyJTJDJTBBJTIwJTIwJTIwJTIwJTIwJTIwJTIwJTIwJTIwJTIwcmVzaXplSW50ZXJ2YWwlM0ElMjA1MDAlMkMlMEElMjAlMjAlMjAlMjAlMjAlMjAlMjAlMjAlMjAlMjBzb3VyY2UlM0ElMjAlMjIlMjIlMkMlMEElMjAlMjAlMjAlMjAlMjAlMjAlMjAlMjAlMjAlMjBjb2xsYXBzZWRFeHRyYXMlM0ElMjBmYWxzZSUwQSUyMCUyMCUyMCUyMCUyMCUyMCUyMCUyMCU3RCUyOSUzQiUwQSUyMCUyMCUyMCUyMCUyMCUyMCU3RCUyMGVsc2UlMjAlN0IlMEElMjAlMjAlMjAlMjAlMjAlMjAlMjAlMjBzZXRUaW1lb3V0JTI4ZWJGcm9udGVuZExvYWRlZENoZWNrJTJDJTIwMjAwJTI5JTNCJTBBJTIwJTIwJTIwJTIwJTIwJTIwJTdEJTBBJTIwJTIwJTIwJTIwJTdEJTIwZWxzZSUyMCU3QiUwQSUyMCUyMCUyMCUyMCUyMCUyMHNldFRpbWVvdXQlMjhlYkZyb250ZW5kTG9hZGVkQ2hlY2slMkMlMjAyMDAlMjklM0IlMEElMjAlMjAlMjAlMjAlN0QlMEElMjAlMjAlN0QlMEElMjAlMjBlYkZyb250ZW5kTG9hZGVkQ2hlY2slMjglMjklM0IlMEElM0MlMkZzY3JpcHQlM0UlMjA=[\/vc_raw_html][\/vc_column][\/vc_row][vc_row][vc_column][vc_column_text el_class=&#8221;dsgvo&#8221;]Po odesl\u00e1n\u00ed kontaktn\u00edho formul\u00e1\u0159e bude v\u00fd\u0161e uveden\u00e9 informace zpracov\u00e1vat spole\u010dnost, kter\u00e1 nese odpov\u011bdnost za dodr\u017eov\u00e1n\u00ed p\u0159edpis\u016f o ochran\u011b osobn\u00edch \u00fadaj\u016f, v\u010detn\u011b farmy Hacklbauer, rodiny Walchhoferovy, Eckwaldweg 13, A-5541 Altenmarkt im Pongau, info@hacklbauer.at, pro \u00fa\u010dely zpracov\u00e1n\u00ed va\u0161\u00ed \u017e\u00e1dosti potvrzen\u00e9 va\u0161\u00edm souhlasem, kter\u00fd jste vyslovili vypln\u011bn\u00edm formul\u00e1\u0159e. Tyto informace budou d\u00e1le zpracov\u00e1v\u00e1ny pro &hellip;<\/p>\n\n<p><a class=\"readmore btn btn-default btn-default btn-block\" href=\"https:\/\/www.hacklbauer.at\/cs\/rezervace-online\/\">Read More<\/a><\/p>","protected":false},"author":1,"featured_media":1347,"parent":0,"menu_order":0,"comment_status":"closed","ping_status":"closed","template":"","meta":{"footnotes":""},"class_list":["post-1346","page","type-page","status-publish","has-post-thumbnail","hentry"],"yoast_head":"<!-- This site is optimized with the Yoast SEO plugin v27.5 - https:\/\/yoast.com\/product\/yoast-seo-wordpress\/ -->\n<title>Rezervujte si dovolenou na farm\u011b, na statku v Altenmarktu v Pongau online<\/title>\n<meta name=\"description\" content=\"Rezervujte si dovolenou na farm\u011b Hacklbauer v Altenmarktu-Zauchensee v zemi Salzburg rychle a jednodu\u0161e na na\u0161em webu.\" \/>\n<meta name=\"robots\" content=\"index, follow, max-snippet:-1, max-image-preview:large, max-video-preview:-1\" \/>\n<link rel=\"canonical\" href=\"https:\/\/www.hacklbauer.at\/cs\/rezervace-online\/\" \/>\n<meta property=\"og:locale\" content=\"cs_CZ\" \/>\n<meta property=\"og:type\" content=\"article\" \/>\n<meta property=\"og:title\" content=\"Rezervujte si dovolenou na farm\u011b, na statku v Altenmarktu v Pongau online\" \/>\n<meta property=\"og:description\" content=\"Rezervujte si dovolenou na farm\u011b Hacklbauer v Altenmarktu-Zauchensee v zemi Salzburg rychle a jednodu\u0161e na na\u0161em webu.\" \/>\n<meta property=\"og:url\" content=\"https:\/\/www.hacklbauer.at\/cs\/rezervace-online\/\" \/>\n<meta property=\"og:site_name\" content=\"Bauernhof Hacklbauer\" \/>\n<meta property=\"article:modified_time\" content=\"2022-09-21T06:16:31+00:00\" \/>\n<meta property=\"og:image\" content=\"https:\/\/www.hacklbauer.at\/wp-content\/uploads\/beitragsbild-onlinebuchen-altenmarkt-zauchensee-salzburg-1.jpg\" \/>\n\t<meta property=\"og:image:width\" content=\"1920\" \/>\n\t<meta property=\"og:image:height\" content=\"800\" \/>\n\t<meta property=\"og:image:type\" content=\"image\/jpeg\" \/>\n<meta name=\"twitter:card\" content=\"summary_large_image\" \/>\n<meta name=\"twitter:label1\" content=\"Odhadovan\u00e1 doba \u010dten\u00ed\" \/>\n\t<meta name=\"twitter:data1\" content=\"2 minuty\" \/>\n<script type=\"application\/ld+json\" class=\"yoast-schema-graph\">{\"@context\":\"https:\\\/\\\/schema.org\",\"@graph\":[{\"@type\":\"WebPage\",\"@id\":\"https:\\\/\\\/www.hacklbauer.at\\\/cs\\\/rezervace-online\\\/\",\"url\":\"https:\\\/\\\/www.hacklbauer.at\\\/cs\\\/rezervace-online\\\/\",\"name\":\"Rezervujte si dovolenou na farm\u011b, na statku v Altenmarktu v Pongau online\",\"isPartOf\":{\"@id\":\"https:\\\/\\\/www.hacklbauer.at\\\/cs\\\/#website\"},\"primaryImageOfPage\":{\"@id\":\"https:\\\/\\\/www.hacklbauer.at\\\/cs\\\/rezervace-online\\\/#primaryimage\"},\"image\":{\"@id\":\"https:\\\/\\\/www.hacklbauer.at\\\/cs\\\/rezervace-online\\\/#primaryimage\"},\"thumbnailUrl\":\"https:\\\/\\\/www.hacklbauer.at\\\/wp-content\\\/uploads\\\/beitragsbild-onlinebuchen-altenmarkt-zauchensee-salzburg-1.jpg\",\"datePublished\":\"2017-09-25T12:19:03+00:00\",\"dateModified\":\"2022-09-21T06:16:31+00:00\",\"description\":\"Rezervujte si dovolenou na farm\u011b Hacklbauer v Altenmarktu-Zauchensee v zemi Salzburg rychle a jednodu\u0161e na na\u0161em webu.\",\"breadcrumb\":{\"@id\":\"https:\\\/\\\/www.hacklbauer.at\\\/cs\\\/rezervace-online\\\/#breadcrumb\"},\"inLanguage\":\"cs\",\"potentialAction\":[{\"@type\":\"ReadAction\",\"target\":[\"https:\\\/\\\/www.hacklbauer.at\\\/cs\\\/rezervace-online\\\/\"]}]},{\"@type\":\"ImageObject\",\"inLanguage\":\"cs\",\"@id\":\"https:\\\/\\\/www.hacklbauer.at\\\/cs\\\/rezervace-online\\\/#primaryimage\",\"url\":\"https:\\\/\\\/www.hacklbauer.at\\\/wp-content\\\/uploads\\\/beitragsbild-onlinebuchen-altenmarkt-zauchensee-salzburg-1.jpg\",\"contentUrl\":\"https:\\\/\\\/www.hacklbauer.at\\\/wp-content\\\/uploads\\\/beitragsbild-onlinebuchen-altenmarkt-zauchensee-salzburg-1.jpg\",\"width\":1920,\"height\":800},{\"@type\":\"BreadcrumbList\",\"@id\":\"https:\\\/\\\/www.hacklbauer.at\\\/cs\\\/rezervace-online\\\/#breadcrumb\",\"itemListElement\":[{\"@type\":\"ListItem\",\"position\":1,\"name\":\"Dom\u016f\",\"item\":\"https:\\\/\\\/www.hacklbauer.at\\\/cs\\\/\"},{\"@type\":\"ListItem\",\"position\":2,\"name\":\"Rezervace online\"}]},{\"@type\":\"WebSite\",\"@id\":\"https:\\\/\\\/www.hacklbauer.at\\\/cs\\\/#website\",\"url\":\"https:\\\/\\\/www.hacklbauer.at\\\/cs\\\/\",\"name\":\"Bauernhof Hacklbauer\",\"description\":\"Ferienwohnungen in Altenmarkt\",\"potentialAction\":[{\"@type\":\"SearchAction\",\"target\":{\"@type\":\"EntryPoint\",\"urlTemplate\":\"https:\\\/\\\/www.hacklbauer.at\\\/cs\\\/?s={search_term_string}\"},\"query-input\":{\"@type\":\"PropertyValueSpecification\",\"valueRequired\":true,\"valueName\":\"search_term_string\"}}],\"inLanguage\":\"cs\"}]}<\/script>\n<!-- \/ Yoast SEO plugin. -->","yoast_head_json":{"title":"Rezervujte si dovolenou na farm\u011b, na statku v Altenmarktu v Pongau online","description":"Rezervujte si dovolenou na farm\u011b Hacklbauer v Altenmarktu-Zauchensee v zemi Salzburg rychle a jednodu\u0161e na na\u0161em webu.","robots":{"index":"index","follow":"follow","max-snippet":"max-snippet:-1","max-image-preview":"max-image-preview:large","max-video-preview":"max-video-preview:-1"},"canonical":"https:\/\/www.hacklbauer.at\/cs\/rezervace-online\/","og_locale":"cs_CZ","og_type":"article","og_title":"Rezervujte si dovolenou na farm\u011b, na statku v Altenmarktu v Pongau online","og_description":"Rezervujte si dovolenou na farm\u011b Hacklbauer v Altenmarktu-Zauchensee v zemi Salzburg rychle a jednodu\u0161e na na\u0161em webu.","og_url":"https:\/\/www.hacklbauer.at\/cs\/rezervace-online\/","og_site_name":"Bauernhof Hacklbauer","article_modified_time":"2022-09-21T06:16:31+00:00","og_image":[{"width":1920,"height":800,"url":"https:\/\/www.hacklbauer.at\/wp-content\/uploads\/beitragsbild-onlinebuchen-altenmarkt-zauchensee-salzburg-1.jpg","type":"image\/jpeg"}],"twitter_card":"summary_large_image","twitter_misc":{"Odhadovan\u00e1 doba \u010dten\u00ed":"2 minuty"},"schema":{"@context":"https:\/\/schema.org","@graph":[{"@type":"WebPage","@id":"https:\/\/www.hacklbauer.at\/cs\/rezervace-online\/","url":"https:\/\/www.hacklbauer.at\/cs\/rezervace-online\/","name":"Rezervujte si dovolenou na farm\u011b, na statku v Altenmarktu v Pongau online","isPartOf":{"@id":"https:\/\/www.hacklbauer.at\/cs\/#website"},"primaryImageOfPage":{"@id":"https:\/\/www.hacklbauer.at\/cs\/rezervace-online\/#primaryimage"},"image":{"@id":"https:\/\/www.hacklbauer.at\/cs\/rezervace-online\/#primaryimage"},"thumbnailUrl":"https:\/\/www.hacklbauer.at\/wp-content\/uploads\/beitragsbild-onlinebuchen-altenmarkt-zauchensee-salzburg-1.jpg","datePublished":"2017-09-25T12:19:03+00:00","dateModified":"2022-09-21T06:16:31+00:00","description":"Rezervujte si dovolenou na farm\u011b Hacklbauer v Altenmarktu-Zauchensee v zemi Salzburg rychle a jednodu\u0161e na na\u0161em webu.","breadcrumb":{"@id":"https:\/\/www.hacklbauer.at\/cs\/rezervace-online\/#breadcrumb"},"inLanguage":"cs","potentialAction":[{"@type":"ReadAction","target":["https:\/\/www.hacklbauer.at\/cs\/rezervace-online\/"]}]},{"@type":"ImageObject","inLanguage":"cs","@id":"https:\/\/www.hacklbauer.at\/cs\/rezervace-online\/#primaryimage","url":"https:\/\/www.hacklbauer.at\/wp-content\/uploads\/beitragsbild-onlinebuchen-altenmarkt-zauchensee-salzburg-1.jpg","contentUrl":"https:\/\/www.hacklbauer.at\/wp-content\/uploads\/beitragsbild-onlinebuchen-altenmarkt-zauchensee-salzburg-1.jpg","width":1920,"height":800},{"@type":"BreadcrumbList","@id":"https:\/\/www.hacklbauer.at\/cs\/rezervace-online\/#breadcrumb","itemListElement":[{"@type":"ListItem","position":1,"name":"Dom\u016f","item":"https:\/\/www.hacklbauer.at\/cs\/"},{"@type":"ListItem","position":2,"name":"Rezervace online"}]},{"@type":"WebSite","@id":"https:\/\/www.hacklbauer.at\/cs\/#website","url":"https:\/\/www.hacklbauer.at\/cs\/","name":"Bauernhof Hacklbauer","description":"Ferienwohnungen in Altenmarkt","potentialAction":[{"@type":"SearchAction","target":{"@type":"EntryPoint","urlTemplate":"https:\/\/www.hacklbauer.at\/cs\/?s={search_term_string}"},"query-input":{"@type":"PropertyValueSpecification","valueRequired":true,"valueName":"search_term_string"}}],"inLanguage":"cs"}]}},"_links":{"self":[{"href":"https:\/\/www.hacklbauer.at\/cs\/wp-json\/wp\/v2\/pages\/1346","targetHints":{"allow":["GET"]}}],"collection":[{"href":"https:\/\/www.hacklbauer.at\/cs\/wp-json\/wp\/v2\/pages"}],"about":[{"href":"https:\/\/www.hacklbauer.at\/cs\/wp-json\/wp\/v2\/types\/page"}],"author":[{"embeddable":true,"href":"https:\/\/www.hacklbauer.at\/cs\/wp-json\/wp\/v2\/users\/1"}],"replies":[{"embeddable":true,"href":"https:\/\/www.hacklbauer.at\/cs\/wp-json\/wp\/v2\/comments?post=1346"}],"version-history":[{"count":0,"href":"https:\/\/www.hacklbauer.at\/cs\/wp-json\/wp\/v2\/pages\/1346\/revisions"}],"wp:featuredmedia":[{"embeddable":true,"href":"https:\/\/www.hacklbauer.at\/cs\/wp-json\/wp\/v2\/media\/1347"}],"wp:attachment":[{"href":"https:\/\/www.hacklbauer.at\/cs\/wp-json\/wp\/v2\/media?parent=1346"}],"curies":[{"name":"wp","href":"https:\/\/api.w.org\/{rel}","templated":true}]}}