{"id":1349,"date":"2017-09-25T14:19:03","date_gmt":"2017-09-25T12:19:03","guid":{"rendered":"https:\/\/www.hacklbauer.at\/contents\/"},"modified":"2018-08-28T16:44:45","modified_gmt":"2018-08-28T14:44:45","slug":"obsah","status":"publish","type":"page","link":"https:\/\/www.hacklbauer.at\/cs\/obsah\/","title":{"rendered":"Obsah"},"content":{"rendered":"<div class=\"wpb-content-wrapper\"><p>[vc_row][vc_column][vc_column_text]<\/p>\n<h1>Obsah<\/h1>\n<p>[\/vc_column_text][vc_column_text]<ul><li><a href=\"https:\/\/www.hacklbauer.at\/cs\/apartman-ski-amade\/\">Apartm\u00e1n &#8220;Apfel&#8221;<\/a><\/li>\n<li><a href=\"https:\/\/www.hacklbauer.at\/cs\/apartman-erle\/\">Apartm\u00e1n &#8220;Erle&#8221;<\/a><\/li>\n<li><a href=\"https:\/\/www.hacklbauer.at\/cs\/apartman-salzburg\/\">Apartm\u00e1n &#8220;Linde&#8221;<\/a><\/li>\n<li><a href=\"https:\/\/www.hacklbauer.at\/cs\/celodenni-vylety-salzburg\/\">Celodenn\u00ed v\u00fdlety<\/a><\/li>\n<li><a href=\"https:\/\/www.hacklbauer.at\/cs\/darek-poukaz\/\">D\u00e1rkov\u00fd poukaz<\/a><\/li>\n<li><a href=\"https:\/\/www.hacklbauer.at\/cs\/farma\/\">Farma<\/a><\/li>\n<li><a href=\"https:\/\/www.hacklbauer.at\/cs\/galerie\/\">Galerie<\/a><\/li>\n<li><a href=\"https:\/\/www.hacklbauer.at\/cs\/\">Home<\/a><\/li>\n<li><a href=\"https:\/\/www.hacklbauer.at\/cs\/rezervace-informace\/\">Informace o rezervaci<\/a><\/li>\n<li><a href=\"https:\/\/www.hacklbauer.at\/cs\/jaro-leto-podzim-altenmarkt\/\">Jaro \u00b7 l\u00e9to \u00b7 podzim<\/a><\/li>\n<li><a href=\"https:\/\/www.hacklbauer.at\/cs\/kontakt-doprava-altenmarkt\/\">Kontakt &#038; p\u0159\u00edjezd<\/a><\/li>\n<li><a href=\"https:\/\/www.hacklbauer.at\/cs\/obsah\/\">Obsah<\/a><\/li>\n<li><a href=\"https:\/\/www.hacklbauer.at\/cs\/obsazenost\/\">Obsazenost<\/a><\/li>\n<li><a href=\"https:\/\/www.hacklbauer.at\/cs\/podminky\/\">Podm\u00ednky<\/a><\/li>\n<li><a href=\"https:\/\/www.hacklbauer.at\/cs\/dovolena-poptavka\/\">Popt\u00e1vkov\u00fd formul\u00e1\u0159<\/a><\/li>\n<li><a href=\"https:\/\/www.hacklbauer.at\/cs\/program-dest-den\/\">Program pro de\u0161tiv\u00fd den<\/a><\/li>\n<li><a href=\"https:\/\/www.hacklbauer.at\/cs\/rezervace-online\/\">Rezervace online<\/a><\/li>\n<li><a href=\"https:\/\/www.hacklbauer.at\/cs\/rodina-tradice\/\">Rodina &#038; tradice<\/a><\/li>\n<li><a href=\"https:\/\/www.hacklbauer.at\/cs\/termalni-lazne-altenmarkt\/\">Term\u00e1ln\u00ed l\u00e1zn\u011b Amad\u00e9<\/a><\/li>\n<li><a href=\"https:\/\/www.hacklbauer.at\/cs\/webcam-altenmarkt\/\">Webcam<\/a><\/li>\n<li><a href=\"https:\/\/www.hacklbauer.at\/cs\/rodina-farma-dovolena-altenmarkt\/\">Z\u00e1bava &#038; hry<\/a><\/li>\n<li><a href=\"https:\/\/www.hacklbauer.at\/cs\/zima-lyze-dovolena-ski-amade\/\">Zima ve Ski amad\u00e9<\/a><\/li>\n<li><a href=\"https:\/\/www.hacklbauer.at\/cs\/zvirata-bylinky-zahrada\/\">Zv\u00ed\u0159ata &#038; bylinkov\u00e1 zahr\u00e1dka<\/a><\/li>\n<\/ul>[\/vc_column_text][\/vc_column][\/vc_row]<\/p>\n<\/div>","protected":false},"excerpt":{"rendered":"<p>[vc_row][vc_column][vc_column_text] Obsah [\/vc_column_text][vc_column_text][\/vc_column_text][\/vc_column][\/vc_row]<\/p>\n\n<p><a class=\"readmore btn btn-default btn-default btn-block\" href=\"https:\/\/www.hacklbauer.at\/cs\/obsah\/\">Read More<\/a><\/p>","protected":false},"author":1,"featured_media":0,"parent":0,"menu_order":0,"comment_status":"closed","ping_status":"closed","template":"","meta":{"footnotes":""},"class_list":["post-1349","page","type-page","status-publish","hentry"],"yoast_head":"<!-- This site is optimized with the Yoast SEO plugin v27.5 - https:\/\/yoast.com\/product\/yoast-seo-wordpress\/ -->\n<title>Obsah - Bauernhof Hacklbauer<\/title>\n<meta name=\"robots\" content=\"index, follow, max-snippet:-1, max-image-preview:large, max-video-preview:-1\" \/>\n<link rel=\"canonical\" href=\"https:\/\/www.hacklbauer.at\/cs\/obsah\/\" \/>\n<meta property=\"og:locale\" content=\"cs_CZ\" \/>\n<meta property=\"og:type\" content=\"article\" \/>\n<meta property=\"og:title\" content=\"Obsah - Bauernhof Hacklbauer\" \/>\n<meta property=\"og:description\" content=\"[vc_row][vc_column][vc_column_text] Obsah [\/vc_column_text][vc_column_text][\/vc_column_text][\/vc_column][\/vc_row]\" \/>\n<meta property=\"og:url\" content=\"https:\/\/www.hacklbauer.at\/cs\/obsah\/\" \/>\n<meta property=\"og:site_name\" content=\"Bauernhof Hacklbauer\" \/>\n<meta property=\"article:modified_time\" content=\"2018-08-28T14:44:45+00:00\" \/>\n<meta name=\"twitter:card\" content=\"summary_large_image\" \/>\n<script type=\"application\/ld+json\" class=\"yoast-schema-graph\">{\"@context\":\"https:\\\/\\\/schema.org\",\"@graph\":[{\"@type\":\"WebPage\",\"@id\":\"https:\\\/\\\/www.hacklbauer.at\\\/cs\\\/obsah\\\/\",\"url\":\"https:\\\/\\\/www.hacklbauer.at\\\/cs\\\/obsah\\\/\",\"name\":\"Obsah - Bauernhof Hacklbauer\",\"isPartOf\":{\"@id\":\"https:\\\/\\\/www.hacklbauer.at\\\/cs\\\/#website\"},\"datePublished\":\"2017-09-25T12:19:03+00:00\",\"dateModified\":\"2018-08-28T14:44:45+00:00\",\"breadcrumb\":{\"@id\":\"https:\\\/\\\/www.hacklbauer.at\\\/cs\\\/obsah\\\/#breadcrumb\"},\"inLanguage\":\"cs\",\"potentialAction\":[{\"@type\":\"ReadAction\",\"target\":[\"https:\\\/\\\/www.hacklbauer.at\\\/cs\\\/obsah\\\/\"]}]},{\"@type\":\"BreadcrumbList\",\"@id\":\"https:\\\/\\\/www.hacklbauer.at\\\/cs\\\/obsah\\\/#breadcrumb\",\"itemListElement\":[{\"@type\":\"ListItem\",\"position\":1,\"name\":\"Dom\u016f\",\"item\":\"https:\\\/\\\/www.hacklbauer.at\\\/cs\\\/\"},{\"@type\":\"ListItem\",\"position\":2,\"name\":\"Obsah\"}]},{\"@type\":\"WebSite\",\"@id\":\"https:\\\/\\\/www.hacklbauer.at\\\/cs\\\/#website\",\"url\":\"https:\\\/\\\/www.hacklbauer.at\\\/cs\\\/\",\"name\":\"Bauernhof Hacklbauer\",\"description\":\"Ferienwohnungen in Altenmarkt\",\"potentialAction\":[{\"@type\":\"SearchAction\",\"target\":{\"@type\":\"EntryPoint\",\"urlTemplate\":\"https:\\\/\\\/www.hacklbauer.at\\\/cs\\\/?s={search_term_string}\"},\"query-input\":{\"@type\":\"PropertyValueSpecification\",\"valueRequired\":true,\"valueName\":\"search_term_string\"}}],\"inLanguage\":\"cs\"}]}<\/script>\n<!-- \/ Yoast SEO plugin. -->","yoast_head_json":{"title":"Obsah - Bauernhof Hacklbauer","robots":{"index":"index","follow":"follow","max-snippet":"max-snippet:-1","max-image-preview":"max-image-preview:large","max-video-preview":"max-video-preview:-1"},"canonical":"https:\/\/www.hacklbauer.at\/cs\/obsah\/","og_locale":"cs_CZ","og_type":"article","og_title":"Obsah - Bauernhof Hacklbauer","og_description":"[vc_row][vc_column][vc_column_text] Obsah [\/vc_column_text][vc_column_text][\/vc_column_text][\/vc_column][\/vc_row]","og_url":"https:\/\/www.hacklbauer.at\/cs\/obsah\/","og_site_name":"Bauernhof Hacklbauer","article_modified_time":"2018-08-28T14:44:45+00:00","twitter_card":"summary_large_image","schema":{"@context":"https:\/\/schema.org","@graph":[{"@type":"WebPage","@id":"https:\/\/www.hacklbauer.at\/cs\/obsah\/","url":"https:\/\/www.hacklbauer.at\/cs\/obsah\/","name":"Obsah - Bauernhof Hacklbauer","isPartOf":{"@id":"https:\/\/www.hacklbauer.at\/cs\/#website"},"datePublished":"2017-09-25T12:19:03+00:00","dateModified":"2018-08-28T14:44:45+00:00","breadcrumb":{"@id":"https:\/\/www.hacklbauer.at\/cs\/obsah\/#breadcrumb"},"inLanguage":"cs","potentialAction":[{"@type":"ReadAction","target":["https:\/\/www.hacklbauer.at\/cs\/obsah\/"]}]},{"@type":"BreadcrumbList","@id":"https:\/\/www.hacklbauer.at\/cs\/obsah\/#breadcrumb","itemListElement":[{"@type":"ListItem","position":1,"name":"Dom\u016f","item":"https:\/\/www.hacklbauer.at\/cs\/"},{"@type":"ListItem","position":2,"name":"Obsah"}]},{"@type":"WebSite","@id":"https:\/\/www.hacklbauer.at\/cs\/#website","url":"https:\/\/www.hacklbauer.at\/cs\/","name":"Bauernhof Hacklbauer","description":"Ferienwohnungen in Altenmarkt","potentialAction":[{"@type":"SearchAction","target":{"@type":"EntryPoint","urlTemplate":"https:\/\/www.hacklbauer.at\/cs\/?s={search_term_string}"},"query-input":{"@type":"PropertyValueSpecification","valueRequired":true,"valueName":"search_term_string"}}],"inLanguage":"cs"}]}},"_links":{"self":[{"href":"https:\/\/www.hacklbauer.at\/cs\/wp-json\/wp\/v2\/pages\/1349","targetHints":{"allow":["GET"]}}],"collection":[{"href":"https:\/\/www.hacklbauer.at\/cs\/wp-json\/wp\/v2\/pages"}],"about":[{"href":"https:\/\/www.hacklbauer.at\/cs\/wp-json\/wp\/v2\/types\/page"}],"author":[{"embeddable":true,"href":"https:\/\/www.hacklbauer.at\/cs\/wp-json\/wp\/v2\/users\/1"}],"replies":[{"embeddable":true,"href":"https:\/\/www.hacklbauer.at\/cs\/wp-json\/wp\/v2\/comments?post=1349"}],"version-history":[{"count":0,"href":"https:\/\/www.hacklbauer.at\/cs\/wp-json\/wp\/v2\/pages\/1349\/revisions"}],"wp:attachment":[{"href":"https:\/\/www.hacklbauer.at\/cs\/wp-json\/wp\/v2\/media?parent=1349"}],"curies":[{"name":"wp","href":"https:\/\/api.w.org\/{rel}","templated":true}]}}