{"id":1350,"date":"2017-09-25T14:19:03","date_gmt":"2017-09-25T12:19:03","guid":{"rendered":"https:\/\/www.hacklbauer.at\/winter-ski-holiday-ski-amade\/"},"modified":"2018-08-28T16:45:24","modified_gmt":"2018-08-28T14:45:24","slug":"zima-lyze-dovolena-ski-amade","status":"publish","type":"page","link":"https:\/\/www.hacklbauer.at\/cs\/zima-lyze-dovolena-ski-amade\/","title":{"rendered":"Zima ve Ski amad\u00e9"},"content":{"rendered":"<div class=\"wpb-content-wrapper\"><p>[vc_row][vc_column][vc_column_text]<\/p>\n<h1>Ly\u017ea\u0159sk\u00e1 &amp; zimn\u00ed dovolen\u00e1<br \/>\nv Altenmarktu a Zauchensee<\/h1>\n<h2>ly\u017ee, snowboard atd. ve spolkov\u00e9 zemi Salzburg<\/h2>\n<p>[\/vc_column_text][\/vc_column][\/vc_row][vc_row][vc_column][vc_column_text]Na\u0161e <a href=\"https:\/\/www.hacklbauer.at\/cs\/\">farma<\/a> v Altenmarktu (Salzburg) le\u017e\u00ed <strong>p\u0159\u00edmo vedle  d\u00e1lkov\u00e9 b\u011b\u017eeck\u00e9 stopy <\/strong>(Tauern trail). Va\u0161e d\u011bti tu zase mohou dov\u00e1d\u011bt ve sn\u011bhu, stav\u011bt sn\u011bhul\u00e1ky a jezdit kolem farmy na s\u00e1\u0148k\u00e1ch.[\/vc_column_text][\/vc_column][\/vc_row][vc_row full_width=&#8221;stretch_row&#8221; equal_height=&#8221;yes&#8221; bg_type=&#8221;bg_color&#8221; bg_color_value=&#8221;#ffffff&#8221; el_class=&#8221;hintergrund&#8221;][vc_column][vc_column_text css=&#8221;.vc_custom_1525037306344{margin-bottom: 30px !important;}&#8221;]<\/p>\n<h5 style=\"text-align: center;\"><img decoding=\"async\" class=\"alignnone size-full wp-image-22\" src=\"https:\/\/www.hacklbauer.at\/wp-content\/uploads\/deko-gruen-l.png\" alt=\"Deko gr\u00fcn\" width=\"34\" height=\"41\" \/>Ly\u017eov\u00e1n\u00ed &amp; snowboardov\u00e1n\u00ed ve Ski amad\u00e9<img decoding=\"async\" class=\"alignnone size-full wp-image-23\" src=\"https:\/\/www.hacklbauer.at\/wp-content\/uploads\/deko-gruen-r.png\" alt=\"Deko Gr\u00fcn\" width=\"34\" height=\"41\" \/><\/h5>\n<p>[\/vc_column_text][\/vc_column][\/vc_row][vc_row full_width=&#8221;stretch_row&#8221; equal_height=&#8221;yes&#8221; bg_type=&#8221;bg_color&#8221; bg_color_value=&#8221;#ffffff&#8221; el_class=&#8221;hintergrund&#8221;][vc_column width=&#8221;1\/2&#8243;][vc_gallery interval=&#8221;3&#8243; images=&#8221;216,217,218&#8243; img_size=&#8221;medium&#8221; css=&#8221;.vc_custom_1516883990563{margin-bottom: -10px !important;}&#8221;][vc_tta_accordion active_section=&#8221;false&#8221; collapsible_all=&#8221;true&#8221; css=&#8221;.vc_custom_1516884589149{margin-bottom: 30px !important;}&#8221;][vc_tta_section title=&#8221;Velikono\u010dn\u00ed rodinn\u00fd speci\u00e1l ve Ski amad\u00e9&#8221; tab_id=&#8221;1516883886503-0a777419-1dc5&#8243;][vc_column_text css=&#8221;.vc_custom_1525037563144{margin-bottom: 20px !important;}&#8221;]Na Velikonoce p\u0159ipravilo Ski amad\u00e9 pro rodiny s d\u011btmi <strong>speci\u00e1ln\u00ed nab\u00eddku<\/strong>: kdy\u017e alespo\u0148 jeden rodi\u010d koup\u00ed 6denn\u00ed skipas, d\u011bti mlad\u0161\u00ed 15ti let obdr\u017e\u00ed <strong>skipas zdarma<\/strong>.[\/vc_column_text][vc_column_text]<\/p>\n<p style=\"text-align: right;\"><span class=\"button\"><a href=\"https:\/\/www.skiamade.com\/en\/winter\/accommodation\/special-weeks\/family-offers\" target=\"_blank\" rel=\"noopener\">v\u00edce informac\u00ed<\/a><\/span><\/p>\n<p>[\/vc_column_text][\/vc_tta_section][\/vc_tta_accordion][\/vc_column][vc_column width=&#8221;1\/2&#8243;][vc_column_text css=&#8221;.vc_custom_1525709577120{margin-top: -10px !important;margin-bottom: 30px !important;}&#8221;]Rodinn\u00fd ly\u017ea\u0159sk\u00fd are\u00e1l Altenmarkt-Radstadt a n\u00e1ro\u010dn\u00e9 sjezdovky v Zauchensee jsou jako stvo\u0159en\u00e9 pro  par\u00e1dn\u00ed ly\u017eov\u00e1n\u00ed. Doprav\u00ed v\u00e1s sem bezplatn\u00fd skibus, stejn\u011b tak jako do dal\u0161\u00edch st\u0159edisek velk\u00e9ho zasn\u011b\u017een\u00e9ho sv\u011bta Ski amad\u00e9, nejv\u011bt\u0161\u00edho sdru\u017een\u00ed ly\u017ea\u0159sk\u00fdch oblast\u00ed v Rakousku. Najdete zde tak\u00e9 trasy pro alpsk\u00e9 a sportovn\u00ed nad\u0161ence, kte\u0159\u00ed si cht\u011bj\u00ed u\u017e\u00edt p\u0159\u00edrodu mimo sjezdovky.[\/vc_column_text][\/vc_column][\/vc_row][vc_row full_width=&#8221;stretch_row&#8221; equal_height=&#8221;yes&#8221; bg_type=&#8221;bg_color&#8221; bg_color_value=&#8221;#ffffff&#8221; el_class=&#8221;hintergrund&#8221;][vc_column][vc_row_inner][vc_column_inner][vc_column_text]<strong>Ski busy zdarma<\/strong><\/p>\n<p>Ski busy jezd\u00ed pravideln\u011b na tras\u00e1ch Radstadt-Altenmarkt-Zauchensee a Radstadt-Altenmarkt-Flachau-Flachauwinkl. Pokud m\u00e1te platn\u00fd skipas, m\u016f\u017eete jezdit ve skibusech zadarmo.[\/vc_column_text][\/vc_column_inner][\/vc_row_inner][vc_row_inner][vc_column_inner width=&#8221;1\/3&#8243;][vc_column_text]<span class=\"button-block\"><a href=\"https:\/\/www.skiamade.com\/de\/winter\/skiregionen\/pistenpanorama\" target=\"_blank\" rel=\"noopener\">Panorama sjezdovek<\/a><\/span>[\/vc_column_text][\/vc_column_inner][vc_column_inner width=&#8221;1\/3&#8243;][vc_column_text]<span class=\"button-block\"><a href=\"http:\/\/ticket.skiamade.com\/skiamade\/calculator\/?iframe=true&amp;width=820&amp;height=700\" target=\"_blank\" rel=\"noopener\">Ski pass kalkul\u00e1tor<\/a><\/span>[\/vc_column_text][\/vc_column_inner][vc_column_inner width=&#8221;1\/3&#8243;][vc_column_text]<span class=\"button-block\"><a href=\"http:\/\/www.skiamade.com\/de\/winter\" target=\"_blank\" rel=\"noopener\">Ski amad\u00e9<\/a><\/span>[\/vc_column_text][\/vc_column_inner][\/vc_row_inner][\/vc_column][\/vc_row][vc_row full_width=&#8221;stretch_row&#8221; el_class=&#8221;hintergrund&#8221;][vc_column][vc_column_text]<\/p>\n<h6 style=\"text-align: center;\"><img decoding=\"async\" class=\"alignnone size-full wp-image-27\" src=\"https:\/\/www.hacklbauer.at\/wp-content\/uploads\/deko-rot-l.png\" alt=\"Deko rot\" width=\"35\" height=\"44\" \/>B\u011b\u017eeck\u00e9 ly\u017eov\u00e1n\u00ed na Tauern trailu<img decoding=\"async\" class=\"alignnone size-full wp-image-28\" src=\"https:\/\/www.hacklbauer.at\/wp-content\/uploads\/deko-rot-r.png\" alt=\"\" width=\"35\" height=\"44\" \/><\/h6>\n<p>[\/vc_column_text][vc_row_inner][vc_column_inner width=&#8221;1\/2&#8243;][vc_column_text]Ide\u00e1ln\u00ed z\u00e1kladna pro b\u011b\u017eka\u0159e i brusla\u0159e na ly\u017e\u00edch: Na\u0161e farma Hacklbauer le\u017e\u00ed <strong>p\u0159\u00edmo na Tauernsk\u00e9 a Olympijsk\u00e9 magistr\u00e1le (Tauern and Olympia trail),<\/strong> co\u017e je 220 km dlouh\u00e1 s\u00ed\u0165 vz\u00e1jemn\u011b propojen\u00fdch b\u011b\u017eka\u0159sk\u00fdch trat\u00ed. Kolem farmy vedou i n\u00e1dhern\u00e9 zimn\u00ed cesty pro p\u011b\u0161\u00ed, kde m\u016f\u017eete podniknout bezpe\u010dnou cestu neposkvrn\u011bn\u00fdm hlubok\u00fdm sn\u011bhem.[\/vc_column_text][\/vc_column_inner][vc_column_inner width=&#8221;1\/2&#8243;][vc_gallery interval=&#8221;3&#8243; images=&#8221;213,212,211&#8243; img_size=&#8221;medium&#8221;][\/vc_column_inner][\/vc_row_inner][\/vc_column][\/vc_row][vc_row full_width=&#8221;stretch_row&#8221; equal_height=&#8221;yes&#8221; bg_type=&#8221;bg_color&#8221; bg_color_value=&#8221;#ffffff&#8221; el_class=&#8221;hintergrund&#8221;][vc_column][vc_column_text]<\/p>\n<h5 style=\"text-align: center;\"><img decoding=\"async\" class=\"alignnone size-full wp-image-22\" src=\"https:\/\/www.hacklbauer.at\/wp-content\/uploads\/deko-gruen-l.png\" alt=\"Deko gr\u00fcn\" width=\"34\" height=\"41\" \/>S\u00e1\u0148ka\u0159sk\u00e1 dr\u00e1ha, j\u00edzda na san\u00edch s ko\u0148sk\u00fdm sp\u0159e\u017een\u00edm, curling<img decoding=\"async\" class=\"alignnone size-full wp-image-23\" src=\"https:\/\/www.hacklbauer.at\/wp-content\/uploads\/deko-gruen-r.png\" alt=\"Deko Gr\u00fcn\" width=\"34\" height=\"41\" \/><\/h5>\n<p>[\/vc_column_text][vc_row_inner][vc_column_inner width=&#8221;1\/2&#8243;][vc_gallery interval=&#8221;3&#8243; images=&#8221;215,214,210&#8243; img_size=&#8221;medium&#8221;][\/vc_column_inner][vc_column_inner width=&#8221;1\/2&#8243;][vc_column_text css=&#8221;.vc_custom_1525710707682{margin-top: -15px !important;}&#8221;]Skv\u011bl\u00e1 z\u00e1bava pro celou rodinu? S\u00e1\u0148kov\u00e1n\u00ed! V sousedn\u00edm ly\u017ea\u0159sk\u00e9m st\u0159edisku Radstadt najdete <a href=\"http:\/\/www.radstadt-altenmarkt.at\/rodelbahn-koenigslehen\" target=\"_blank\" rel=\"noopener\">nejdel\u0161\u00ed s\u00e1\u0148ka\u0159kou dr\u00e1hu<\/a> v Salzbursk\u00e9m sportovn\u00edm sv\u011bt\u011b (Salzburger Sportwelt). Okoln\u00ed farmy zase nab\u00edzej\u00ed romantick\u00e9 j\u00edzdy na san\u00edch s ko\u0148sk\u00fdm sp\u0159e\u017een\u00edm. Abyste nezmrzli, vybav\u00ed v\u00e1s na cestu tepl\u00fdmi dekami. A nejeden z na\u0161ich host\u016f v sob\u011b probudil sout\u011b\u017eiv\u00e9ho ducha p\u0159i curlingu. <strong>Taktika, p\u0159esnost a trocha \u0161t\u011bst\u00ed <\/strong>jsou pro tento sport nezbytn\u00e9.[\/vc_column_text][\/vc_column_inner][\/vc_row_inner][\/vc_column][\/vc_row][vc_row][vc_column width=&#8221;1\/3&#8243;][vc_column_text]<span class=\"button-block\"><a href=\"https:\/\/www.hacklbauer.at\/cs\/celodenni-vylety-salzburg\/\">Celodenn\u00ed v\u00fdlety<\/a><\/span>[\/vc_column_text][\/vc_column][vc_column width=&#8221;1\/3&#8243;][vc_column_text]<span class=\"button-block\"><a href=\"https:\/\/www.hacklbauer.at\/cs\/termalni-lazne-altenmarkt\/\">Term\u00e1ln\u00ed l\u00e1zn\u011b Amad\u00e9<\/a><\/span>[\/vc_column_text][\/vc_column][vc_column width=&#8221;1\/3&#8243;][vc_column_text]<span class=\"button-block\"><a href=\"https:\/\/www.hacklbauer.at\/cs\/rezervace-informace\/\">Informace o rezervaci<\/a><\/span>[\/vc_column_text][\/vc_column][\/vc_row]<\/p>\n<\/div>","protected":false},"excerpt":{"rendered":"<p>[vc_row][vc_column][vc_column_text] Ly\u017ea\u0159sk\u00e1 &amp; zimn\u00ed dovolen\u00e1 v Altenmarktu a Zauchensee ly\u017ee, snowboard atd. ve spolkov\u00e9 zemi Salzburg [\/vc_column_text][\/vc_column][\/vc_row][vc_row][vc_column][vc_column_text]Na\u0161e farma v Altenmarktu (Salzburg) le\u017e\u00ed p\u0159\u00edmo vedle d\u00e1lkov\u00e9 b\u011b\u017eeck\u00e9 stopy (Tauern trail). Va\u0161e d\u011bti tu zase mohou dov\u00e1d\u011bt ve sn\u011bhu, stav\u011bt sn\u011bhul\u00e1ky a jezdit kolem farmy na s\u00e1\u0148k\u00e1ch.[\/vc_column_text][\/vc_column][\/vc_row][vc_row full_width=&#8221;stretch_row&#8221; equal_height=&#8221;yes&#8221; bg_type=&#8221;bg_color&#8221; bg_color_value=&#8221;#ffffff&#8221; el_class=&#8221;hintergrund&#8221;][vc_column][vc_column_text css=&#8221;.vc_custom_1525037306344{margin-bottom: 30px !important;}&#8221;] Ly\u017eov\u00e1n\u00ed &amp; &hellip;<\/p>\n\n<p><a class=\"readmore btn btn-default btn-default btn-block\" href=\"https:\/\/www.hacklbauer.at\/cs\/zima-lyze-dovolena-ski-amade\/\">Read More<\/a><\/p>","protected":false},"author":1,"featured_media":1352,"parent":0,"menu_order":0,"comment_status":"closed","ping_status":"closed","template":"","meta":{"footnotes":""},"class_list":["post-1350","page","type-page","status-publish","has-post-thumbnail","hentry"],"yoast_head":"<!-- This site is optimized with the Yoast SEO plugin v27.5 - https:\/\/yoast.com\/product\/yoast-seo-wordpress\/ -->\n<title>Zima &amp; ly\u017eov\u00e1n\u00ed - dovolen\u00e1 v srdci Ski amad\u00e9, Altenmarkt-Zauchensee<\/title>\n<meta name=\"description\" content=\"Ly\u017ee &amp; snowboard, b\u011bh na ly\u017e\u00edch, s\u00e1\u0148kov\u00e1n\u00ed, j\u00edzdy na san\u00edch s ko\u0148mi atd. pro rodiny, lovce z\u00e1\u017eitk\u016f &amp; sportovn\u00ed nad\u0161ence v zim\u011b v Altenmarktu im Pongau.\" \/>\n<meta name=\"robots\" content=\"index, follow, max-snippet:-1, max-image-preview:large, max-video-preview:-1\" \/>\n<link rel=\"canonical\" href=\"https:\/\/www.hacklbauer.at\/cs\/zima-lyze-dovolena-ski-amade\/\" \/>\n<meta property=\"og:locale\" content=\"cs_CZ\" \/>\n<meta property=\"og:type\" content=\"article\" \/>\n<meta property=\"og:title\" content=\"Zima &amp; ly\u017eov\u00e1n\u00ed - dovolen\u00e1 v srdci Ski amad\u00e9, Altenmarkt-Zauchensee\" \/>\n<meta property=\"og:description\" content=\"Ly\u017ee &amp; snowboard, b\u011bh na ly\u017e\u00edch, s\u00e1\u0148kov\u00e1n\u00ed, j\u00edzdy na san\u00edch s ko\u0148mi atd. pro rodiny, lovce z\u00e1\u017eitk\u016f &amp; sportovn\u00ed nad\u0161ence v zim\u011b v Altenmarktu im Pongau.\" \/>\n<meta property=\"og:url\" content=\"https:\/\/www.hacklbauer.at\/cs\/zima-lyze-dovolena-ski-amade\/\" \/>\n<meta property=\"og:site_name\" content=\"Bauernhof Hacklbauer\" \/>\n<meta property=\"article:modified_time\" content=\"2018-08-28T14:45:24+00:00\" \/>\n<meta property=\"og:image\" content=\"https:\/\/www.hacklbauer.at\/wp-content\/uploads\/beitragsbild-winter-altenmarkt-zauchensee-salzburg-1.jpg\" \/>\n\t<meta property=\"og:image:width\" content=\"1920\" \/>\n\t<meta property=\"og:image:height\" content=\"800\" \/>\n\t<meta property=\"og:image:type\" content=\"image\/jpeg\" \/>\n<meta name=\"twitter:card\" content=\"summary_large_image\" \/>\n<meta name=\"twitter:label1\" content=\"Odhadovan\u00e1 doba \u010dten\u00ed\" \/>\n\t<meta name=\"twitter:data1\" content=\"4 minuty\" \/>\n<script type=\"application\/ld+json\" class=\"yoast-schema-graph\">{\"@context\":\"https:\\\/\\\/schema.org\",\"@graph\":[{\"@type\":\"WebPage\",\"@id\":\"https:\\\/\\\/www.hacklbauer.at\\\/cs\\\/zima-lyze-dovolena-ski-amade\\\/\",\"url\":\"https:\\\/\\\/www.hacklbauer.at\\\/cs\\\/zima-lyze-dovolena-ski-amade\\\/\",\"name\":\"Zima & ly\u017eov\u00e1n\u00ed - dovolen\u00e1 v srdci Ski amad\u00e9, Altenmarkt-Zauchensee\",\"isPartOf\":{\"@id\":\"https:\\\/\\\/www.hacklbauer.at\\\/cs\\\/#website\"},\"primaryImageOfPage\":{\"@id\":\"https:\\\/\\\/www.hacklbauer.at\\\/cs\\\/zima-lyze-dovolena-ski-amade\\\/#primaryimage\"},\"image\":{\"@id\":\"https:\\\/\\\/www.hacklbauer.at\\\/cs\\\/zima-lyze-dovolena-ski-amade\\\/#primaryimage\"},\"thumbnailUrl\":\"https:\\\/\\\/www.hacklbauer.at\\\/wp-content\\\/uploads\\\/beitragsbild-winter-altenmarkt-zauchensee-salzburg-1.jpg\",\"datePublished\":\"2017-09-25T12:19:03+00:00\",\"dateModified\":\"2018-08-28T14:45:24+00:00\",\"description\":\"Ly\u017ee & snowboard, b\u011bh na ly\u017e\u00edch, s\u00e1\u0148kov\u00e1n\u00ed, j\u00edzdy na san\u00edch s ko\u0148mi atd. pro rodiny, lovce z\u00e1\u017eitk\u016f & sportovn\u00ed nad\u0161ence v zim\u011b v Altenmarktu im Pongau.\",\"breadcrumb\":{\"@id\":\"https:\\\/\\\/www.hacklbauer.at\\\/cs\\\/zima-lyze-dovolena-ski-amade\\\/#breadcrumb\"},\"inLanguage\":\"cs\",\"potentialAction\":[{\"@type\":\"ReadAction\",\"target\":[\"https:\\\/\\\/www.hacklbauer.at\\\/cs\\\/zima-lyze-dovolena-ski-amade\\\/\"]}]},{\"@type\":\"ImageObject\",\"inLanguage\":\"cs\",\"@id\":\"https:\\\/\\\/www.hacklbauer.at\\\/cs\\\/zima-lyze-dovolena-ski-amade\\\/#primaryimage\",\"url\":\"https:\\\/\\\/www.hacklbauer.at\\\/wp-content\\\/uploads\\\/beitragsbild-winter-altenmarkt-zauchensee-salzburg-1.jpg\",\"contentUrl\":\"https:\\\/\\\/www.hacklbauer.at\\\/wp-content\\\/uploads\\\/beitragsbild-winter-altenmarkt-zauchensee-salzburg-1.jpg\",\"width\":1920,\"height\":800},{\"@type\":\"BreadcrumbList\",\"@id\":\"https:\\\/\\\/www.hacklbauer.at\\\/cs\\\/zima-lyze-dovolena-ski-amade\\\/#breadcrumb\",\"itemListElement\":[{\"@type\":\"ListItem\",\"position\":1,\"name\":\"Dom\u016f\",\"item\":\"https:\\\/\\\/www.hacklbauer.at\\\/cs\\\/\"},{\"@type\":\"ListItem\",\"position\":2,\"name\":\"Zima ve Ski amad\u00e9\"}]},{\"@type\":\"WebSite\",\"@id\":\"https:\\\/\\\/www.hacklbauer.at\\\/cs\\\/#website\",\"url\":\"https:\\\/\\\/www.hacklbauer.at\\\/cs\\\/\",\"name\":\"Bauernhof Hacklbauer\",\"description\":\"Ferienwohnungen in Altenmarkt\",\"potentialAction\":[{\"@type\":\"SearchAction\",\"target\":{\"@type\":\"EntryPoint\",\"urlTemplate\":\"https:\\\/\\\/www.hacklbauer.at\\\/cs\\\/?s={search_term_string}\"},\"query-input\":{\"@type\":\"PropertyValueSpecification\",\"valueRequired\":true,\"valueName\":\"search_term_string\"}}],\"inLanguage\":\"cs\"}]}<\/script>\n<!-- \/ Yoast SEO plugin. -->","yoast_head_json":{"title":"Zima & ly\u017eov\u00e1n\u00ed - dovolen\u00e1 v srdci Ski amad\u00e9, Altenmarkt-Zauchensee","description":"Ly\u017ee & snowboard, b\u011bh na ly\u017e\u00edch, s\u00e1\u0148kov\u00e1n\u00ed, j\u00edzdy na san\u00edch s ko\u0148mi atd. pro rodiny, lovce z\u00e1\u017eitk\u016f & sportovn\u00ed nad\u0161ence v zim\u011b v Altenmarktu im Pongau.","robots":{"index":"index","follow":"follow","max-snippet":"max-snippet:-1","max-image-preview":"max-image-preview:large","max-video-preview":"max-video-preview:-1"},"canonical":"https:\/\/www.hacklbauer.at\/cs\/zima-lyze-dovolena-ski-amade\/","og_locale":"cs_CZ","og_type":"article","og_title":"Zima & ly\u017eov\u00e1n\u00ed - dovolen\u00e1 v srdci Ski amad\u00e9, Altenmarkt-Zauchensee","og_description":"Ly\u017ee & snowboard, b\u011bh na ly\u017e\u00edch, s\u00e1\u0148kov\u00e1n\u00ed, j\u00edzdy na san\u00edch s ko\u0148mi atd. pro rodiny, lovce z\u00e1\u017eitk\u016f & sportovn\u00ed nad\u0161ence v zim\u011b v Altenmarktu im Pongau.","og_url":"https:\/\/www.hacklbauer.at\/cs\/zima-lyze-dovolena-ski-amade\/","og_site_name":"Bauernhof Hacklbauer","article_modified_time":"2018-08-28T14:45:24+00:00","og_image":[{"width":1920,"height":800,"url":"https:\/\/www.hacklbauer.at\/wp-content\/uploads\/beitragsbild-winter-altenmarkt-zauchensee-salzburg-1.jpg","type":"image\/jpeg"}],"twitter_card":"summary_large_image","twitter_misc":{"Odhadovan\u00e1 doba \u010dten\u00ed":"4 minuty"},"schema":{"@context":"https:\/\/schema.org","@graph":[{"@type":"WebPage","@id":"https:\/\/www.hacklbauer.at\/cs\/zima-lyze-dovolena-ski-amade\/","url":"https:\/\/www.hacklbauer.at\/cs\/zima-lyze-dovolena-ski-amade\/","name":"Zima & ly\u017eov\u00e1n\u00ed - dovolen\u00e1 v srdci Ski amad\u00e9, Altenmarkt-Zauchensee","isPartOf":{"@id":"https:\/\/www.hacklbauer.at\/cs\/#website"},"primaryImageOfPage":{"@id":"https:\/\/www.hacklbauer.at\/cs\/zima-lyze-dovolena-ski-amade\/#primaryimage"},"image":{"@id":"https:\/\/www.hacklbauer.at\/cs\/zima-lyze-dovolena-ski-amade\/#primaryimage"},"thumbnailUrl":"https:\/\/www.hacklbauer.at\/wp-content\/uploads\/beitragsbild-winter-altenmarkt-zauchensee-salzburg-1.jpg","datePublished":"2017-09-25T12:19:03+00:00","dateModified":"2018-08-28T14:45:24+00:00","description":"Ly\u017ee & snowboard, b\u011bh na ly\u017e\u00edch, s\u00e1\u0148kov\u00e1n\u00ed, j\u00edzdy na san\u00edch s ko\u0148mi atd. pro rodiny, lovce z\u00e1\u017eitk\u016f & sportovn\u00ed nad\u0161ence v zim\u011b v Altenmarktu im Pongau.","breadcrumb":{"@id":"https:\/\/www.hacklbauer.at\/cs\/zima-lyze-dovolena-ski-amade\/#breadcrumb"},"inLanguage":"cs","potentialAction":[{"@type":"ReadAction","target":["https:\/\/www.hacklbauer.at\/cs\/zima-lyze-dovolena-ski-amade\/"]}]},{"@type":"ImageObject","inLanguage":"cs","@id":"https:\/\/www.hacklbauer.at\/cs\/zima-lyze-dovolena-ski-amade\/#primaryimage","url":"https:\/\/www.hacklbauer.at\/wp-content\/uploads\/beitragsbild-winter-altenmarkt-zauchensee-salzburg-1.jpg","contentUrl":"https:\/\/www.hacklbauer.at\/wp-content\/uploads\/beitragsbild-winter-altenmarkt-zauchensee-salzburg-1.jpg","width":1920,"height":800},{"@type":"BreadcrumbList","@id":"https:\/\/www.hacklbauer.at\/cs\/zima-lyze-dovolena-ski-amade\/#breadcrumb","itemListElement":[{"@type":"ListItem","position":1,"name":"Dom\u016f","item":"https:\/\/www.hacklbauer.at\/cs\/"},{"@type":"ListItem","position":2,"name":"Zima ve Ski amad\u00e9"}]},{"@type":"WebSite","@id":"https:\/\/www.hacklbauer.at\/cs\/#website","url":"https:\/\/www.hacklbauer.at\/cs\/","name":"Bauernhof Hacklbauer","description":"Ferienwohnungen in Altenmarkt","potentialAction":[{"@type":"SearchAction","target":{"@type":"EntryPoint","urlTemplate":"https:\/\/www.hacklbauer.at\/cs\/?s={search_term_string}"},"query-input":{"@type":"PropertyValueSpecification","valueRequired":true,"valueName":"search_term_string"}}],"inLanguage":"cs"}]}},"_links":{"self":[{"href":"https:\/\/www.hacklbauer.at\/cs\/wp-json\/wp\/v2\/pages\/1350","targetHints":{"allow":["GET"]}}],"collection":[{"href":"https:\/\/www.hacklbauer.at\/cs\/wp-json\/wp\/v2\/pages"}],"about":[{"href":"https:\/\/www.hacklbauer.at\/cs\/wp-json\/wp\/v2\/types\/page"}],"author":[{"embeddable":true,"href":"https:\/\/www.hacklbauer.at\/cs\/wp-json\/wp\/v2\/users\/1"}],"replies":[{"embeddable":true,"href":"https:\/\/www.hacklbauer.at\/cs\/wp-json\/wp\/v2\/comments?post=1350"}],"version-history":[{"count":0,"href":"https:\/\/www.hacklbauer.at\/cs\/wp-json\/wp\/v2\/pages\/1350\/revisions"}],"wp:featuredmedia":[{"embeddable":true,"href":"https:\/\/www.hacklbauer.at\/cs\/wp-json\/wp\/v2\/media\/1352"}],"wp:attachment":[{"href":"https:\/\/www.hacklbauer.at\/cs\/wp-json\/wp\/v2\/media?parent=1350"}],"curies":[{"name":"wp","href":"https:\/\/api.w.org\/{rel}","templated":true}]}}