{"id":1353,"date":"2017-09-25T14:19:03","date_gmt":"2017-09-25T12:19:03","guid":{"rendered":"https:\/\/www.hacklbauer.at\/rainy-day-programme\/"},"modified":"2018-08-28T16:45:56","modified_gmt":"2018-08-28T14:45:56","slug":"program-dest-den","status":"publish","type":"page","link":"https:\/\/www.hacklbauer.at\/cs\/program-dest-den\/","title":{"rendered":"Program pro de\u0161tiv\u00fd den"},"content":{"rendered":"<div class=\"wpb-content-wrapper\"><p>[vc_row][vc_column][vc_column_text]<\/p>\n<h1>Program pro de\u0161tiv\u00fd den<\/h1>\n<h2>b\u00e1je\u010dn\u00e1 dovolen\u00e1 na farm\u011b v Altenmarktu<\/h2>\n<p>[\/vc_column_text][\/vc_column][\/vc_row][vc_row][vc_column][vc_column_text]Hned na za\u010d\u00e1tku va\u0161eho pobytu u n\u00e1s v\u00e1m uk\u00e1\u017eeme celou farmu, abyste se tu dob\u0159e orientovali. M\u00e1me tu i ko\u010dky a kr\u00e1l\u00edky, se kter\u00fdmi si va\u0161e d\u011bti mohou hr\u00e1t.[\/vc_column_text][\/vc_column][\/vc_row][vc_row full_width=&#8221;stretch_row&#8221; el_class=&#8221;hintergrund&#8221;][vc_column width=&#8221;1\/3&#8243;][vc_single_image image=&#8221;345&#8243; img_size=&#8221;small&#8221; onclick=&#8221;link_image&#8221;][\/vc_column][vc_column width=&#8221;1\/3&#8243;][vc_single_image image=&#8221;344&#8243; img_size=&#8221;small&#8221; onclick=&#8221;link_image&#8221;][\/vc_column][vc_column width=&#8221;1\/3&#8243;][vc_single_image image=&#8221;343&#8243; img_size=&#8221;small&#8221; onclick=&#8221;link_image&#8221;][\/vc_column][\/vc_row][vc_row full_width=&#8221;stretch_row&#8221; equal_height=&#8221;yes&#8221; bg_type=&#8221;bg_color&#8221; bg_color_value=&#8221;#ffffff&#8221;][vc_column][vc_column_text]<\/p>\n<h4 style=\"text-align: center;\"><img decoding=\"async\" class=\"alignnone size-full wp-image-27\" src=\"https:\/\/www.hacklbauer.at\/wp-content\/uploads\/deko-rot-l.png\" alt=\"Deko rot\" width=\"35\" height=\"44\" \/>Program pro de\u0161tiv\u00fd den<img decoding=\"async\" class=\"alignnone size-full wp-image-28\" src=\"https:\/\/www.hacklbauer.at\/wp-content\/uploads\/deko-rot-r.png\" alt=\"\" width=\"35\" height=\"44\" \/><\/h4>\n<p>[\/vc_column_text][vc_column_text]<\/p>\n<p style=\"text-align: center;\">Na\u0161e krajina by nebyla tak kr\u00e1sn\u00e1 a zelen\u00e1, kdyby tu ob\u010das nepr\u0161elo.<br \/>\nKdy\u017e se nad st\u0159echou v\u00e1l\u00ed t\u011b\u017ek\u00e9 de\u0161\u0165ov\u00e9 mraky, nezoufejte.<\/p>\n<p style=\"text-align: center;\">Co\u017e takhle pole\u017eet si d\u00e9le v posteli, nesp\u011bchat se svou k\u00e1vou, d\u00e1t si po ob\u011bd\u011b \u0161lof\u00edka, \u010d\u00edst si nebo hr\u00e1t karty?<br \/>\nLeno\u0161te a\u017e do ve\u010dera, pop\u00edjete cider, dokud nejste z cel\u00e9ho dne unaven\u00ed a znovu zral\u00ed do postele.<br \/>\nPokud jste sportovn\u00ed nad\u0161enec, za\u010dn\u011bte den b\u011bh\u00e1n\u00edm v de\u0161ti.<br \/>\nPo vydatn\u00e9 sn\u00eddani si sbalte v\u011bci na koup\u00e1n\u00ed, tenisovou raketu \u010di cokoli jin\u00e9ho a vyra\u017ete do sportovn\u00ed haly nebo do baz\u00e9nu.<br \/>\nA nebo se pod\u00edvjete, co se d\u011bje ve Werfenu, na Dachsteinu nebo v Taur\u00e1ch.<br \/>\nVelice popul\u00e1rn\u00ed je m\u011bsto Salzburg a okoln\u00ed Soln\u00e1 komora (Salzkammergut), tam najdete pro ka\u017ed\u00e9ho n\u011bco zaj\u00edmav\u00e9ho.<br \/>\nGalerie, muzea, architektura, v\u00fdlety lod\u00ed po jezerech, plaveck\u00e9 baz\u00e9ny, term\u00e1ln\u00ed l\u00e1zn\u011b a dokonce jeskyn\u011b \u2013 je toho spousta, co tady m\u016f\u017eete d\u011blat.<br \/>\nNezapome\u0148te se pod\u00edvat, co nab\u00edz\u00ed samotn\u00fd Altenmarkt \u2013 proch\u00e1zku po m\u011bst\u011b, nakupov\u00e1n\u00ed i m\u00edsta, kde se m\u016f\u017eete dob\u0159e naj\u00edst a nap\u00edt.<br \/>\nA u n\u00e1s na farm\u011b se taky po\u0159\u00e1d n\u011bco d\u011bje.<br \/>\nMalov\u00e1n\u00ed, \u0159emesla, \u010dten\u00ed&#8230; nebo va\u0159en\u00ed, prost\u011b zapojte svou fantazii a nuda nem\u00e1 \u0161anci.<br \/>\nM\u00e1me tu zv\u00ed\u0159ata ve st\u00e1j\u00edch, seno ve stodole na hran\u00ed i objevov\u00e1n\u00ed \u2013 ka\u017ed\u00fd den p\u0159ipraveno.<br \/>\nV\u011b\u0159\u00edme, \u017ee si najdete to, co v\u00e1s bude bavit \u2013 ka\u017edop\u00e1dn\u011b slunce zase brzy vyleze.<\/p>\n<p>[\/vc_column_text][\/vc_column][\/vc_row][vc_row][vc_column width=&#8221;1\/2&#8243;][vc_single_image image=&#8221;346&#8243; img_size=&#8221;medium&#8221; onclick=&#8221;link_image&#8221;][\/vc_column][vc_column width=&#8221;1\/2&#8243;][vc_column_text]<\/p>\n<h6><img decoding=\"async\" class=\"alignnone wp-image-27 size-full\" src=\"https:\/\/www.hacklbauer.at\/wp-content\/uploads\/deko-rot-l.png\" alt=\"Deko rot\" width=\"35\" height=\"44\" \/>Um\u011bn\u00ed &amp; \u0159emesla<img decoding=\"async\" class=\"alignnone wp-image-28 size-full\" src=\"https:\/\/www.hacklbauer.at\/wp-content\/uploads\/deko-rot-r.png\" alt=\"\" width=\"35\" height=\"44\" \/><\/h6>\n<p>[\/vc_column_text][vc_column_text]V de\u0161tiv\u00fdch dnech m\u016f\u017eete rozvinout svou kreativitu a vyzkou\u0161et <strong>um\u011bn\u00ed &amp; \u0159emesla.<\/strong> Podle ro\u010dn\u00ed doby v\u00e1m r\u00e1di poskytneme materi\u00e1l pro va\u0161e um\u011bleck\u00e9 \u010di \u0159emesln\u00e9 po\u010diny, stejn\u011b jako tipy a instrukce.[\/vc_column_text][\/vc_column][\/vc_row][vc_row][vc_column width=&#8221;1\/3&#8243;][vc_column_text]<span class=\"button-block\"><a href=\"https:\/\/www.hacklbauer.at\/fruehling-sommer-herbst-altenmarkt\/\">Jaro \u00b7 l\u00e9to \u00b7 podzim<\/a><\/span>[\/vc_column_text][\/vc_column][vc_column width=&#8221;1\/3&#8243;][vc_column_text]<span class=\"button-block\"><a href=\"https:\/\/www.hacklbauer.at\/cs\/zima-lyze-dovolena-ski-amade\/\">Zima ve Ski amad\u00e9<\/a><\/span>[\/vc_column_text][\/vc_column][vc_column width=&#8221;1\/3&#8243;][vc_column_text]<span class=\"button-block\"><a href=\"https:\/\/www.hacklbauer.at\/cs\/celodenni-vylety-salzburg\/\">Celodenn\u00ed v\u00fdlety<\/a><\/span>[\/vc_column_text][\/vc_column][\/vc_row]<\/p>\n<\/div>","protected":false},"excerpt":{"rendered":"<p>[vc_row][vc_column][vc_column_text] Program pro de\u0161tiv\u00fd den b\u00e1je\u010dn\u00e1 dovolen\u00e1 na farm\u011b v Altenmarktu [\/vc_column_text][\/vc_column][\/vc_row][vc_row][vc_column][vc_column_text]Hned na za\u010d\u00e1tku va\u0161eho pobytu u n\u00e1s v\u00e1m uk\u00e1\u017eeme celou farmu, abyste se tu dob\u0159e orientovali. M\u00e1me tu i ko\u010dky a kr\u00e1l\u00edky, se kter\u00fdmi si va\u0161e d\u011bti mohou hr\u00e1t.[\/vc_column_text][\/vc_column][\/vc_row][vc_row full_width=&#8221;stretch_row&#8221; el_class=&#8221;hintergrund&#8221;][vc_column width=&#8221;1\/3&#8243;][vc_single_image image=&#8221;345&#8243; img_size=&#8221;small&#8221; onclick=&#8221;link_image&#8221;][\/vc_column][vc_column width=&#8221;1\/3&#8243;][vc_single_image image=&#8221;344&#8243; img_size=&#8221;small&#8221; onclick=&#8221;link_image&#8221;][\/vc_column][vc_column width=&#8221;1\/3&#8243;][vc_single_image image=&#8221;343&#8243; img_size=&#8221;small&#8221; onclick=&#8221;link_image&#8221;][\/vc_column][\/vc_row][vc_row full_width=&#8221;stretch_row&#8221; &hellip;<\/p>\n\n<p><a class=\"readmore btn btn-default btn-default btn-block\" href=\"https:\/\/www.hacklbauer.at\/cs\/program-dest-den\/\">Read More<\/a><\/p>","protected":false},"author":1,"featured_media":1355,"parent":0,"menu_order":0,"comment_status":"closed","ping_status":"closed","template":"","meta":{"footnotes":""},"class_list":["post-1353","page","type-page","status-publish","has-post-thumbnail","hentry"],"yoast_head":"<!-- This site is optimized with the Yoast SEO plugin v27.3 - https:\/\/yoast.com\/product\/yoast-seo-wordpress\/ -->\n<title>Program pro de\u0161tiv\u00fd den - Bauernhof Hacklbauer<\/title>\n<meta name=\"robots\" content=\"index, follow, max-snippet:-1, max-image-preview:large, max-video-preview:-1\" \/>\n<link rel=\"canonical\" href=\"https:\/\/www.hacklbauer.at\/cs\/program-dest-den\/\" \/>\n<meta property=\"og:locale\" content=\"cs_CZ\" \/>\n<meta property=\"og:type\" content=\"article\" \/>\n<meta property=\"og:title\" content=\"Program pro de\u0161tiv\u00fd den - Bauernhof Hacklbauer\" \/>\n<meta property=\"og:description\" content=\"[vc_row][vc_column][vc_column_text] Program pro de\u0161tiv\u00fd den b\u00e1je\u010dn\u00e1 dovolen\u00e1 na farm\u011b v Altenmarktu [\/vc_column_text][\/vc_column][\/vc_row][vc_row][vc_column][vc_column_text]Hned na za\u010d\u00e1tku va\u0161eho pobytu u n\u00e1s v\u00e1m uk\u00e1\u017eeme celou farmu, abyste se tu dob\u0159e orientovali. M\u00e1me tu i ko\u010dky a kr\u00e1l\u00edky, se kter\u00fdmi si va\u0161e d\u011bti mohou hr\u00e1t.[\/vc_column_text][\/vc_column][\/vc_row][vc_row full_width=&#8221;stretch_row&#8221; el_class=&#8221;hintergrund&#8221;][vc_column width=&#8221;1\/3&#8243;][vc_single_image image=&#8221;345&#8243; img_size=&#8221;small&#8221; onclick=&#8221;link_image&#8221;][\/vc_column][vc_column width=&#8221;1\/3&#8243;][vc_single_image image=&#8221;344&#8243; img_size=&#8221;small&#8221; onclick=&#8221;link_image&#8221;][\/vc_column][vc_column width=&#8221;1\/3&#8243;][vc_single_image image=&#8221;343&#8243; img_size=&#8221;small&#8221; onclick=&#8221;link_image&#8221;][\/vc_column][\/vc_row][vc_row full_width=&#8221;stretch_row&#8221; &hellip;\" \/>\n<meta property=\"og:url\" content=\"https:\/\/www.hacklbauer.at\/cs\/program-dest-den\/\" \/>\n<meta property=\"og:site_name\" content=\"Bauernhof Hacklbauer\" \/>\n<meta property=\"article:modified_time\" content=\"2018-08-28T14:45:56+00:00\" \/>\n<meta property=\"og:image\" content=\"https:\/\/www.hacklbauer.at\/wp-content\/uploads\/beitragsbild-schlechtwetter-altenmarkt-zauchensee-salzburg-1.jpg\" \/>\n\t<meta property=\"og:image:width\" content=\"1920\" \/>\n\t<meta property=\"og:image:height\" content=\"800\" \/>\n\t<meta property=\"og:image:type\" content=\"image\/jpeg\" \/>\n<meta name=\"twitter:card\" content=\"summary_large_image\" \/>\n<meta name=\"twitter:label1\" content=\"Odhadovan\u00e1 doba \u010dten\u00ed\" \/>\n\t<meta name=\"twitter:data1\" content=\"3 minuty\" \/>\n<script type=\"application\/ld+json\" class=\"yoast-schema-graph\">{\"@context\":\"https:\\\/\\\/schema.org\",\"@graph\":[{\"@type\":\"WebPage\",\"@id\":\"https:\\\/\\\/www.hacklbauer.at\\\/cs\\\/program-dest-den\\\/\",\"url\":\"https:\\\/\\\/www.hacklbauer.at\\\/cs\\\/program-dest-den\\\/\",\"name\":\"Program pro de\u0161tiv\u00fd den - Bauernhof Hacklbauer\",\"isPartOf\":{\"@id\":\"https:\\\/\\\/www.hacklbauer.at\\\/cs\\\/#website\"},\"primaryImageOfPage\":{\"@id\":\"https:\\\/\\\/www.hacklbauer.at\\\/cs\\\/program-dest-den\\\/#primaryimage\"},\"image\":{\"@id\":\"https:\\\/\\\/www.hacklbauer.at\\\/cs\\\/program-dest-den\\\/#primaryimage\"},\"thumbnailUrl\":\"https:\\\/\\\/www.hacklbauer.at\\\/wp-content\\\/uploads\\\/beitragsbild-schlechtwetter-altenmarkt-zauchensee-salzburg-1.jpg\",\"datePublished\":\"2017-09-25T12:19:03+00:00\",\"dateModified\":\"2018-08-28T14:45:56+00:00\",\"breadcrumb\":{\"@id\":\"https:\\\/\\\/www.hacklbauer.at\\\/cs\\\/program-dest-den\\\/#breadcrumb\"},\"inLanguage\":\"cs\",\"potentialAction\":[{\"@type\":\"ReadAction\",\"target\":[\"https:\\\/\\\/www.hacklbauer.at\\\/cs\\\/program-dest-den\\\/\"]}]},{\"@type\":\"ImageObject\",\"inLanguage\":\"cs\",\"@id\":\"https:\\\/\\\/www.hacklbauer.at\\\/cs\\\/program-dest-den\\\/#primaryimage\",\"url\":\"https:\\\/\\\/www.hacklbauer.at\\\/wp-content\\\/uploads\\\/beitragsbild-schlechtwetter-altenmarkt-zauchensee-salzburg-1.jpg\",\"contentUrl\":\"https:\\\/\\\/www.hacklbauer.at\\\/wp-content\\\/uploads\\\/beitragsbild-schlechtwetter-altenmarkt-zauchensee-salzburg-1.jpg\",\"width\":1920,\"height\":800},{\"@type\":\"BreadcrumbList\",\"@id\":\"https:\\\/\\\/www.hacklbauer.at\\\/cs\\\/program-dest-den\\\/#breadcrumb\",\"itemListElement\":[{\"@type\":\"ListItem\",\"position\":1,\"name\":\"Dom\u016f\",\"item\":\"https:\\\/\\\/www.hacklbauer.at\\\/cs\\\/\"},{\"@type\":\"ListItem\",\"position\":2,\"name\":\"Program pro de\u0161tiv\u00fd den\"}]},{\"@type\":\"WebSite\",\"@id\":\"https:\\\/\\\/www.hacklbauer.at\\\/cs\\\/#website\",\"url\":\"https:\\\/\\\/www.hacklbauer.at\\\/cs\\\/\",\"name\":\"Bauernhof Hacklbauer\",\"description\":\"Ferienwohnungen in Altenmarkt\",\"potentialAction\":[{\"@type\":\"SearchAction\",\"target\":{\"@type\":\"EntryPoint\",\"urlTemplate\":\"https:\\\/\\\/www.hacklbauer.at\\\/cs\\\/?s={search_term_string}\"},\"query-input\":{\"@type\":\"PropertyValueSpecification\",\"valueRequired\":true,\"valueName\":\"search_term_string\"}}],\"inLanguage\":\"cs\"}]}<\/script>\n<!-- \/ Yoast SEO plugin. -->","yoast_head_json":{"title":"Program pro de\u0161tiv\u00fd den - Bauernhof Hacklbauer","robots":{"index":"index","follow":"follow","max-snippet":"max-snippet:-1","max-image-preview":"max-image-preview:large","max-video-preview":"max-video-preview:-1"},"canonical":"https:\/\/www.hacklbauer.at\/cs\/program-dest-den\/","og_locale":"cs_CZ","og_type":"article","og_title":"Program pro de\u0161tiv\u00fd den - Bauernhof Hacklbauer","og_description":"[vc_row][vc_column][vc_column_text] Program pro de\u0161tiv\u00fd den b\u00e1je\u010dn\u00e1 dovolen\u00e1 na farm\u011b v Altenmarktu [\/vc_column_text][\/vc_column][\/vc_row][vc_row][vc_column][vc_column_text]Hned na za\u010d\u00e1tku va\u0161eho pobytu u n\u00e1s v\u00e1m uk\u00e1\u017eeme celou farmu, abyste se tu dob\u0159e orientovali. M\u00e1me tu i ko\u010dky a kr\u00e1l\u00edky, se kter\u00fdmi si va\u0161e d\u011bti mohou hr\u00e1t.[\/vc_column_text][\/vc_column][\/vc_row][vc_row full_width=&#8221;stretch_row&#8221; el_class=&#8221;hintergrund&#8221;][vc_column width=&#8221;1\/3&#8243;][vc_single_image image=&#8221;345&#8243; img_size=&#8221;small&#8221; onclick=&#8221;link_image&#8221;][\/vc_column][vc_column width=&#8221;1\/3&#8243;][vc_single_image image=&#8221;344&#8243; img_size=&#8221;small&#8221; onclick=&#8221;link_image&#8221;][\/vc_column][vc_column width=&#8221;1\/3&#8243;][vc_single_image image=&#8221;343&#8243; img_size=&#8221;small&#8221; onclick=&#8221;link_image&#8221;][\/vc_column][\/vc_row][vc_row full_width=&#8221;stretch_row&#8221; &hellip;","og_url":"https:\/\/www.hacklbauer.at\/cs\/program-dest-den\/","og_site_name":"Bauernhof Hacklbauer","article_modified_time":"2018-08-28T14:45:56+00:00","og_image":[{"width":1920,"height":800,"url":"https:\/\/www.hacklbauer.at\/wp-content\/uploads\/beitragsbild-schlechtwetter-altenmarkt-zauchensee-salzburg-1.jpg","type":"image\/jpeg"}],"twitter_card":"summary_large_image","twitter_misc":{"Odhadovan\u00e1 doba \u010dten\u00ed":"3 minuty"},"schema":{"@context":"https:\/\/schema.org","@graph":[{"@type":"WebPage","@id":"https:\/\/www.hacklbauer.at\/cs\/program-dest-den\/","url":"https:\/\/www.hacklbauer.at\/cs\/program-dest-den\/","name":"Program pro de\u0161tiv\u00fd den - Bauernhof Hacklbauer","isPartOf":{"@id":"https:\/\/www.hacklbauer.at\/cs\/#website"},"primaryImageOfPage":{"@id":"https:\/\/www.hacklbauer.at\/cs\/program-dest-den\/#primaryimage"},"image":{"@id":"https:\/\/www.hacklbauer.at\/cs\/program-dest-den\/#primaryimage"},"thumbnailUrl":"https:\/\/www.hacklbauer.at\/wp-content\/uploads\/beitragsbild-schlechtwetter-altenmarkt-zauchensee-salzburg-1.jpg","datePublished":"2017-09-25T12:19:03+00:00","dateModified":"2018-08-28T14:45:56+00:00","breadcrumb":{"@id":"https:\/\/www.hacklbauer.at\/cs\/program-dest-den\/#breadcrumb"},"inLanguage":"cs","potentialAction":[{"@type":"ReadAction","target":["https:\/\/www.hacklbauer.at\/cs\/program-dest-den\/"]}]},{"@type":"ImageObject","inLanguage":"cs","@id":"https:\/\/www.hacklbauer.at\/cs\/program-dest-den\/#primaryimage","url":"https:\/\/www.hacklbauer.at\/wp-content\/uploads\/beitragsbild-schlechtwetter-altenmarkt-zauchensee-salzburg-1.jpg","contentUrl":"https:\/\/www.hacklbauer.at\/wp-content\/uploads\/beitragsbild-schlechtwetter-altenmarkt-zauchensee-salzburg-1.jpg","width":1920,"height":800},{"@type":"BreadcrumbList","@id":"https:\/\/www.hacklbauer.at\/cs\/program-dest-den\/#breadcrumb","itemListElement":[{"@type":"ListItem","position":1,"name":"Dom\u016f","item":"https:\/\/www.hacklbauer.at\/cs\/"},{"@type":"ListItem","position":2,"name":"Program pro de\u0161tiv\u00fd den"}]},{"@type":"WebSite","@id":"https:\/\/www.hacklbauer.at\/cs\/#website","url":"https:\/\/www.hacklbauer.at\/cs\/","name":"Bauernhof Hacklbauer","description":"Ferienwohnungen in Altenmarkt","potentialAction":[{"@type":"SearchAction","target":{"@type":"EntryPoint","urlTemplate":"https:\/\/www.hacklbauer.at\/cs\/?s={search_term_string}"},"query-input":{"@type":"PropertyValueSpecification","valueRequired":true,"valueName":"search_term_string"}}],"inLanguage":"cs"}]}},"_links":{"self":[{"href":"https:\/\/www.hacklbauer.at\/cs\/wp-json\/wp\/v2\/pages\/1353","targetHints":{"allow":["GET"]}}],"collection":[{"href":"https:\/\/www.hacklbauer.at\/cs\/wp-json\/wp\/v2\/pages"}],"about":[{"href":"https:\/\/www.hacklbauer.at\/cs\/wp-json\/wp\/v2\/types\/page"}],"author":[{"embeddable":true,"href":"https:\/\/www.hacklbauer.at\/cs\/wp-json\/wp\/v2\/users\/1"}],"replies":[{"embeddable":true,"href":"https:\/\/www.hacklbauer.at\/cs\/wp-json\/wp\/v2\/comments?post=1353"}],"version-history":[{"count":0,"href":"https:\/\/www.hacklbauer.at\/cs\/wp-json\/wp\/v2\/pages\/1353\/revisions"}],"wp:featuredmedia":[{"embeddable":true,"href":"https:\/\/www.hacklbauer.at\/cs\/wp-json\/wp\/v2\/media\/1355"}],"wp:attachment":[{"href":"https:\/\/www.hacklbauer.at\/cs\/wp-json\/wp\/v2\/media?parent=1353"}],"curies":[{"name":"wp","href":"https:\/\/api.w.org\/{rel}","templated":true}]}}