{"id":1356,"date":"2017-09-25T14:19:03","date_gmt":"2017-09-25T12:19:03","guid":{"rendered":"https:\/\/www.hacklbauer.at\/family-farm-holiday-altenmarkt\/"},"modified":"2018-08-28T16:46:26","modified_gmt":"2018-08-28T14:46:26","slug":"rodina-farma-dovolena-altenmarkt","status":"publish","type":"page","link":"https:\/\/www.hacklbauer.at\/cs\/rodina-farma-dovolena-altenmarkt\/","title":{"rendered":"Z\u00e1bava &#038; hry"},"content":{"rendered":"<div class=\"wpb-content-wrapper\"><p>[vc_row][vc_column][vc_column_text]<\/p>\n<h1>Z\u00e1bava u Hacklbauera<\/h1>\n<h2>rodinn\u00e1 dovolen\u00e1 na farm\u011b v Altenmarktu<\/h2>\n<p>[\/vc_column_text][\/vc_column][\/vc_row][vc_row][vc_column][vc_column_text]Poloha na\u0161\u00ed <a href=\"https:\/\/www.hacklbauer.at\/cs\/\">farmy<\/a> v <strong>Altenmarktu im Pongau<\/strong> na kraji lesa a vedle mal\u00e9ho pot\u016f\u010dku motivuje mal\u00e9 i velk\u00e9 k objevov\u00e1n\u00ed p\u0159\u00edrody v\u0161emi smysly. P\u0159\u00edmo na farm\u011b m\u016f\u017eete odpo\u010d\u00edvat po jablon\u011bmi. Va\u0161e d\u011bti mohou jednodu\u0161e &#8220;b\u00fdt d\u011btmi&#8221;, ani\u017e by je cokoli ru\u0161ilo. M\u00e1me tu <strong>h\u0159i\u0161t\u011b<\/strong>, <strong>baz\u00e9nek<\/strong>, <strong>p\u00edskovi\u0161t\u011b <\/strong>a<strong> f\u016fru zv\u00ed\u0159at<\/strong>, se kter\u00fdmi se m\u016f\u017eete kamar\u00e1dit. Velk\u00fdm z\u00e1\u017eitkem je tak\u00e9 letn\u00ed ve\u010dern\u00ed <strong>grilov\u00e1n\u00ed<\/strong>.[\/vc_column_text][\/vc_column][\/vc_row][vc_row][vc_column]<div id=\"ult-carousel-202104841969e03c051513c\" class=\"ult-carousel-wrapper   ult_horizontal\" data-gutter=\"15\" data-rtl=\"false\" ><div class=\"ult-carousel-208630511969e03c051501a \" >[vc_single_image image=&#8221;352&#8243; img_size=&#8221;medium&#8221; onclick=&#8221;link_image&#8221;][vc_single_image image=&#8221;357&#8243; img_size=&#8221;medium&#8221; onclick=&#8221;link_image&#8221;][vc_single_image image=&#8221;358&#8243; img_size=&#8221;medium&#8221; onclick=&#8221;link_image&#8221;][vc_single_image image=&#8221;737&#8243; img_size=&#8221;medium&#8221; onclick=&#8221;link_image&#8221;][vc_single_image image=&#8221;735&#8243; img_size=&#8221;medium&#8221; onclick=&#8221;link_image&#8221;][vc_single_image image=&#8221;738&#8243; img_size=&#8221;medium&#8221; onclick=&#8221;link_image&#8221;][vc_single_image image=&#8221;736&#8243; img_size=&#8221;medium&#8221; onclick=&#8221;link_image&#8221;][vc_single_image image=&#8221;356&#8243; img_size=&#8221;medium&#8221; onclick=&#8221;link_image&#8221;][vc_single_image image=&#8221;355&#8243; img_size=&#8221;medium&#8221; onclick=&#8221;link_image&#8221;][vc_single_image image=&#8221;353&#8243; img_size=&#8221;medium&#8221; onclick=&#8221;link_image&#8221;][vc_single_image image=&#8221;371&#8243; img_size=&#8221;medium&#8221; onclick=&#8221;link_image&#8221;][vc_single_image image=&#8221;354&#8243; img_size=&#8221;medium&#8221; onclick=&#8221;link_image&#8221;][vc_single_image image=&#8221;359&#8243; img_size=&#8221;medium&#8221; onclick=&#8221;link_image&#8221;][vc_single_image image=&#8221;360&#8243; img_size=&#8221;medium&#8221; onclick=&#8221;link_image&#8221;][vc_single_image image=&#8221;369&#8243; img_size=&#8221;medium&#8221; onclick=&#8221;link_image&#8221;][vc_single_image image=&#8221;361&#8243; img_size=&#8221;medium&#8221; onclick=&#8221;link_image&#8221;][vc_single_image image=&#8221;362&#8243; img_size=&#8221;medium&#8221; onclick=&#8221;link_image&#8221;][vc_single_image image=&#8221;363&#8243; img_size=&#8221;medium&#8221; onclick=&#8221;link_image&#8221;]<\/div><\/div>\t\t\t<script type=\"text\/javascript\">\n\t\t\t\tjQuery(document).ready(function ($) {\n\t\t\t\t\tif( typeof jQuery('.ult-carousel-208630511969e03c051501a').slick == \"function\"){\n\t\t\t\t\t\t$('.ult-carousel-208630511969e03c051501a').slick({dots: true,autoplay: true,autoplaySpeed: \"5000\",speed: \"300\",infinite: true,arrows: true,nextArrow: '<button type=\"button\" role=\"button\" aria-label=\"Next\" style=\"color:#0a0a0a; font-size:80px;\" class=\"slick-next default\"><i class=\"ultsl-arrow-right6\"><\/i><\/button>',prevArrow: '<button type=\"button\" role=\"button\" aria-label=\"Previous\" style=\"color:#0a0a0a; font-size:80px;\" class=\"slick-prev default\"><i class=\"ultsl-arrow-left6\"><\/i><\/button>',slidesToScroll:2,slidesToShow:2,swipe: true,draggable: true,touchMove: true,pauseOnHover: true,pauseOnFocus: false,responsive: [\n\t\t\t\t\t\t\t{\n\t\t\t\t\t\t\t  breakpoint: 1026,\n\t\t\t\t\t\t\t  settings: {\n\t\t\t\t\t\t\t\tslidesToShow: 2,\n\t\t\t\t\t\t\t\tslidesToScroll: 2,  \n\t\t\t\t\t\t\t  }\n\t\t\t\t\t\t\t},\n\t\t\t\t\t\t\t{\n\t\t\t\t\t\t\t  breakpoint: 1025,\n\t\t\t\t\t\t\t  settings: {\n\t\t\t\t\t\t\t\tslidesToShow: 1,\n\t\t\t\t\t\t\t\tslidesToScroll: 1\n\t\t\t\t\t\t\t  }\n\t\t\t\t\t\t\t},\n\t\t\t\t\t\t\t{\n\t\t\t\t\t\t\t  breakpoint: 760,\n\t\t\t\t\t\t\t  settings: {\n\t\t\t\t\t\t\t\tslidesToShow: 1,\n\t\t\t\t\t\t\t\tslidesToScroll: 1\n\t\t\t\t\t\t\t  }\n\t\t\t\t\t\t\t}\n\t\t\t\t\t\t],pauseOnDotsHover: true,customPaging: function(slider, i) {\n                   return '<i type=\"button\" style= \"color:#333333;\" class=\"ultsl-record\" data-role=\"none\"><\/i>';\n                },});\n\t\t\t\t\t}\n\t\t\t\t});\n\t\t\t<\/script>\n\t\t\t[\/vc_column][\/vc_row][vc_row full_width=&#8221;stretch_row&#8221; bg_type=&#8221;bg_color&#8221; el_class=&#8221;hintergrund&#8221; bg_color_value=&#8221;#ffffff&#8221;][vc_column][vc_column_text]<\/p>\n<h3 style=\"text-align: center;\"><img decoding=\"async\" class=\"alignnone size-full wp-image-22\" src=\"https:\/\/www.hacklbauer.at\/wp-content\/uploads\/deko-gruen-l.png\" alt=\"Deko gr\u00fcn\" width=\"34\" height=\"41\" \/>Opravdov\u00fd r\u00e1j pro d\u011bti<img decoding=\"async\" class=\"alignnone size-full wp-image-23\" src=\"https:\/\/www.hacklbauer.at\/wp-content\/uploads\/deko-gruen-r.png\" alt=\"Deko Gr\u00fcn\" width=\"34\" height=\"41\" \/><\/h3>\n<p>[\/vc_column_text][vc_row_inner][vc_column_inner width=&#8221;1\/2&#8243;][vc_column_text el_class=&#8221;aufzaehlung&#8221;]<\/p>\n<ul>\n<li>Vyra\u017ete z farmy na proj\u00ed\u017e\u010fku na kole<\/li>\n<li>Proje\u010fte se na pon\u00edkovi &amp; pomo\u017ete n\u00e1m ve st\u00e1ji<\/li>\n<li>Podle ro\u010dn\u00edho obdob\u00ed &#8211; ru\u010dn\u00ed pr\u00e1ce a \u0159emesla s p\u0159\u00edrodn\u00edmi materi\u00e1ly<\/li>\n<li>Relaxujte v ovocn\u00e9m sadu<\/li>\n<li>Hrajte si na h\u0159i\u0161ti<\/li>\n<li>Hra\u010dky pro v\u0161echny v\u011bkov\u00e9 kategorie<\/li>\n<li>U\u017eijte si legraci<\/li>\n<li>Prozkoumejte les<\/li>\n<li>Hrajte si u potoka<\/li>\n<\/ul>\n<p>[\/vc_column_text][\/vc_column_inner][vc_column_inner width=&#8221;1\/2&#8243;][vc_column_text]<\/p>\n<ul>\n<li>R\u00e1chejte se v bl\u00e1t\u011b jak dlouho chcete<\/li>\n<li>Proh\u00e1n\u011bjte se kolem na motok\u00e1\u0159e<\/li>\n<li>Hla\u010fte &amp; krmte ko\u010dky &amp; kr\u00e1l\u00edky<\/li>\n<li>Proch\u00e1zejte se v de\u0161ti<\/li>\n<li>Pozorujte jeleny v lese<\/li>\n<li>Sp\u011bte ve stanu v ovocn\u00e9m sadu, kdy\u017e je nebe pln\u00e9 hv\u011bzd<\/li>\n<li>Sb\u00edrejte s n\u00e1mi bylinky<\/li>\n<li>V\u00e1lejte se ve sn\u011bhu do sytosti<\/li>\n<li>S\u00e1\u0148kujte a bobujte kolem farmy<\/li>\n<li>Postavte sn\u011bhul\u00e1ka atd.<\/li>\n<\/ul>\n<p>[\/vc_column_text][\/vc_column_inner][\/vc_row_inner][\/vc_column][\/vc_row][vc_row][vc_column width=&#8221;1\/3&#8243;][vc_column_text]<span class=\"button-block\"><a href=\"https:\/\/www.hacklbauer.at\/tiere-kraeutergarten\/\">Zv\u00ed\u0159ata &amp; bylinkov\u00e1 zahrada<\/a><\/span>[\/vc_column_text][\/vc_column][vc_column width=&#8221;1\/3&#8243;][vc_column_text]<span class=\"button-block\"><a href=\"https:\/\/www.hacklbauer.at\/landwirtschaft\/\">Farma\u0159en\u00ed<\/a><\/span>[\/vc_column_text][\/vc_column][vc_column width=&#8221;1\/3&#8243;][vc_column_text]<span class=\"button-block\"><a href=\"https:\/\/www.hacklbauer.at\/cs\/program-dest-den\/\">Program pro de\u0161tiv\u00fd den<\/a><\/span>[\/vc_column_text][\/vc_column][\/vc_row]<\/p>\n<\/div>","protected":false},"excerpt":{"rendered":"<p>[vc_row][vc_column][vc_column_text] Z\u00e1bava u Hacklbauera rodinn\u00e1 dovolen\u00e1 na farm\u011b v Altenmarktu [\/vc_column_text][\/vc_column][\/vc_row][vc_row][vc_column][vc_column_text]Poloha na\u0161\u00ed farmy v Altenmarktu im Pongau na kraji lesa a vedle mal\u00e9ho pot\u016f\u010dku motivuje mal\u00e9 i velk\u00e9 k objevov\u00e1n\u00ed p\u0159\u00edrody v\u0161emi smysly. P\u0159\u00edmo na farm\u011b m\u016f\u017eete odpo\u010d\u00edvat po jablon\u011bmi. Va\u0161e d\u011bti mohou jednodu\u0161e &#8220;b\u00fdt d\u011btmi&#8221;, ani\u017e by je cokoli ru\u0161ilo. M\u00e1me tu h\u0159i\u0161t\u011b, baz\u00e9nek, &hellip;<\/p>\n\n<p><a class=\"readmore btn btn-default btn-default btn-block\" href=\"https:\/\/www.hacklbauer.at\/cs\/rodina-farma-dovolena-altenmarkt\/\">Read More<\/a><\/p>","protected":false},"author":1,"featured_media":1358,"parent":0,"menu_order":0,"comment_status":"closed","ping_status":"closed","template":"","meta":{"footnotes":""},"class_list":["post-1356","page","type-page","status-publish","has-post-thumbnail","hentry"],"yoast_head":"<!-- This site is optimized with the Yoast SEO plugin v27.3 - https:\/\/yoast.com\/product\/yoast-seo-wordpress\/ -->\n<title>Z\u00e1bava &amp; hry na rodinn\u00e9 dovolen\u00e9 v zemi Salzburg, farma Hacklbauer<\/title>\n<meta name=\"description\" content=\"Mnoho zv\u00ed\u0159at, h\u0159i\u0161t\u011b, baz\u00e9nek, p\u00edskovi\u0161t\u011b, motok\u00e1ry, p\u0159\u00edroda, ovocn\u00fd sad... \u010dekaj\u00ed na mlad\u0161\u00ed i star\u0161\u00ed \u010dleny va\u0161\u00ed rodiny na dovolen\u00e9 v okol\u00ed Salzburgu.\" \/>\n<meta name=\"robots\" content=\"index, follow, max-snippet:-1, max-image-preview:large, max-video-preview:-1\" \/>\n<link rel=\"canonical\" href=\"https:\/\/www.hacklbauer.at\/cs\/rodina-farma-dovolena-altenmarkt\/\" \/>\n<meta property=\"og:locale\" content=\"cs_CZ\" \/>\n<meta property=\"og:type\" content=\"article\" \/>\n<meta property=\"og:title\" content=\"Z\u00e1bava &amp; hry na rodinn\u00e9 dovolen\u00e9 v zemi Salzburg, farma Hacklbauer\" \/>\n<meta property=\"og:description\" content=\"Mnoho zv\u00ed\u0159at, h\u0159i\u0161t\u011b, baz\u00e9nek, p\u00edskovi\u0161t\u011b, motok\u00e1ry, p\u0159\u00edroda, ovocn\u00fd sad... \u010dekaj\u00ed na mlad\u0161\u00ed i star\u0161\u00ed \u010dleny va\u0161\u00ed rodiny na dovolen\u00e9 v okol\u00ed Salzburgu.\" \/>\n<meta property=\"og:url\" content=\"https:\/\/www.hacklbauer.at\/cs\/rodina-farma-dovolena-altenmarkt\/\" \/>\n<meta property=\"og:site_name\" content=\"Bauernhof Hacklbauer\" \/>\n<meta property=\"article:modified_time\" content=\"2018-08-28T14:46:26+00:00\" \/>\n<meta property=\"og:image\" content=\"https:\/\/www.hacklbauer.at\/wp-content\/uploads\/beitragsbild-spielspass-altenmarkt-zauchensee-salzburg-1.jpg\" \/>\n\t<meta property=\"og:image:width\" content=\"1920\" \/>\n\t<meta property=\"og:image:height\" content=\"800\" \/>\n\t<meta property=\"og:image:type\" content=\"image\/jpeg\" \/>\n<meta name=\"twitter:card\" content=\"summary_large_image\" \/>\n<meta name=\"twitter:label1\" content=\"Odhadovan\u00e1 doba \u010dten\u00ed\" \/>\n\t<meta name=\"twitter:data1\" content=\"3 minuty\" \/>\n<script type=\"application\/ld+json\" class=\"yoast-schema-graph\">{\"@context\":\"https:\\\/\\\/schema.org\",\"@graph\":[{\"@type\":\"WebPage\",\"@id\":\"https:\\\/\\\/www.hacklbauer.at\\\/cs\\\/rodina-farma-dovolena-altenmarkt\\\/\",\"url\":\"https:\\\/\\\/www.hacklbauer.at\\\/cs\\\/rodina-farma-dovolena-altenmarkt\\\/\",\"name\":\"Z\u00e1bava & hry na rodinn\u00e9 dovolen\u00e9 v zemi Salzburg, farma Hacklbauer\",\"isPartOf\":{\"@id\":\"https:\\\/\\\/www.hacklbauer.at\\\/cs\\\/#website\"},\"primaryImageOfPage\":{\"@id\":\"https:\\\/\\\/www.hacklbauer.at\\\/cs\\\/rodina-farma-dovolena-altenmarkt\\\/#primaryimage\"},\"image\":{\"@id\":\"https:\\\/\\\/www.hacklbauer.at\\\/cs\\\/rodina-farma-dovolena-altenmarkt\\\/#primaryimage\"},\"thumbnailUrl\":\"https:\\\/\\\/www.hacklbauer.at\\\/wp-content\\\/uploads\\\/beitragsbild-spielspass-altenmarkt-zauchensee-salzburg-1.jpg\",\"datePublished\":\"2017-09-25T12:19:03+00:00\",\"dateModified\":\"2018-08-28T14:46:26+00:00\",\"description\":\"Mnoho zv\u00ed\u0159at, h\u0159i\u0161t\u011b, baz\u00e9nek, p\u00edskovi\u0161t\u011b, motok\u00e1ry, p\u0159\u00edroda, ovocn\u00fd sad... \u010dekaj\u00ed na mlad\u0161\u00ed i star\u0161\u00ed \u010dleny va\u0161\u00ed rodiny na dovolen\u00e9 v okol\u00ed Salzburgu.\",\"breadcrumb\":{\"@id\":\"https:\\\/\\\/www.hacklbauer.at\\\/cs\\\/rodina-farma-dovolena-altenmarkt\\\/#breadcrumb\"},\"inLanguage\":\"cs\",\"potentialAction\":[{\"@type\":\"ReadAction\",\"target\":[\"https:\\\/\\\/www.hacklbauer.at\\\/cs\\\/rodina-farma-dovolena-altenmarkt\\\/\"]}]},{\"@type\":\"ImageObject\",\"inLanguage\":\"cs\",\"@id\":\"https:\\\/\\\/www.hacklbauer.at\\\/cs\\\/rodina-farma-dovolena-altenmarkt\\\/#primaryimage\",\"url\":\"https:\\\/\\\/www.hacklbauer.at\\\/wp-content\\\/uploads\\\/beitragsbild-spielspass-altenmarkt-zauchensee-salzburg-1.jpg\",\"contentUrl\":\"https:\\\/\\\/www.hacklbauer.at\\\/wp-content\\\/uploads\\\/beitragsbild-spielspass-altenmarkt-zauchensee-salzburg-1.jpg\",\"width\":1920,\"height\":800},{\"@type\":\"BreadcrumbList\",\"@id\":\"https:\\\/\\\/www.hacklbauer.at\\\/cs\\\/rodina-farma-dovolena-altenmarkt\\\/#breadcrumb\",\"itemListElement\":[{\"@type\":\"ListItem\",\"position\":1,\"name\":\"Dom\u016f\",\"item\":\"https:\\\/\\\/www.hacklbauer.at\\\/cs\\\/\"},{\"@type\":\"ListItem\",\"position\":2,\"name\":\"Z\u00e1bava &#038; hry\"}]},{\"@type\":\"WebSite\",\"@id\":\"https:\\\/\\\/www.hacklbauer.at\\\/cs\\\/#website\",\"url\":\"https:\\\/\\\/www.hacklbauer.at\\\/cs\\\/\",\"name\":\"Bauernhof Hacklbauer\",\"description\":\"Ferienwohnungen in Altenmarkt\",\"potentialAction\":[{\"@type\":\"SearchAction\",\"target\":{\"@type\":\"EntryPoint\",\"urlTemplate\":\"https:\\\/\\\/www.hacklbauer.at\\\/cs\\\/?s={search_term_string}\"},\"query-input\":{\"@type\":\"PropertyValueSpecification\",\"valueRequired\":true,\"valueName\":\"search_term_string\"}}],\"inLanguage\":\"cs\"}]}<\/script>\n<!-- \/ Yoast SEO plugin. -->","yoast_head_json":{"title":"Z\u00e1bava & hry na rodinn\u00e9 dovolen\u00e9 v zemi Salzburg, farma Hacklbauer","description":"Mnoho zv\u00ed\u0159at, h\u0159i\u0161t\u011b, baz\u00e9nek, p\u00edskovi\u0161t\u011b, motok\u00e1ry, p\u0159\u00edroda, ovocn\u00fd sad... \u010dekaj\u00ed na mlad\u0161\u00ed i star\u0161\u00ed \u010dleny va\u0161\u00ed rodiny na dovolen\u00e9 v okol\u00ed Salzburgu.","robots":{"index":"index","follow":"follow","max-snippet":"max-snippet:-1","max-image-preview":"max-image-preview:large","max-video-preview":"max-video-preview:-1"},"canonical":"https:\/\/www.hacklbauer.at\/cs\/rodina-farma-dovolena-altenmarkt\/","og_locale":"cs_CZ","og_type":"article","og_title":"Z\u00e1bava & hry na rodinn\u00e9 dovolen\u00e9 v zemi Salzburg, farma Hacklbauer","og_description":"Mnoho zv\u00ed\u0159at, h\u0159i\u0161t\u011b, baz\u00e9nek, p\u00edskovi\u0161t\u011b, motok\u00e1ry, p\u0159\u00edroda, ovocn\u00fd sad... \u010dekaj\u00ed na mlad\u0161\u00ed i star\u0161\u00ed \u010dleny va\u0161\u00ed rodiny na dovolen\u00e9 v okol\u00ed Salzburgu.","og_url":"https:\/\/www.hacklbauer.at\/cs\/rodina-farma-dovolena-altenmarkt\/","og_site_name":"Bauernhof Hacklbauer","article_modified_time":"2018-08-28T14:46:26+00:00","og_image":[{"width":1920,"height":800,"url":"https:\/\/www.hacklbauer.at\/wp-content\/uploads\/beitragsbild-spielspass-altenmarkt-zauchensee-salzburg-1.jpg","type":"image\/jpeg"}],"twitter_card":"summary_large_image","twitter_misc":{"Odhadovan\u00e1 doba \u010dten\u00ed":"3 minuty"},"schema":{"@context":"https:\/\/schema.org","@graph":[{"@type":"WebPage","@id":"https:\/\/www.hacklbauer.at\/cs\/rodina-farma-dovolena-altenmarkt\/","url":"https:\/\/www.hacklbauer.at\/cs\/rodina-farma-dovolena-altenmarkt\/","name":"Z\u00e1bava & hry na rodinn\u00e9 dovolen\u00e9 v zemi Salzburg, farma Hacklbauer","isPartOf":{"@id":"https:\/\/www.hacklbauer.at\/cs\/#website"},"primaryImageOfPage":{"@id":"https:\/\/www.hacklbauer.at\/cs\/rodina-farma-dovolena-altenmarkt\/#primaryimage"},"image":{"@id":"https:\/\/www.hacklbauer.at\/cs\/rodina-farma-dovolena-altenmarkt\/#primaryimage"},"thumbnailUrl":"https:\/\/www.hacklbauer.at\/wp-content\/uploads\/beitragsbild-spielspass-altenmarkt-zauchensee-salzburg-1.jpg","datePublished":"2017-09-25T12:19:03+00:00","dateModified":"2018-08-28T14:46:26+00:00","description":"Mnoho zv\u00ed\u0159at, h\u0159i\u0161t\u011b, baz\u00e9nek, p\u00edskovi\u0161t\u011b, motok\u00e1ry, p\u0159\u00edroda, ovocn\u00fd sad... \u010dekaj\u00ed na mlad\u0161\u00ed i star\u0161\u00ed \u010dleny va\u0161\u00ed rodiny na dovolen\u00e9 v okol\u00ed Salzburgu.","breadcrumb":{"@id":"https:\/\/www.hacklbauer.at\/cs\/rodina-farma-dovolena-altenmarkt\/#breadcrumb"},"inLanguage":"cs","potentialAction":[{"@type":"ReadAction","target":["https:\/\/www.hacklbauer.at\/cs\/rodina-farma-dovolena-altenmarkt\/"]}]},{"@type":"ImageObject","inLanguage":"cs","@id":"https:\/\/www.hacklbauer.at\/cs\/rodina-farma-dovolena-altenmarkt\/#primaryimage","url":"https:\/\/www.hacklbauer.at\/wp-content\/uploads\/beitragsbild-spielspass-altenmarkt-zauchensee-salzburg-1.jpg","contentUrl":"https:\/\/www.hacklbauer.at\/wp-content\/uploads\/beitragsbild-spielspass-altenmarkt-zauchensee-salzburg-1.jpg","width":1920,"height":800},{"@type":"BreadcrumbList","@id":"https:\/\/www.hacklbauer.at\/cs\/rodina-farma-dovolena-altenmarkt\/#breadcrumb","itemListElement":[{"@type":"ListItem","position":1,"name":"Dom\u016f","item":"https:\/\/www.hacklbauer.at\/cs\/"},{"@type":"ListItem","position":2,"name":"Z\u00e1bava &#038; hry"}]},{"@type":"WebSite","@id":"https:\/\/www.hacklbauer.at\/cs\/#website","url":"https:\/\/www.hacklbauer.at\/cs\/","name":"Bauernhof Hacklbauer","description":"Ferienwohnungen in Altenmarkt","potentialAction":[{"@type":"SearchAction","target":{"@type":"EntryPoint","urlTemplate":"https:\/\/www.hacklbauer.at\/cs\/?s={search_term_string}"},"query-input":{"@type":"PropertyValueSpecification","valueRequired":true,"valueName":"search_term_string"}}],"inLanguage":"cs"}]}},"_links":{"self":[{"href":"https:\/\/www.hacklbauer.at\/cs\/wp-json\/wp\/v2\/pages\/1356","targetHints":{"allow":["GET"]}}],"collection":[{"href":"https:\/\/www.hacklbauer.at\/cs\/wp-json\/wp\/v2\/pages"}],"about":[{"href":"https:\/\/www.hacklbauer.at\/cs\/wp-json\/wp\/v2\/types\/page"}],"author":[{"embeddable":true,"href":"https:\/\/www.hacklbauer.at\/cs\/wp-json\/wp\/v2\/users\/1"}],"replies":[{"embeddable":true,"href":"https:\/\/www.hacklbauer.at\/cs\/wp-json\/wp\/v2\/comments?post=1356"}],"version-history":[{"count":0,"href":"https:\/\/www.hacklbauer.at\/cs\/wp-json\/wp\/v2\/pages\/1356\/revisions"}],"wp:featuredmedia":[{"embeddable":true,"href":"https:\/\/www.hacklbauer.at\/cs\/wp-json\/wp\/v2\/media\/1358"}],"wp:attachment":[{"href":"https:\/\/www.hacklbauer.at\/cs\/wp-json\/wp\/v2\/media?parent=1356"}],"curies":[{"name":"wp","href":"https:\/\/api.w.org\/{rel}","templated":true}]}}