{"id":1359,"date":"2017-09-25T14:19:03","date_gmt":"2017-09-25T12:19:03","guid":{"rendered":"https:\/\/www.hacklbauer.at\/animals-herb-garden\/"},"modified":"2018-08-28T16:46:51","modified_gmt":"2018-08-28T14:46:51","slug":"zvirata-bylinky-zahrada","status":"publish","type":"page","link":"https:\/\/www.hacklbauer.at\/cs\/zvirata-bylinky-zahrada\/","title":{"rendered":"Zv\u00ed\u0159ata &#038; bylinkov\u00e1 zahr\u00e1dka"},"content":{"rendered":"<div class=\"wpb-content-wrapper\"><p>[vc_row][vc_column][vc_column_text]<\/p>\n<h1>Zv\u00ed\u0159ata &amp; bylinkov\u00e1 zahr\u00e1dka<\/h1>\n<h2>dovolen\u00e1 na farm\u011b Hacklbauer v Altenmarktu<\/h2>\n<p>[\/vc_column_text][\/vc_column][\/vc_row][vc_row][vc_column][vc_column_text]<strong>\u017divot na farm\u011b <\/strong>pro n\u00e1s znamen\u00e1 \u017e\u00edt v harmonii s p\u0159\u00edrodou. Na <a href=\"https:\/\/www.hacklbauer.at\/cs\/\">farm\u011b Hacklbauer<\/a> se star\u00e1me jak nejl\u00edp um\u00edme o rostliny i zv\u00ed\u0159ata, abychom zachovali \u010distou a kr\u00e1snou p\u0159\u00edrodu pro p\u0159\u00ed\u0161t\u00ed generace. Na\u0161e <strong>dom\u00e1c\u00ed zv\u00ed\u0159ata <\/strong>n\u00e1m d\u00e1vaj\u00ed \u010derstv\u00e9 a hodnotn\u00e9 j\u00eddlo, stejn\u011b jako stromy v <strong>ovocn\u00e9m sadu<\/strong>. V bylinkov\u00e9 zahr\u00e1dce rostou ty nejlep\u0161\u00ed bylinky pro ochucen\u00ed na\u0161ich tradi\u010dn\u00edch dobrot. A p\u0159\u00edmo z kohoutku ve va\u0161em <a href=\"https:\/\/www.hacklbauer.at\/ferienwohnung-ski-amade\/\">pr\u00e1zdninov\u00e9m apartm\u00e1nu <\/a>te\u010de \u010derstv\u00e1 pramenit\u00e1 voda z vlastn\u00ed studny.[\/vc_column_text][\/vc_column][\/vc_row][vc_row full_width=&#8221;stretch_row&#8221; bg_type=&#8221;bg_color&#8221; el_class=&#8221;hintergrund&#8221; bg_color_value=&#8221;#ffffff&#8221;][vc_column][vc_column_text]<\/p>\n<h3 style=\"text-align: center;\"><img decoding=\"async\" class=\"alignnone size-full wp-image-22\" src=\"https:\/\/www.hacklbauer.at\/wp-content\/uploads\/deko-gruen-l.png\" alt=\"Deko gr\u00fcn\" width=\"34\" height=\"41\" \/>Zv\u00ed\u0159ata na farm\u011b Hacklbauer<img decoding=\"async\" class=\"alignnone size-full wp-image-23\" src=\"https:\/\/www.hacklbauer.at\/wp-content\/uploads\/deko-gruen-r.png\" alt=\"Deko Gr\u00fcn\" width=\"34\" height=\"41\" \/><\/h3>\n<p>[\/vc_column_text]<div id=\"ult-carousel-408956754869e1a3420b704\" class=\"ult-carousel-wrapper   ult_horizontal\" data-gutter=\"15\" data-rtl=\"false\" ><div class=\"ult-carousel-219270476469e1a3420b543 \" >[vc_single_image image=&#8221;728&#8243; img_size=&#8221;medium&#8221; onclick=&#8221;link_image&#8221;][vc_single_image image=&#8221;729&#8243; img_size=&#8221;medium&#8221; onclick=&#8221;link_image&#8221;][vc_single_image image=&#8221;741&#8243; img_size=&#8221;medium&#8221; onclick=&#8221;link_image&#8221;][vc_single_image image=&#8221;730&#8243; img_size=&#8221;medium&#8221; onclick=&#8221;link_image&#8221;][vc_single_image image=&#8221;727&#8243; img_size=&#8221;medium&#8221; onclick=&#8221;link_image&#8221;][vc_single_image image=&#8221;819&#8243; img_size=&#8221;medium&#8221; onclick=&#8221;link_image&#8221;][vc_single_image image=&#8221;424&#8243; img_size=&#8221;medium&#8221; onclick=&#8221;link_image&#8221;][vc_single_image image=&#8221;423&#8243; img_size=&#8221;medium&#8221; onclick=&#8221;link_image&#8221;][vc_single_image image=&#8221;422&#8243; img_size=&#8221;medium&#8221; onclick=&#8221;link_image&#8221;][vc_single_image image=&#8221;421&#8243; img_size=&#8221;medium&#8221; onclick=&#8221;link_image&#8221;][vc_single_image image=&#8221;420&#8243; img_size=&#8221;medium&#8221; onclick=&#8221;link_image&#8221;]<\/div><\/div>\t\t\t<script type=\"text\/javascript\">\n\t\t\t\tjQuery(document).ready(function ($) {\n\t\t\t\t\tif( typeof jQuery('.ult-carousel-219270476469e1a3420b543').slick == \"function\"){\n\t\t\t\t\t\t$('.ult-carousel-219270476469e1a3420b543').slick({dots: true,autoplay: true,autoplaySpeed: \"5000\",speed: \"300\",infinite: true,arrows: true,nextArrow: '<button type=\"button\" role=\"button\" aria-label=\"Next\" style=\"color:#0a0a0a; font-size:80px;\" class=\"slick-next default\"><i class=\"ultsl-arrow-right6\"><\/i><\/button>',prevArrow: '<button type=\"button\" role=\"button\" aria-label=\"Previous\" style=\"color:#0a0a0a; font-size:80px;\" class=\"slick-prev default\"><i class=\"ultsl-arrow-left6\"><\/i><\/button>',slidesToScroll:2,slidesToShow:2,swipe: true,draggable: true,touchMove: true,pauseOnHover: true,pauseOnFocus: false,responsive: [\n\t\t\t\t\t\t\t{\n\t\t\t\t\t\t\t  breakpoint: 1026,\n\t\t\t\t\t\t\t  settings: {\n\t\t\t\t\t\t\t\tslidesToShow: 2,\n\t\t\t\t\t\t\t\tslidesToScroll: 2,  \n\t\t\t\t\t\t\t  }\n\t\t\t\t\t\t\t},\n\t\t\t\t\t\t\t{\n\t\t\t\t\t\t\t  breakpoint: 1025,\n\t\t\t\t\t\t\t  settings: {\n\t\t\t\t\t\t\t\tslidesToShow: 1,\n\t\t\t\t\t\t\t\tslidesToScroll: 1\n\t\t\t\t\t\t\t  }\n\t\t\t\t\t\t\t},\n\t\t\t\t\t\t\t{\n\t\t\t\t\t\t\t  breakpoint: 760,\n\t\t\t\t\t\t\t  settings: {\n\t\t\t\t\t\t\t\tslidesToShow: 1,\n\t\t\t\t\t\t\t\tslidesToScroll: 1\n\t\t\t\t\t\t\t  }\n\t\t\t\t\t\t\t}\n\t\t\t\t\t\t],pauseOnDotsHover: true,customPaging: function(slider, i) {\n                   return '<i type=\"button\" style= \"color:#333333;\" class=\"ultsl-record\" data-role=\"none\"><\/i>';\n                },});\n\t\t\t\t\t}\n\t\t\t\t});\n\t\t\t<\/script>\n\t\t\t[vc_column_text]D\u011btem pro pot\u011b\u0161en\u00ed m\u00e1me na farm\u011b <strong>kr\u00e1l\u00edky, ko\u010dky<\/strong> a <strong>pon\u00edka<\/strong>. V kurn\u00edku najdete spoustu ope\u0159en\u00fdch kamar\u00e1d\u016f. Slepice n\u00e1s z\u00e1sobuj\u00ed <strong>\u010derstv\u00fdmi vaj\u00ed\u010dky<\/strong> a <strong>kachny<\/strong> n\u00e1m pom\u00e1haj\u00ed zbavit se slim\u00e1k\u016f. Respektujeme p\u0159\u00edrodu a chr\u00e1n\u00edme ji pro p\u0159\u00ed\u0161t\u00ed generace. Proto m\u016f\u017eeme nab\u00eddnout na\u0161im host\u016fm zdravou, p\u0159irozenou a dob\u0159e <a href=\"https:\/\/www.hacklbauer.at\/landwirtschaft\/\">udr\u017eovanou krajinu<\/a> pro va\u0161i <strong>dovolenou na statku v Altenmarktu v Salzbursku<\/strong>.[\/vc_column_text][\/vc_column][\/vc_row][vc_row][vc_column][vc_column_text]<\/p>\n<h4 style=\"text-align: center;\"><img decoding=\"async\" class=\"alignnone size-full wp-image-27\" src=\"https:\/\/www.hacklbauer.at\/wp-content\/uploads\/deko-rot-l.png\" alt=\"Deko rot\" width=\"35\" height=\"44\" \/>Idylick\u00fd ovocn\u00fd sad<img decoding=\"async\" class=\"alignnone size-full wp-image-28\" style=\"color: #000000; font-family: Muli, sans-serif; font-size: 24px;\" src=\"https:\/\/www.hacklbauer.at\/wp-content\/uploads\/deko-rot-r.png\" alt=\"\" width=\"35\" height=\"44\" \/><\/h4>\n<p>[\/vc_column_text][vc_tta_tabs][vc_tta_section title=&#8221;Ovocn\u00fd sad&#8221; tab_id=&#8221;1507105036664-59b4e571-5260&#8243;][vc_column_text]<\/p>\n<h5 style=\"text-align: left;\">Idylick\u00fd ovocn\u00fd sad se \u0161vestkami, slivon\u011bmi, jablon\u011bmi &amp; hru\u0161n\u011bmi<\/h5>\n<p>[\/vc_column_text][vc_row_inner][vc_column_inner width=&#8221;1\/2&#8243;][vc_gallery interval=&#8221;3&#8243; images=&#8221;732,431,430,427,733&#8243; img_size=&#8221;medium&#8221;][\/vc_column_inner][vc_column_inner width=&#8221;1\/2&#8243;][vc_column_text]V na\u0161em velk\u00e9m sadu rostou<strong> jablka, hru\u0161ky, sl\u00edvy<\/strong> a <strong>\u0161vestky<\/strong>. Na podzim z nich vyr\u00e1b\u00edme <strong>mo\u0161ty, kompoty, d\u017eemy a p\u00e1lenky.<\/strong> Velk\u00e1 zahrada n\u00e1s zase cel\u00e9 l\u00e9to a podzim z\u00e1sobuje r\u016fzn\u00fdmi druhy <strong>zeleniny, sal\u00e1t\u016f a \u010derstv\u00fdch bylinek<\/strong>.[\/vc_column_text][\/vc_column_inner][\/vc_row_inner][\/vc_tta_section][vc_tta_section title=&#8221;V\u00fdborn\u00e9 bylinky&#8221; tab_id=&#8221;1507105316441-a3925225-2794&#8243;][vc_column_text]<\/p>\n<h5 style=\"text-align: left;\">V\u00fdborn\u00e9 bylinky &amp; kr\u00e1sn\u00e9 kv\u011btiny<\/h5>\n<p>[\/vc_column_text][vc_row_inner][vc_column_inner width=&#8221;1\/2&#8243;][vc_gallery interval=&#8221;3&#8243; images=&#8221;426,428,429&#8243; img_size=&#8221;medium&#8221;][\/vc_column_inner][vc_column_inner width=&#8221;1\/2&#8243;][vc_column_text]P\u0159i\u010dichn\u011bte si k rozd\u00edln\u00fdm v\u016fn\u00edm bylinek a porovnejte je navz\u00e1jem podle v\u016fn\u011b i podle list\u016f. Bylinky si m\u016f\u017eete z na\u0161\u00ed zahr\u00e1dky i utrhnout a ochutnat. A p\u0159idat si je \u010derstv\u00e9 do va\u0161eho j\u00eddla. Krom\u011b bylinek u n\u00e1s roste a kvete mnoho kr\u00e1sn\u00fdch kv\u011btin, kter\u00e9 zdob\u00ed farmu od jara a\u017e do podzimu.[\/vc_column_text][\/vc_column_inner][\/vc_row_inner][\/vc_tta_section][vc_tta_section title=&#8221;Pramenit\u00e1 voda&#8221; tab_id=&#8221;1507105278670-a47718ed-dff6&#8243;][vc_column_text]<\/p>\n<h5 style=\"text-align: left;\">\u010cerstv\u00e1 pramenit\u00e1 pitn\u00e1 voda prvot\u0159\u00eddn\u00ed kvality<\/h5>\n<p>[\/vc_column_text][vc_column_text]Voda je \u017eivot. Voda je energie. Voda je nejd\u016fle\u017eit\u011bj\u0161\u00ed zbo\u017e\u00ed. Proto jsme pro v\u00e1s zmodernizovali n\u00e1\u0161 vlastn\u00ed vodn\u00ed zdroj. P\u0159\u00edrodn\u00ed \u010derstv\u00e1 voda vyv\u011br\u00e1 z na\u0161eho <strong>vlastn\u00edho pramene <\/strong>a m\u00e1 tu<strong> nejvy\u0161\u0161\u00ed mo\u017enou kvalitu pitn\u00e9 vody<\/strong>. \u010cist\u00e1, voln\u011b proud\u00edc\u00ed voda m\u00e1 p\u0159irozen\u00fd obsah kysl\u00edku a d\u00edky sv\u00e9 struktu\u0159e obrovsk\u00e9 \u010distic\u00ed a p\u0159epravn\u00ed schopnosti pro na\u0161e t\u011blo. Vychutnejte si na\u0161i \u010derstvou horskou vodu p\u0159\u00edmo z kohoutku ve va\u0161em apartm\u00e1nu.[\/vc_column_text][vc_row_inner][vc_column_inner width=&#8221;1\/2&#8243;][vc_gallery interval=&#8221;3&#8243; images=&#8221;433,432&#8243; img_size=&#8221;medium&#8221;][\/vc_column_inner][vc_column_inner width=&#8221;1\/2&#8243;][vc_column_text]<\/p>\n<h6>Voda n\u00e1m slou\u017e\u00ed&#8230;<\/h6>\n<ul>\n<li>jako dodavetel energie &amp; informac\u00ed<\/li>\n<li>jako rozpou\u0161t\u011bdlo &amp; \u010distic\u00ed tekutina<\/li>\n<li>jako p\u0159epravn\u00ed &amp; vylu\u010dovac\u00ed medium<\/li>\n<li>pro n\u00e1\u0161 metabolismus<\/li>\n<li>jako vyrovn\u00e1vac\u00ed syst\u00e9m<\/li>\n<li>pro p\u0159epravu tepla<\/li>\n<\/ul>\n<p>[\/vc_column_text][\/vc_column_inner][\/vc_row_inner][\/vc_tta_section][\/vc_tta_tabs][\/vc_column][\/vc_row][vc_row][vc_column width=&#8221;1\/3&#8243;][vc_column_text]<span class=\"button-block\"><a href=\"https:\/\/www.hacklbauer.at\/cs\/rodina-farma-dovolena-altenmarkt\/\">Z\u00e1bava &amp; hry<\/a><\/span>[\/vc_column_text][\/vc_column][vc_column width=&#8221;1\/3&#8243;][vc_column_text]<span class=\"button-block\"><a href=\"https:\/\/www.hacklbauer.at\/landwirtschaft\/\">Farma\u0159en\u00ed<\/a><\/span>[\/vc_column_text][\/vc_column][vc_column width=&#8221;1\/3&#8243;][vc_column_text]<span class=\"button-block\"><a href=\"https:\/\/www.hacklbauer.at\/cs\/program-dest-den\/\">Program pro de\u0161tiv\u00fd den<\/a><\/span>[\/vc_column_text][\/vc_column][\/vc_row]<\/p>\n<\/div>","protected":false},"excerpt":{"rendered":"<p>[vc_row][vc_column][vc_column_text] Zv\u00ed\u0159ata &amp; bylinkov\u00e1 zahr\u00e1dka dovolen\u00e1 na farm\u011b Hacklbauer v Altenmarktu [\/vc_column_text][\/vc_column][\/vc_row][vc_row][vc_column][vc_column_text]\u017divot na farm\u011b pro n\u00e1s znamen\u00e1 \u017e\u00edt v harmonii s p\u0159\u00edrodou. Na farm\u011b Hacklbauer se star\u00e1me jak nejl\u00edp um\u00edme o rostliny i zv\u00ed\u0159ata, abychom zachovali \u010distou a kr\u00e1snou p\u0159\u00edrodu pro p\u0159\u00ed\u0161t\u00ed generace. Na\u0161e dom\u00e1c\u00ed zv\u00ed\u0159ata n\u00e1m d\u00e1vaj\u00ed \u010derstv\u00e9 a hodnotn\u00e9 j\u00eddlo, stejn\u011b jako stromy &hellip;<\/p>\n\n<p><a class=\"readmore btn btn-default btn-default btn-block\" href=\"https:\/\/www.hacklbauer.at\/cs\/zvirata-bylinky-zahrada\/\">Read More<\/a><\/p>","protected":false},"author":1,"featured_media":1355,"parent":0,"menu_order":0,"comment_status":"closed","ping_status":"closed","template":"","meta":{"footnotes":""},"class_list":["post-1359","page","type-page","status-publish","has-post-thumbnail","hentry"],"yoast_head":"<!-- This site is optimized with the Yoast SEO plugin v27.4 - https:\/\/yoast.com\/product\/yoast-seo-wordpress\/ -->\n<title>Pr\u00e1zdniny se zv\u00ed\u0159aty na farm\u011b Hacklbauer - dovolen\u00e1 na statku, Salzburg<\/title>\n<meta name=\"description\" content=\"Kr\u00e1l\u00edci, ko\u010dky, pon\u00edk, slepice, kr\u00e1vy a dal\u0161\u00ed zv\u00ed\u0159ata jsou obl\u00edben\u00e1 mezi na\u0161imi mlad\u0161\u00edmi hosty - pestrobarevn\u00e1 dovolen\u00e1 na farm\u011b \u010dek\u00e1 na v\u00e1s.\" \/>\n<meta name=\"robots\" content=\"index, follow, max-snippet:-1, max-image-preview:large, max-video-preview:-1\" \/>\n<link rel=\"canonical\" href=\"https:\/\/www.hacklbauer.at\/cs\/zvirata-bylinky-zahrada\/\" \/>\n<meta property=\"og:locale\" content=\"cs_CZ\" \/>\n<meta property=\"og:type\" content=\"article\" \/>\n<meta property=\"og:title\" content=\"Pr\u00e1zdniny se zv\u00ed\u0159aty na farm\u011b Hacklbauer - dovolen\u00e1 na statku, Salzburg\" \/>\n<meta property=\"og:description\" content=\"Kr\u00e1l\u00edci, ko\u010dky, pon\u00edk, slepice, kr\u00e1vy a dal\u0161\u00ed zv\u00ed\u0159ata jsou obl\u00edben\u00e1 mezi na\u0161imi mlad\u0161\u00edmi hosty - pestrobarevn\u00e1 dovolen\u00e1 na farm\u011b \u010dek\u00e1 na v\u00e1s.\" \/>\n<meta property=\"og:url\" content=\"https:\/\/www.hacklbauer.at\/cs\/zvirata-bylinky-zahrada\/\" \/>\n<meta property=\"og:site_name\" content=\"Bauernhof Hacklbauer\" \/>\n<meta property=\"article:modified_time\" content=\"2018-08-28T14:46:51+00:00\" \/>\n<meta property=\"og:image\" content=\"https:\/\/www.hacklbauer.at\/wp-content\/uploads\/beitragsbild-schlechtwetter-altenmarkt-zauchensee-salzburg-1.jpg\" \/>\n\t<meta property=\"og:image:width\" content=\"1920\" \/>\n\t<meta property=\"og:image:height\" content=\"800\" \/>\n\t<meta property=\"og:image:type\" content=\"image\/jpeg\" \/>\n<meta name=\"twitter:card\" content=\"summary_large_image\" \/>\n<meta name=\"twitter:label1\" content=\"Odhadovan\u00e1 doba \u010dten\u00ed\" \/>\n\t<meta name=\"twitter:data1\" content=\"5 minut\" \/>\n<script type=\"application\/ld+json\" class=\"yoast-schema-graph\">{\"@context\":\"https:\\\/\\\/schema.org\",\"@graph\":[{\"@type\":\"WebPage\",\"@id\":\"https:\\\/\\\/www.hacklbauer.at\\\/cs\\\/zvirata-bylinky-zahrada\\\/\",\"url\":\"https:\\\/\\\/www.hacklbauer.at\\\/cs\\\/zvirata-bylinky-zahrada\\\/\",\"name\":\"Pr\u00e1zdniny se zv\u00ed\u0159aty na farm\u011b Hacklbauer - dovolen\u00e1 na statku, Salzburg\",\"isPartOf\":{\"@id\":\"https:\\\/\\\/www.hacklbauer.at\\\/cs\\\/#website\"},\"primaryImageOfPage\":{\"@id\":\"https:\\\/\\\/www.hacklbauer.at\\\/cs\\\/zvirata-bylinky-zahrada\\\/#primaryimage\"},\"image\":{\"@id\":\"https:\\\/\\\/www.hacklbauer.at\\\/cs\\\/zvirata-bylinky-zahrada\\\/#primaryimage\"},\"thumbnailUrl\":\"https:\\\/\\\/www.hacklbauer.at\\\/wp-content\\\/uploads\\\/beitragsbild-schlechtwetter-altenmarkt-zauchensee-salzburg-1.jpg\",\"datePublished\":\"2017-09-25T12:19:03+00:00\",\"dateModified\":\"2018-08-28T14:46:51+00:00\",\"description\":\"Kr\u00e1l\u00edci, ko\u010dky, pon\u00edk, slepice, kr\u00e1vy a dal\u0161\u00ed zv\u00ed\u0159ata jsou obl\u00edben\u00e1 mezi na\u0161imi mlad\u0161\u00edmi hosty - pestrobarevn\u00e1 dovolen\u00e1 na farm\u011b \u010dek\u00e1 na v\u00e1s.\",\"breadcrumb\":{\"@id\":\"https:\\\/\\\/www.hacklbauer.at\\\/cs\\\/zvirata-bylinky-zahrada\\\/#breadcrumb\"},\"inLanguage\":\"cs\",\"potentialAction\":[{\"@type\":\"ReadAction\",\"target\":[\"https:\\\/\\\/www.hacklbauer.at\\\/cs\\\/zvirata-bylinky-zahrada\\\/\"]}]},{\"@type\":\"ImageObject\",\"inLanguage\":\"cs\",\"@id\":\"https:\\\/\\\/www.hacklbauer.at\\\/cs\\\/zvirata-bylinky-zahrada\\\/#primaryimage\",\"url\":\"https:\\\/\\\/www.hacklbauer.at\\\/wp-content\\\/uploads\\\/beitragsbild-schlechtwetter-altenmarkt-zauchensee-salzburg-1.jpg\",\"contentUrl\":\"https:\\\/\\\/www.hacklbauer.at\\\/wp-content\\\/uploads\\\/beitragsbild-schlechtwetter-altenmarkt-zauchensee-salzburg-1.jpg\",\"width\":1920,\"height\":800},{\"@type\":\"BreadcrumbList\",\"@id\":\"https:\\\/\\\/www.hacklbauer.at\\\/cs\\\/zvirata-bylinky-zahrada\\\/#breadcrumb\",\"itemListElement\":[{\"@type\":\"ListItem\",\"position\":1,\"name\":\"Dom\u016f\",\"item\":\"https:\\\/\\\/www.hacklbauer.at\\\/cs\\\/\"},{\"@type\":\"ListItem\",\"position\":2,\"name\":\"Zv\u00ed\u0159ata &#038; bylinkov\u00e1 zahr\u00e1dka\"}]},{\"@type\":\"WebSite\",\"@id\":\"https:\\\/\\\/www.hacklbauer.at\\\/cs\\\/#website\",\"url\":\"https:\\\/\\\/www.hacklbauer.at\\\/cs\\\/\",\"name\":\"Bauernhof Hacklbauer\",\"description\":\"Ferienwohnungen in Altenmarkt\",\"potentialAction\":[{\"@type\":\"SearchAction\",\"target\":{\"@type\":\"EntryPoint\",\"urlTemplate\":\"https:\\\/\\\/www.hacklbauer.at\\\/cs\\\/?s={search_term_string}\"},\"query-input\":{\"@type\":\"PropertyValueSpecification\",\"valueRequired\":true,\"valueName\":\"search_term_string\"}}],\"inLanguage\":\"cs\"}]}<\/script>\n<!-- \/ Yoast SEO plugin. -->","yoast_head_json":{"title":"Pr\u00e1zdniny se zv\u00ed\u0159aty na farm\u011b Hacklbauer - dovolen\u00e1 na statku, Salzburg","description":"Kr\u00e1l\u00edci, ko\u010dky, pon\u00edk, slepice, kr\u00e1vy a dal\u0161\u00ed zv\u00ed\u0159ata jsou obl\u00edben\u00e1 mezi na\u0161imi mlad\u0161\u00edmi hosty - pestrobarevn\u00e1 dovolen\u00e1 na farm\u011b \u010dek\u00e1 na v\u00e1s.","robots":{"index":"index","follow":"follow","max-snippet":"max-snippet:-1","max-image-preview":"max-image-preview:large","max-video-preview":"max-video-preview:-1"},"canonical":"https:\/\/www.hacklbauer.at\/cs\/zvirata-bylinky-zahrada\/","og_locale":"cs_CZ","og_type":"article","og_title":"Pr\u00e1zdniny se zv\u00ed\u0159aty na farm\u011b Hacklbauer - dovolen\u00e1 na statku, Salzburg","og_description":"Kr\u00e1l\u00edci, ko\u010dky, pon\u00edk, slepice, kr\u00e1vy a dal\u0161\u00ed zv\u00ed\u0159ata jsou obl\u00edben\u00e1 mezi na\u0161imi mlad\u0161\u00edmi hosty - pestrobarevn\u00e1 dovolen\u00e1 na farm\u011b \u010dek\u00e1 na v\u00e1s.","og_url":"https:\/\/www.hacklbauer.at\/cs\/zvirata-bylinky-zahrada\/","og_site_name":"Bauernhof Hacklbauer","article_modified_time":"2018-08-28T14:46:51+00:00","og_image":[{"width":1920,"height":800,"url":"https:\/\/www.hacklbauer.at\/wp-content\/uploads\/beitragsbild-schlechtwetter-altenmarkt-zauchensee-salzburg-1.jpg","type":"image\/jpeg"}],"twitter_card":"summary_large_image","twitter_misc":{"Odhadovan\u00e1 doba \u010dten\u00ed":"5 minut"},"schema":{"@context":"https:\/\/schema.org","@graph":[{"@type":"WebPage","@id":"https:\/\/www.hacklbauer.at\/cs\/zvirata-bylinky-zahrada\/","url":"https:\/\/www.hacklbauer.at\/cs\/zvirata-bylinky-zahrada\/","name":"Pr\u00e1zdniny se zv\u00ed\u0159aty na farm\u011b Hacklbauer - dovolen\u00e1 na statku, Salzburg","isPartOf":{"@id":"https:\/\/www.hacklbauer.at\/cs\/#website"},"primaryImageOfPage":{"@id":"https:\/\/www.hacklbauer.at\/cs\/zvirata-bylinky-zahrada\/#primaryimage"},"image":{"@id":"https:\/\/www.hacklbauer.at\/cs\/zvirata-bylinky-zahrada\/#primaryimage"},"thumbnailUrl":"https:\/\/www.hacklbauer.at\/wp-content\/uploads\/beitragsbild-schlechtwetter-altenmarkt-zauchensee-salzburg-1.jpg","datePublished":"2017-09-25T12:19:03+00:00","dateModified":"2018-08-28T14:46:51+00:00","description":"Kr\u00e1l\u00edci, ko\u010dky, pon\u00edk, slepice, kr\u00e1vy a dal\u0161\u00ed zv\u00ed\u0159ata jsou obl\u00edben\u00e1 mezi na\u0161imi mlad\u0161\u00edmi hosty - pestrobarevn\u00e1 dovolen\u00e1 na farm\u011b \u010dek\u00e1 na v\u00e1s.","breadcrumb":{"@id":"https:\/\/www.hacklbauer.at\/cs\/zvirata-bylinky-zahrada\/#breadcrumb"},"inLanguage":"cs","potentialAction":[{"@type":"ReadAction","target":["https:\/\/www.hacklbauer.at\/cs\/zvirata-bylinky-zahrada\/"]}]},{"@type":"ImageObject","inLanguage":"cs","@id":"https:\/\/www.hacklbauer.at\/cs\/zvirata-bylinky-zahrada\/#primaryimage","url":"https:\/\/www.hacklbauer.at\/wp-content\/uploads\/beitragsbild-schlechtwetter-altenmarkt-zauchensee-salzburg-1.jpg","contentUrl":"https:\/\/www.hacklbauer.at\/wp-content\/uploads\/beitragsbild-schlechtwetter-altenmarkt-zauchensee-salzburg-1.jpg","width":1920,"height":800},{"@type":"BreadcrumbList","@id":"https:\/\/www.hacklbauer.at\/cs\/zvirata-bylinky-zahrada\/#breadcrumb","itemListElement":[{"@type":"ListItem","position":1,"name":"Dom\u016f","item":"https:\/\/www.hacklbauer.at\/cs\/"},{"@type":"ListItem","position":2,"name":"Zv\u00ed\u0159ata &#038; bylinkov\u00e1 zahr\u00e1dka"}]},{"@type":"WebSite","@id":"https:\/\/www.hacklbauer.at\/cs\/#website","url":"https:\/\/www.hacklbauer.at\/cs\/","name":"Bauernhof Hacklbauer","description":"Ferienwohnungen in Altenmarkt","potentialAction":[{"@type":"SearchAction","target":{"@type":"EntryPoint","urlTemplate":"https:\/\/www.hacklbauer.at\/cs\/?s={search_term_string}"},"query-input":{"@type":"PropertyValueSpecification","valueRequired":true,"valueName":"search_term_string"}}],"inLanguage":"cs"}]}},"_links":{"self":[{"href":"https:\/\/www.hacklbauer.at\/cs\/wp-json\/wp\/v2\/pages\/1359","targetHints":{"allow":["GET"]}}],"collection":[{"href":"https:\/\/www.hacklbauer.at\/cs\/wp-json\/wp\/v2\/pages"}],"about":[{"href":"https:\/\/www.hacklbauer.at\/cs\/wp-json\/wp\/v2\/types\/page"}],"author":[{"embeddable":true,"href":"https:\/\/www.hacklbauer.at\/cs\/wp-json\/wp\/v2\/users\/1"}],"replies":[{"embeddable":true,"href":"https:\/\/www.hacklbauer.at\/cs\/wp-json\/wp\/v2\/comments?post=1359"}],"version-history":[{"count":0,"href":"https:\/\/www.hacklbauer.at\/cs\/wp-json\/wp\/v2\/pages\/1359\/revisions"}],"wp:featuredmedia":[{"embeddable":true,"href":"https:\/\/www.hacklbauer.at\/cs\/wp-json\/wp\/v2\/media\/1355"}],"wp:attachment":[{"href":"https:\/\/www.hacklbauer.at\/cs\/wp-json\/wp\/v2\/media?parent=1359"}],"curies":[{"name":"wp","href":"https:\/\/api.w.org\/{rel}","templated":true}]}}