{"id":1364,"date":"2017-09-25T14:19:02","date_gmt":"2017-09-25T12:19:02","guid":{"rendered":"https:\/\/www.hacklbauer.at\/family-tradition\/"},"modified":"2018-08-28T16:47:22","modified_gmt":"2018-08-28T14:47:22","slug":"rodina-tradice","status":"publish","type":"page","link":"https:\/\/www.hacklbauer.at\/cs\/rodina-tradice\/","title":{"rendered":"Rodina &#038; tradice"},"content":{"rendered":"<div class=\"wpb-content-wrapper\"><p>[vc_row][vc_column][vc_column_text]<\/p>\n<h1>Rodina Walchhoferova<\/h1>\n<h2>va\u0161i hostitel\u00e9 na farm\u011b Hacklbauer v Altenmarktu<\/h2>\n<p>[\/vc_column_text][vc_column_text]V\u0159el\u00e1 pohostinnost, stejn\u011b jako tradice a sv\u00e1te\u010dn\u00ed zvyky jsou na na\u0161\u00ed <a href=\"https:\/\/www.hacklbauer.at\/cs\/\">farm\u011b Hacklbauer<\/a> hlavn\u00ed prioritou. Osobn\u011b se star\u00e1me o va\u0161e individu\u00e1ln\u00ed pot\u0159eby a sna\u017e\u00edme se zajistit, aby va\u0161e <a href=\"https:\/\/www.hacklbauer.at\/cs\/farma\/\">dovolen\u00e1 na farm\u011b<\/a> v <strong>Altenmarktu <\/strong>byla tak pohodln\u00e1, zaj\u00edmav\u00e1 a pestr\u00e1, jak je to jen mo\u017en\u00e9. Nev\u00e1hejte se na n\u00e1s kdykoli obr\u00e1tit se sv\u00fdmi dotazy \u2013 r\u00e1di v\u00e1m poskytneme tipy z na\u0161eho regionu. T\u011b\u0161\u00edme se, a\u017e v\u00e1s p\u0159iv\u00edt\u00e1me na farm\u011b Hacklbauer.[\/vc_column_text][\/vc_column][\/vc_row][vc_row][vc_column][vc_tta_accordion][vc_tta_section title=&#8221;Johann Walchhofer (Hans)&#8221; tab_id=&#8221;1507115071252-e12cc5fd-f1bb&#8221;][vc_column_text css=&#8221;.vc_custom_1523822004709{margin-bottom: 20px !important;}&#8221;]<\/p>\n<h6>Johann Walchhofer (Hans)<\/h6>\n<p>Farm\u00e1\u0159 &amp; truhl\u00e1\u0159[\/vc_column_text][vc_row_inner content_placement=&#8221;middle&#8221;][vc_column_inner width=&#8221;1\/3&#8243;][vc_single_image image=&#8221;473&#8243; img_size=&#8221;small&#8221; onclick=&#8221;link_image&#8221;][\/vc_column_inner][vc_column_inner width=&#8221;2\/3&#8243;][vc_column_text]Hans se star\u00e1 o farmu, jezd\u00ed se strojem na balen\u00ed sena u n\u00e1s i u sousedn\u00edch farm\u00e1\u0159\u016f a ve sv\u00e9 truhl\u00e1\u0159sk\u00e9 d\u00edln\u011b vyr\u00e1b\u00ed a rekonstruuje n\u00e1bytek a taky opravuje v\u0161echno mo\u017en\u00e9.[\/vc_column_text][\/vc_column_inner][\/vc_row_inner][\/vc_tta_section][vc_tta_section title=&#8221;Theresia Walchhofer (Resi)&#8221; tab_id=&#8221;1507115124269-fed1a691-f22c&#8221;][vc_column_text css=&#8221;.vc_custom_1523822415597{margin-bottom: 20px !important;}&#8221;]<\/p>\n<h6>Theresia Walchhofer (Resi)<\/h6>\n<p>Farm\u00e1\u0159ova \u017eena &amp; pan\u00ed dom\u00e1c\u00ed[\/vc_column_text][vc_row_inner content_placement=&#8221;middle&#8221;][vc_column_inner width=&#8221;1\/3&#8243;][vc_single_image image=&#8221;475&#8243; img_size=&#8221;small&#8221; onclick=&#8221;link_image&#8221;][\/vc_column_inner][vc_column_inner width=&#8221;2\/3&#8243;][vc_column_text]Resi doj\u00ed kr\u00e1vy, organizuje dom\u00e1cnost, star\u00e1 se o zahradu, vy\u0159izuje \u00fa\u010detnictv\u00ed a objedn\u00e1vky. Je zodpov\u011bdn\u00e1 za \u010distotu apartm\u00e1n\u016f a pe\u010duje o na\u0161e ubytovan\u00e9 hosty.[\/vc_column_text][\/vc_column_inner][\/vc_row_inner][\/vc_tta_section][vc_tta_section title=&#8221;Na\u0161e d\u011bti Theresa, Peter &amp; Johannes&#8221; tab_id=&#8221;1507115123265-10a9adc6-e99b&#8221;][vc_column_text css=&#8221;.vc_custom_1523822839116{margin-bottom: 20px !important;}&#8221;]<\/p>\n<h6>Theresa, Peter and Johannes<\/h6>\n<p>Walchhoferovy d\u011bti[\/vc_column_text][vc_row_inner][vc_column_inner width=&#8221;1\/3&#8243;][vc_single_image image=&#8221;642&#8243; img_size=&#8221;small&#8221; onclick=&#8221;link_image&#8221;][\/vc_column_inner][vc_column_inner width=&#8221;2\/3&#8243;][vc_column_text]Jsme velice hrd\u00ed na na\u0161e t\u0159i d\u011bti. Theresa je z nich nejstar\u0161\u00ed a u\u017e m\u00e1 svou vlastn\u00ed rodinu. Peter je druh\u00fd v po\u0159ad\u00ed, dok\u00e1\u017ee n\u00e1s ka\u017ed\u00fd den rozesm\u00e1t svou dobrou n\u00e1ladou. Nejmlad\u0161\u00ed je n\u00e1\u0161 Johannes, nad\u0161en\u00fd fanou\u0161ek traktor\u016f.[\/vc_column_text][\/vc_column_inner][\/vc_row_inner][\/vc_tta_section][vc_tta_section title=&#8221;Barbara Walchhofer (babi\u010dka)&#8221; tab_id=&#8221;1507115121866-2cfc9a1b-70d4&#8243;][vc_column_text css=&#8221;.vc_custom_1523823008827{margin-bottom: 20px !important;}&#8221;]<\/p>\n<h6>Barbara Walchhofer<\/h6>\n<p>Babi\u010dka[\/vc_column_text][vc_row_inner][vc_column_inner width=&#8221;1\/3&#8243;][vc_single_image image=&#8221;474&#8243; img_size=&#8221;small&#8221; onclick=&#8221;link_image&#8221;][\/vc_column_inner][vc_column_inner width=&#8221;2\/3&#8243;][vc_column_text]Na\u0161e babi\u010dka se l\u00e1skypln\u011b star\u00e1 o sv\u00e9 kv\u011btinov\u00e9 z\u00e1hony a bav\u00ed ji ru\u010dn\u00ed pr\u00e1ce. M\u00e1 r\u00e1da pov\u00edd\u00e1n\u00ed s na\u0161imi hosty, kter\u00fdm vypr\u00e1v\u00ed, jak to na farm\u011b chodilo v dob\u00e1ch, kdy\u017e byla pan\u00ed farm\u00e1\u0159ovou.[\/vc_column_text][\/vc_column_inner][\/vc_row_inner][\/vc_tta_section][\/vc_tta_accordion][\/vc_column][\/vc_row][vc_row][vc_column width=&#8221;1\/3&#8243;][vc_column_text]<span class=\"button-block\"><a href=\"https:\/\/www.hacklbauer.at\/ferienwohnung-ski-amade\/\">Apartm\u00e1n &#8220;Apfel&#8221;<\/a><\/span>[\/vc_column_text][\/vc_column][vc_column width=&#8221;1\/3&#8243;][vc_column_text]<span class=\"button-block\"><a href=\"https:\/\/www.hacklbauer.at\/ferienwohnung-salzburger-land\/\">Apartm\u00e1n &#8220;Linde&#8221;<\/a><\/span>[\/vc_column_text][\/vc_column][vc_column width=&#8221;1\/3&#8243;][vc_column_text]<span class=\"button-block\"><a href=\"https:\/\/www.hacklbauer.at\/ferienwohnung-erle\/\">Apartm\u00e1n &#8220;Erle&#8221;<\/a><\/span>[\/vc_column_text][\/vc_column][\/vc_row]<\/p>\n<\/div>","protected":false},"excerpt":{"rendered":"<p>[vc_row][vc_column][vc_column_text] Rodina Walchhoferova va\u0161i hostitel\u00e9 na farm\u011b Hacklbauer v Altenmarktu [\/vc_column_text][vc_column_text]V\u0159el\u00e1 pohostinnost, stejn\u011b jako tradice a sv\u00e1te\u010dn\u00ed zvyky jsou na na\u0161\u00ed farm\u011b Hacklbauer hlavn\u00ed prioritou. Osobn\u011b se star\u00e1me o va\u0161e individu\u00e1ln\u00ed pot\u0159eby a sna\u017e\u00edme se zajistit, aby va\u0161e dovolen\u00e1 na farm\u011b v Altenmarktu byla tak pohodln\u00e1, zaj\u00edmav\u00e1 a pestr\u00e1, jak je to jen mo\u017en\u00e9. Nev\u00e1hejte &hellip;<\/p>\n\n<p><a class=\"readmore btn btn-default btn-default btn-block\" href=\"https:\/\/www.hacklbauer.at\/cs\/rodina-tradice\/\">Read More<\/a><\/p>","protected":false},"author":1,"featured_media":1366,"parent":0,"menu_order":0,"comment_status":"closed","ping_status":"closed","template":"","meta":{"footnotes":""},"class_list":["post-1364","page","type-page","status-publish","has-post-thumbnail","hentry"],"yoast_head":"<!-- This site is optimized with the Yoast SEO plugin v27.3 - https:\/\/yoast.com\/product\/yoast-seo-wordpress\/ -->\n<title>Va\u0161i hostitel\u00e9 - rodina &amp; tradice na farm\u011b Hacklbauer<\/title>\n<meta name=\"description\" content=\"V\u0159el\u00e1 pohostinnost, starod\u00e1vn\u00e9 tradice a sv\u00e1te\u010dn\u00ed zvyky jsou top priority - jako va\u0161i hostitel\u00e9 se t\u011b\u0161\u00edme na va\u0161e p\u0159iv\u00edt\u00e1n\u00ed v Altenmarktu.\" \/>\n<meta name=\"robots\" content=\"index, follow, max-snippet:-1, max-image-preview:large, max-video-preview:-1\" \/>\n<link rel=\"canonical\" href=\"https:\/\/www.hacklbauer.at\/cs\/rodina-tradice\/\" \/>\n<meta property=\"og:locale\" content=\"cs_CZ\" \/>\n<meta property=\"og:type\" content=\"article\" \/>\n<meta property=\"og:title\" content=\"Va\u0161i hostitel\u00e9 - rodina &amp; tradice na farm\u011b Hacklbauer\" \/>\n<meta property=\"og:description\" content=\"V\u0159el\u00e1 pohostinnost, starod\u00e1vn\u00e9 tradice a sv\u00e1te\u010dn\u00ed zvyky jsou top priority - jako va\u0161i hostitel\u00e9 se t\u011b\u0161\u00edme na va\u0161e p\u0159iv\u00edt\u00e1n\u00ed v Altenmarktu.\" \/>\n<meta property=\"og:url\" content=\"https:\/\/www.hacklbauer.at\/cs\/rodina-tradice\/\" \/>\n<meta property=\"og:site_name\" content=\"Bauernhof Hacklbauer\" \/>\n<meta property=\"article:modified_time\" content=\"2018-08-28T14:47:22+00:00\" \/>\n<meta property=\"og:image\" content=\"https:\/\/www.hacklbauer.at\/wp-content\/uploads\/familie-walchhofer-urlaub-am-bauernhof-hacklbauer1.jpg\" \/>\n\t<meta property=\"og:image:width\" content=\"1920\" \/>\n\t<meta property=\"og:image:height\" content=\"800\" \/>\n\t<meta property=\"og:image:type\" content=\"image\/jpeg\" \/>\n<meta name=\"twitter:card\" content=\"summary_large_image\" \/>\n<meta name=\"twitter:label1\" content=\"Odhadovan\u00e1 doba \u010dten\u00ed\" \/>\n\t<meta name=\"twitter:data1\" content=\"3 minuty\" \/>\n<script type=\"application\/ld+json\" class=\"yoast-schema-graph\">{\"@context\":\"https:\\\/\\\/schema.org\",\"@graph\":[{\"@type\":\"WebPage\",\"@id\":\"https:\\\/\\\/www.hacklbauer.at\\\/cs\\\/rodina-tradice\\\/\",\"url\":\"https:\\\/\\\/www.hacklbauer.at\\\/cs\\\/rodina-tradice\\\/\",\"name\":\"Va\u0161i hostitel\u00e9 - rodina & tradice na farm\u011b Hacklbauer\",\"isPartOf\":{\"@id\":\"https:\\\/\\\/www.hacklbauer.at\\\/cs\\\/#website\"},\"primaryImageOfPage\":{\"@id\":\"https:\\\/\\\/www.hacklbauer.at\\\/cs\\\/rodina-tradice\\\/#primaryimage\"},\"image\":{\"@id\":\"https:\\\/\\\/www.hacklbauer.at\\\/cs\\\/rodina-tradice\\\/#primaryimage\"},\"thumbnailUrl\":\"https:\\\/\\\/www.hacklbauer.at\\\/wp-content\\\/uploads\\\/familie-walchhofer-urlaub-am-bauernhof-hacklbauer1.jpg\",\"datePublished\":\"2017-09-25T12:19:02+00:00\",\"dateModified\":\"2018-08-28T14:47:22+00:00\",\"description\":\"V\u0159el\u00e1 pohostinnost, starod\u00e1vn\u00e9 tradice a sv\u00e1te\u010dn\u00ed zvyky jsou top priority - jako va\u0161i hostitel\u00e9 se t\u011b\u0161\u00edme na va\u0161e p\u0159iv\u00edt\u00e1n\u00ed v Altenmarktu.\",\"breadcrumb\":{\"@id\":\"https:\\\/\\\/www.hacklbauer.at\\\/cs\\\/rodina-tradice\\\/#breadcrumb\"},\"inLanguage\":\"cs\",\"potentialAction\":[{\"@type\":\"ReadAction\",\"target\":[\"https:\\\/\\\/www.hacklbauer.at\\\/cs\\\/rodina-tradice\\\/\"]}]},{\"@type\":\"ImageObject\",\"inLanguage\":\"cs\",\"@id\":\"https:\\\/\\\/www.hacklbauer.at\\\/cs\\\/rodina-tradice\\\/#primaryimage\",\"url\":\"https:\\\/\\\/www.hacklbauer.at\\\/wp-content\\\/uploads\\\/familie-walchhofer-urlaub-am-bauernhof-hacklbauer1.jpg\",\"contentUrl\":\"https:\\\/\\\/www.hacklbauer.at\\\/wp-content\\\/uploads\\\/familie-walchhofer-urlaub-am-bauernhof-hacklbauer1.jpg\",\"width\":1920,\"height\":800},{\"@type\":\"BreadcrumbList\",\"@id\":\"https:\\\/\\\/www.hacklbauer.at\\\/cs\\\/rodina-tradice\\\/#breadcrumb\",\"itemListElement\":[{\"@type\":\"ListItem\",\"position\":1,\"name\":\"Dom\u016f\",\"item\":\"https:\\\/\\\/www.hacklbauer.at\\\/cs\\\/\"},{\"@type\":\"ListItem\",\"position\":2,\"name\":\"Rodina &#038; tradice\"}]},{\"@type\":\"WebSite\",\"@id\":\"https:\\\/\\\/www.hacklbauer.at\\\/cs\\\/#website\",\"url\":\"https:\\\/\\\/www.hacklbauer.at\\\/cs\\\/\",\"name\":\"Bauernhof Hacklbauer\",\"description\":\"Ferienwohnungen in Altenmarkt\",\"potentialAction\":[{\"@type\":\"SearchAction\",\"target\":{\"@type\":\"EntryPoint\",\"urlTemplate\":\"https:\\\/\\\/www.hacklbauer.at\\\/cs\\\/?s={search_term_string}\"},\"query-input\":{\"@type\":\"PropertyValueSpecification\",\"valueRequired\":true,\"valueName\":\"search_term_string\"}}],\"inLanguage\":\"cs\"}]}<\/script>\n<!-- \/ Yoast SEO plugin. -->","yoast_head_json":{"title":"Va\u0161i hostitel\u00e9 - rodina & tradice na farm\u011b Hacklbauer","description":"V\u0159el\u00e1 pohostinnost, starod\u00e1vn\u00e9 tradice a sv\u00e1te\u010dn\u00ed zvyky jsou top priority - jako va\u0161i hostitel\u00e9 se t\u011b\u0161\u00edme na va\u0161e p\u0159iv\u00edt\u00e1n\u00ed v Altenmarktu.","robots":{"index":"index","follow":"follow","max-snippet":"max-snippet:-1","max-image-preview":"max-image-preview:large","max-video-preview":"max-video-preview:-1"},"canonical":"https:\/\/www.hacklbauer.at\/cs\/rodina-tradice\/","og_locale":"cs_CZ","og_type":"article","og_title":"Va\u0161i hostitel\u00e9 - rodina & tradice na farm\u011b Hacklbauer","og_description":"V\u0159el\u00e1 pohostinnost, starod\u00e1vn\u00e9 tradice a sv\u00e1te\u010dn\u00ed zvyky jsou top priority - jako va\u0161i hostitel\u00e9 se t\u011b\u0161\u00edme na va\u0161e p\u0159iv\u00edt\u00e1n\u00ed v Altenmarktu.","og_url":"https:\/\/www.hacklbauer.at\/cs\/rodina-tradice\/","og_site_name":"Bauernhof Hacklbauer","article_modified_time":"2018-08-28T14:47:22+00:00","og_image":[{"width":1920,"height":800,"url":"https:\/\/www.hacklbauer.at\/wp-content\/uploads\/familie-walchhofer-urlaub-am-bauernhof-hacklbauer1.jpg","type":"image\/jpeg"}],"twitter_card":"summary_large_image","twitter_misc":{"Odhadovan\u00e1 doba \u010dten\u00ed":"3 minuty"},"schema":{"@context":"https:\/\/schema.org","@graph":[{"@type":"WebPage","@id":"https:\/\/www.hacklbauer.at\/cs\/rodina-tradice\/","url":"https:\/\/www.hacklbauer.at\/cs\/rodina-tradice\/","name":"Va\u0161i hostitel\u00e9 - rodina & tradice na farm\u011b Hacklbauer","isPartOf":{"@id":"https:\/\/www.hacklbauer.at\/cs\/#website"},"primaryImageOfPage":{"@id":"https:\/\/www.hacklbauer.at\/cs\/rodina-tradice\/#primaryimage"},"image":{"@id":"https:\/\/www.hacklbauer.at\/cs\/rodina-tradice\/#primaryimage"},"thumbnailUrl":"https:\/\/www.hacklbauer.at\/wp-content\/uploads\/familie-walchhofer-urlaub-am-bauernhof-hacklbauer1.jpg","datePublished":"2017-09-25T12:19:02+00:00","dateModified":"2018-08-28T14:47:22+00:00","description":"V\u0159el\u00e1 pohostinnost, starod\u00e1vn\u00e9 tradice a sv\u00e1te\u010dn\u00ed zvyky jsou top priority - jako va\u0161i hostitel\u00e9 se t\u011b\u0161\u00edme na va\u0161e p\u0159iv\u00edt\u00e1n\u00ed v Altenmarktu.","breadcrumb":{"@id":"https:\/\/www.hacklbauer.at\/cs\/rodina-tradice\/#breadcrumb"},"inLanguage":"cs","potentialAction":[{"@type":"ReadAction","target":["https:\/\/www.hacklbauer.at\/cs\/rodina-tradice\/"]}]},{"@type":"ImageObject","inLanguage":"cs","@id":"https:\/\/www.hacklbauer.at\/cs\/rodina-tradice\/#primaryimage","url":"https:\/\/www.hacklbauer.at\/wp-content\/uploads\/familie-walchhofer-urlaub-am-bauernhof-hacklbauer1.jpg","contentUrl":"https:\/\/www.hacklbauer.at\/wp-content\/uploads\/familie-walchhofer-urlaub-am-bauernhof-hacklbauer1.jpg","width":1920,"height":800},{"@type":"BreadcrumbList","@id":"https:\/\/www.hacklbauer.at\/cs\/rodina-tradice\/#breadcrumb","itemListElement":[{"@type":"ListItem","position":1,"name":"Dom\u016f","item":"https:\/\/www.hacklbauer.at\/cs\/"},{"@type":"ListItem","position":2,"name":"Rodina &#038; tradice"}]},{"@type":"WebSite","@id":"https:\/\/www.hacklbauer.at\/cs\/#website","url":"https:\/\/www.hacklbauer.at\/cs\/","name":"Bauernhof Hacklbauer","description":"Ferienwohnungen in Altenmarkt","potentialAction":[{"@type":"SearchAction","target":{"@type":"EntryPoint","urlTemplate":"https:\/\/www.hacklbauer.at\/cs\/?s={search_term_string}"},"query-input":{"@type":"PropertyValueSpecification","valueRequired":true,"valueName":"search_term_string"}}],"inLanguage":"cs"}]}},"_links":{"self":[{"href":"https:\/\/www.hacklbauer.at\/cs\/wp-json\/wp\/v2\/pages\/1364","targetHints":{"allow":["GET"]}}],"collection":[{"href":"https:\/\/www.hacklbauer.at\/cs\/wp-json\/wp\/v2\/pages"}],"about":[{"href":"https:\/\/www.hacklbauer.at\/cs\/wp-json\/wp\/v2\/types\/page"}],"author":[{"embeddable":true,"href":"https:\/\/www.hacklbauer.at\/cs\/wp-json\/wp\/v2\/users\/1"}],"replies":[{"embeddable":true,"href":"https:\/\/www.hacklbauer.at\/cs\/wp-json\/wp\/v2\/comments?post=1364"}],"version-history":[{"count":0,"href":"https:\/\/www.hacklbauer.at\/cs\/wp-json\/wp\/v2\/pages\/1364\/revisions"}],"wp:featuredmedia":[{"embeddable":true,"href":"https:\/\/www.hacklbauer.at\/cs\/wp-json\/wp\/v2\/media\/1366"}],"wp:attachment":[{"href":"https:\/\/www.hacklbauer.at\/cs\/wp-json\/wp\/v2\/media?parent=1364"}],"curies":[{"name":"wp","href":"https:\/\/api.w.org\/{rel}","templated":true}]}}