{"id":1373,"date":"2017-09-25T14:19:02","date_gmt":"2017-09-25T12:19:02","guid":{"rendered":"https:\/\/www.hacklbauer.at\/booking-information\/"},"modified":"2018-08-28T16:48:24","modified_gmt":"2018-08-28T14:48:24","slug":"rezervace-informace","status":"publish","type":"page","link":"https:\/\/www.hacklbauer.at\/cs\/rezervace-informace\/","title":{"rendered":"Informace o rezervaci"},"content":{"rendered":"<div class=\"wpb-content-wrapper\"><p>[vc_row][vc_column][vc_column_text]<\/p>\n<h1>Informace o rezervaci<\/h1>\n<h2>u\u017eite\u010dn\u00e9 tipy pro va\u0161i dovolenou na statku<\/h2>\n<p>[\/vc_column_text][\/vc_column][\/vc_row][vc_row][vc_column width=&#8221;1\/2&#8243;][vc_column_text]<\/p>\n<h5>V cen\u011b je zahrnuto<\/h5>\n<p>[\/vc_column_text][vc_column_text]<\/p>\n<ul>\n<li>Povle\u010den\u00ed<\/li>\n<li>Ru\u010dn\u00edky<\/li>\n<li>N\u00e1dob\u00ed, vybaven\u00ed kuchyn\u011b, ut\u011brky<\/li>\n<li>Elektrick\u00e1 energie, voda &amp; topen\u00ed<\/li>\n<li>Vyh\u0159\u00edvan\u00e1 \u00faschovna ly\u017e\u00ed<\/li>\n<li>Velk\u00e9 h\u0159i\u0161t\u011b<\/li>\n<li>Venkovn\u00ed gril<\/li>\n<li>Parkov\u00e1n\u00ed<\/li>\n<li>Wi-Fi p\u0159ipojen\u00ed<\/li>\n<\/ul>\n<p>[\/vc_column_text][vc_column_text]<\/p>\n<h5>Rann\u00ed dod\u00e1vka pe\u010diva<\/h5>\n<p>[\/vc_column_text][vc_column_text]Ka\u017ed\u00fd den si m\u016f\u017eete objednat <strong>\u010derstv\u00fd chleba nebo housky<\/strong> (kter\u00e9 v\u00e1m budeme \u00fa\u010dtovat na konci pobytu).[\/vc_column_text][vc_column_text]<\/p>\n<h5>Parkov\u00e1n\u00ed<\/h5>\n<p>[\/vc_column_text][vc_column_text]M\u00e1me tu dostate\u010dn\u00e9 mno\u017estv\u00ed parkovac\u00edch m\u00edst pro <strong>auta i motorky<\/strong>.[\/vc_column_text][vc_column_text]<\/p>\n<h5>P\u0159\u00edjezd &amp; odjezd<\/h5>\n<p>[\/vc_column_text][vc_column_text]Na\u0161e apartm\u00e1ny jsou p\u0159ipraven\u00e9 <strong>od 14 hodin<\/strong> v den p\u0159\u00edjezdu. Pros\u00edme v\u00e1s o jejich uvoln\u011bn\u00ed <strong>do 9 hodin<\/strong> v den odjezdu.[\/vc_column_text][vc_column_text]<\/p>\n<h5>Neku\u0159\u00e1ck\u00e9 apartm\u00e1ny<\/h5>\n<p>[\/vc_column_text][vc_column_text]<strong>Pros\u00edm neku\u0159te v na\u0161ich apartm\u00e1nech<\/strong>. Ku\u0159\u00e1ci si mohou dop\u0159\u00e1t svoji cigaretu venku.[\/vc_column_text][\/vc_column][vc_column width=&#8221;1\/2&#8243;][vc_column_text]<\/p>\n<h5>Platebn\u00ed podm\u00ednky<\/h5>\n<p>[\/vc_column_text][vc_column_text]Pro potvrzen\u00ed va\u0161\u00ed rezervace v\u00e1s popros\u00edme o platbu z\u00e1lohy p\u0159edem na n\u00e1\u0161 bankovn\u00ed \u00fa\u010det. Doplatek pros\u00edme zaplatit <strong>ve\u010der p\u0159ed va\u0161\u00edm odjezdem v hotovosti<\/strong>.[\/vc_column_text][vc_column_text]<\/p>\n<h5>Storno podm\u00ednky<\/h5>\n<p>[\/vc_column_text][vc_column_text]Zru\u0161en\u00ed rezervace je mo\u017en\u00e9 pouze p\u00edsemn\u011b. Do 3 m\u011bs\u00edc\u016f p\u0159ed p\u0159\u00edjezdem ne\u00fa\u010dtujeme \u017e\u00e1dn\u00e9 storno poplatky. Do 1 m\u011bs\u00edce p\u0159ed p\u0159\u00edjezdem \u00fa\u010dtujeme 40% celkov\u00e9 ceny. V p\u0159\u00edpad\u011b zru\u0161en\u00ed od 1 m\u011bs\u00edce do 1 t\u00fddne p\u0159ed p\u0159\u00edjezdem \u00fa\u010dtujeme 70 % a v posledn\u00edm t\u00fddnu p\u0159ed p\u0159\u00edjezdem  90% celkov\u00e9 ceny. Tyto storno poplatky \u00fa\u010dtujeme podle rakousk\u00fdch p\u0159edpis\u016f &#8211; <a href=\"http:\/\/www.hotelverband.at\/down\/AGBH_061115.pdf\" target=\"_blank\" rel=\"noopener\">Austrian Hotel Regulations<\/a>.[\/vc_column_text][vc_column_text]<\/p>\n<h5>Cestovn\u00ed poji\u0161t\u011bn\u00ed<\/h5>\n<p>[\/vc_column_text][vc_column_text]Rezervace je dohoda o n\u00e1kupu. V p\u0159\u00edpad\u011b zru\u0161en\u00ed, pozdn\u00edho p\u0159\u00edjezdu nebo d\u0159\u00edv\u011bj\u0161\u00edho odjezdu \u00fa\u010dtujeme storno poplatky. Proto\u017ee st\u00e1t se m\u016f\u017ee cokoli (nemoc, nehoda&#8230;), doporu\u010dujeme si sjednat <a href=\"http:\/\/start.europaeische.at\/hsp?AGN=10017623\" target=\"_blank\" rel=\"noopener\">cestovn\u00ed poji\u0161t\u011bn\u00ed<\/a>.[\/vc_column_text][vc_column_text]<\/p>\n<h5>R\u016fzn\u00e9<\/h5>\n<p>[\/vc_column_text][vc_column_text]V\u0161echny ceny jsou uvedeny v eurech. Zm\u011bny vyhrazeny. Chyby a opomenut\u00ed jsou vylou\u010deny.[\/vc_column_text][\/vc_column][\/vc_row][vc_row][vc_column width=&#8221;1\/3&#8243;][vc_column_text]<span class=\"button-block\"><a href=\"https:\/\/www.hacklbauer.at\/cs\/rezervace-online\/\">Rezervace online<\/a><\/span>[\/vc_column_text][\/vc_column][vc_column width=&#8221;1\/3&#8243;][vc_column_text]<span class=\"button-block\"><a href=\"https:\/\/www.hacklbauer.at\/cs\/dovolena-poptavka\/\">Popt\u00e1vkov\u00fd formul\u00e1\u0159<\/a><\/span>[\/vc_column_text][\/vc_column][vc_column width=&#8221;1\/3&#8243;][vc_column_text]<span class=\"button-block\"><a href=\"https:\/\/www.hacklbauer.at\/cs\/obsazenost\/\">Obsazenost<\/a><\/span>[\/vc_column_text][\/vc_column][\/vc_row]<\/p>\n<\/div>","protected":false},"excerpt":{"rendered":"<p>[vc_row][vc_column][vc_column_text] Informace o rezervaci u\u017eite\u010dn\u00e9 tipy pro va\u0161i dovolenou na statku [\/vc_column_text][\/vc_column][\/vc_row][vc_row][vc_column width=&#8221;1\/2&#8243;][vc_column_text] V cen\u011b je zahrnuto [\/vc_column_text][vc_column_text] Povle\u010den\u00ed Ru\u010dn\u00edky N\u00e1dob\u00ed, vybaven\u00ed kuchyn\u011b, ut\u011brky Elektrick\u00e1 energie, voda &amp; topen\u00ed Vyh\u0159\u00edvan\u00e1 \u00faschovna ly\u017e\u00ed Velk\u00e9 h\u0159i\u0161t\u011b Venkovn\u00ed gril Parkov\u00e1n\u00ed Wi-Fi p\u0159ipojen\u00ed [\/vc_column_text][vc_column_text] Rann\u00ed dod\u00e1vka pe\u010diva [\/vc_column_text][vc_column_text]Ka\u017ed\u00fd den si m\u016f\u017eete objednat \u010derstv\u00fd chleba nebo housky (kter\u00e9 v\u00e1m budeme &hellip;<\/p>\n\n<p><a class=\"readmore btn btn-default btn-default btn-block\" href=\"https:\/\/www.hacklbauer.at\/cs\/rezervace-informace\/\">Read More<\/a><\/p>","protected":false},"author":1,"featured_media":1374,"parent":0,"menu_order":0,"comment_status":"closed","ping_status":"closed","template":"","meta":{"footnotes":""},"class_list":["post-1373","page","type-page","status-publish","has-post-thumbnail","hentry"],"yoast_head":"<!-- This site is optimized with the Yoast SEO plugin v27.5 - https:\/\/yoast.com\/product\/yoast-seo-wordpress\/ -->\n<title>Informace o rezervaci - va\u0161e dovolen\u00e1 na farm\u011b Hacklbauer<\/title>\n<meta name=\"description\" content=\"V rezerva\u010dn\u00edch informac\u00edch najdete u\u017eite\u010dn\u00e9 tipy pro va\u0161i letn\u00ed &amp; zimn\u00ed dovolenou na farm\u011b v Altenmarktu-Zauchensee, Ski amad\u00e9.\" \/>\n<meta name=\"robots\" content=\"index, follow, max-snippet:-1, max-image-preview:large, max-video-preview:-1\" \/>\n<link rel=\"canonical\" href=\"https:\/\/www.hacklbauer.at\/cs\/rezervace-informace\/\" \/>\n<meta property=\"og:locale\" content=\"cs_CZ\" \/>\n<meta property=\"og:type\" content=\"article\" \/>\n<meta property=\"og:title\" content=\"Informace o rezervaci - va\u0161e dovolen\u00e1 na farm\u011b Hacklbauer\" \/>\n<meta property=\"og:description\" content=\"V rezerva\u010dn\u00edch informac\u00edch najdete u\u017eite\u010dn\u00e9 tipy pro va\u0161i letn\u00ed &amp; zimn\u00ed dovolenou na farm\u011b v Altenmarktu-Zauchensee, Ski amad\u00e9.\" \/>\n<meta property=\"og:url\" content=\"https:\/\/www.hacklbauer.at\/cs\/rezervace-informace\/\" \/>\n<meta property=\"og:site_name\" content=\"Bauernhof Hacklbauer\" \/>\n<meta property=\"article:modified_time\" content=\"2018-08-28T14:48:24+00:00\" \/>\n<meta property=\"og:image\" content=\"https:\/\/www.hacklbauer.at\/wp-content\/uploads\/buchungsinformationen-urlaub-am-bauernhof-hacklbauer1.jpg\" \/>\n\t<meta property=\"og:image:width\" content=\"1920\" \/>\n\t<meta property=\"og:image:height\" content=\"800\" \/>\n\t<meta property=\"og:image:type\" content=\"image\/jpeg\" \/>\n<meta name=\"twitter:card\" content=\"summary_large_image\" \/>\n<meta name=\"twitter:label1\" content=\"Odhadovan\u00e1 doba \u010dten\u00ed\" \/>\n\t<meta name=\"twitter:data1\" content=\"2 minuty\" \/>\n<script type=\"application\/ld+json\" class=\"yoast-schema-graph\">{\"@context\":\"https:\\\/\\\/schema.org\",\"@graph\":[{\"@type\":\"WebPage\",\"@id\":\"https:\\\/\\\/www.hacklbauer.at\\\/cs\\\/rezervace-informace\\\/\",\"url\":\"https:\\\/\\\/www.hacklbauer.at\\\/cs\\\/rezervace-informace\\\/\",\"name\":\"Informace o rezervaci - va\u0161e dovolen\u00e1 na farm\u011b Hacklbauer\",\"isPartOf\":{\"@id\":\"https:\\\/\\\/www.hacklbauer.at\\\/cs\\\/#website\"},\"primaryImageOfPage\":{\"@id\":\"https:\\\/\\\/www.hacklbauer.at\\\/cs\\\/rezervace-informace\\\/#primaryimage\"},\"image\":{\"@id\":\"https:\\\/\\\/www.hacklbauer.at\\\/cs\\\/rezervace-informace\\\/#primaryimage\"},\"thumbnailUrl\":\"https:\\\/\\\/www.hacklbauer.at\\\/wp-content\\\/uploads\\\/buchungsinformationen-urlaub-am-bauernhof-hacklbauer1.jpg\",\"datePublished\":\"2017-09-25T12:19:02+00:00\",\"dateModified\":\"2018-08-28T14:48:24+00:00\",\"description\":\"V rezerva\u010dn\u00edch informac\u00edch najdete u\u017eite\u010dn\u00e9 tipy pro va\u0161i letn\u00ed & zimn\u00ed dovolenou na farm\u011b v Altenmarktu-Zauchensee, Ski amad\u00e9.\",\"breadcrumb\":{\"@id\":\"https:\\\/\\\/www.hacklbauer.at\\\/cs\\\/rezervace-informace\\\/#breadcrumb\"},\"inLanguage\":\"cs\",\"potentialAction\":[{\"@type\":\"ReadAction\",\"target\":[\"https:\\\/\\\/www.hacklbauer.at\\\/cs\\\/rezervace-informace\\\/\"]}]},{\"@type\":\"ImageObject\",\"inLanguage\":\"cs\",\"@id\":\"https:\\\/\\\/www.hacklbauer.at\\\/cs\\\/rezervace-informace\\\/#primaryimage\",\"url\":\"https:\\\/\\\/www.hacklbauer.at\\\/wp-content\\\/uploads\\\/buchungsinformationen-urlaub-am-bauernhof-hacklbauer1.jpg\",\"contentUrl\":\"https:\\\/\\\/www.hacklbauer.at\\\/wp-content\\\/uploads\\\/buchungsinformationen-urlaub-am-bauernhof-hacklbauer1.jpg\",\"width\":1920,\"height\":800},{\"@type\":\"BreadcrumbList\",\"@id\":\"https:\\\/\\\/www.hacklbauer.at\\\/cs\\\/rezervace-informace\\\/#breadcrumb\",\"itemListElement\":[{\"@type\":\"ListItem\",\"position\":1,\"name\":\"Dom\u016f\",\"item\":\"https:\\\/\\\/www.hacklbauer.at\\\/cs\\\/\"},{\"@type\":\"ListItem\",\"position\":2,\"name\":\"Informace o rezervaci\"}]},{\"@type\":\"WebSite\",\"@id\":\"https:\\\/\\\/www.hacklbauer.at\\\/cs\\\/#website\",\"url\":\"https:\\\/\\\/www.hacklbauer.at\\\/cs\\\/\",\"name\":\"Bauernhof Hacklbauer\",\"description\":\"Ferienwohnungen in Altenmarkt\",\"potentialAction\":[{\"@type\":\"SearchAction\",\"target\":{\"@type\":\"EntryPoint\",\"urlTemplate\":\"https:\\\/\\\/www.hacklbauer.at\\\/cs\\\/?s={search_term_string}\"},\"query-input\":{\"@type\":\"PropertyValueSpecification\",\"valueRequired\":true,\"valueName\":\"search_term_string\"}}],\"inLanguage\":\"cs\"}]}<\/script>\n<!-- \/ Yoast SEO plugin. -->","yoast_head_json":{"title":"Informace o rezervaci - va\u0161e dovolen\u00e1 na farm\u011b Hacklbauer","description":"V rezerva\u010dn\u00edch informac\u00edch najdete u\u017eite\u010dn\u00e9 tipy pro va\u0161i letn\u00ed & zimn\u00ed dovolenou na farm\u011b v Altenmarktu-Zauchensee, Ski amad\u00e9.","robots":{"index":"index","follow":"follow","max-snippet":"max-snippet:-1","max-image-preview":"max-image-preview:large","max-video-preview":"max-video-preview:-1"},"canonical":"https:\/\/www.hacklbauer.at\/cs\/rezervace-informace\/","og_locale":"cs_CZ","og_type":"article","og_title":"Informace o rezervaci - va\u0161e dovolen\u00e1 na farm\u011b Hacklbauer","og_description":"V rezerva\u010dn\u00edch informac\u00edch najdete u\u017eite\u010dn\u00e9 tipy pro va\u0161i letn\u00ed & zimn\u00ed dovolenou na farm\u011b v Altenmarktu-Zauchensee, Ski amad\u00e9.","og_url":"https:\/\/www.hacklbauer.at\/cs\/rezervace-informace\/","og_site_name":"Bauernhof Hacklbauer","article_modified_time":"2018-08-28T14:48:24+00:00","og_image":[{"width":1920,"height":800,"url":"https:\/\/www.hacklbauer.at\/wp-content\/uploads\/buchungsinformationen-urlaub-am-bauernhof-hacklbauer1.jpg","type":"image\/jpeg"}],"twitter_card":"summary_large_image","twitter_misc":{"Odhadovan\u00e1 doba \u010dten\u00ed":"2 minuty"},"schema":{"@context":"https:\/\/schema.org","@graph":[{"@type":"WebPage","@id":"https:\/\/www.hacklbauer.at\/cs\/rezervace-informace\/","url":"https:\/\/www.hacklbauer.at\/cs\/rezervace-informace\/","name":"Informace o rezervaci - va\u0161e dovolen\u00e1 na farm\u011b Hacklbauer","isPartOf":{"@id":"https:\/\/www.hacklbauer.at\/cs\/#website"},"primaryImageOfPage":{"@id":"https:\/\/www.hacklbauer.at\/cs\/rezervace-informace\/#primaryimage"},"image":{"@id":"https:\/\/www.hacklbauer.at\/cs\/rezervace-informace\/#primaryimage"},"thumbnailUrl":"https:\/\/www.hacklbauer.at\/wp-content\/uploads\/buchungsinformationen-urlaub-am-bauernhof-hacklbauer1.jpg","datePublished":"2017-09-25T12:19:02+00:00","dateModified":"2018-08-28T14:48:24+00:00","description":"V rezerva\u010dn\u00edch informac\u00edch najdete u\u017eite\u010dn\u00e9 tipy pro va\u0161i letn\u00ed & zimn\u00ed dovolenou na farm\u011b v Altenmarktu-Zauchensee, Ski amad\u00e9.","breadcrumb":{"@id":"https:\/\/www.hacklbauer.at\/cs\/rezervace-informace\/#breadcrumb"},"inLanguage":"cs","potentialAction":[{"@type":"ReadAction","target":["https:\/\/www.hacklbauer.at\/cs\/rezervace-informace\/"]}]},{"@type":"ImageObject","inLanguage":"cs","@id":"https:\/\/www.hacklbauer.at\/cs\/rezervace-informace\/#primaryimage","url":"https:\/\/www.hacklbauer.at\/wp-content\/uploads\/buchungsinformationen-urlaub-am-bauernhof-hacklbauer1.jpg","contentUrl":"https:\/\/www.hacklbauer.at\/wp-content\/uploads\/buchungsinformationen-urlaub-am-bauernhof-hacklbauer1.jpg","width":1920,"height":800},{"@type":"BreadcrumbList","@id":"https:\/\/www.hacklbauer.at\/cs\/rezervace-informace\/#breadcrumb","itemListElement":[{"@type":"ListItem","position":1,"name":"Dom\u016f","item":"https:\/\/www.hacklbauer.at\/cs\/"},{"@type":"ListItem","position":2,"name":"Informace o rezervaci"}]},{"@type":"WebSite","@id":"https:\/\/www.hacklbauer.at\/cs\/#website","url":"https:\/\/www.hacklbauer.at\/cs\/","name":"Bauernhof Hacklbauer","description":"Ferienwohnungen in Altenmarkt","potentialAction":[{"@type":"SearchAction","target":{"@type":"EntryPoint","urlTemplate":"https:\/\/www.hacklbauer.at\/cs\/?s={search_term_string}"},"query-input":{"@type":"PropertyValueSpecification","valueRequired":true,"valueName":"search_term_string"}}],"inLanguage":"cs"}]}},"_links":{"self":[{"href":"https:\/\/www.hacklbauer.at\/cs\/wp-json\/wp\/v2\/pages\/1373","targetHints":{"allow":["GET"]}}],"collection":[{"href":"https:\/\/www.hacklbauer.at\/cs\/wp-json\/wp\/v2\/pages"}],"about":[{"href":"https:\/\/www.hacklbauer.at\/cs\/wp-json\/wp\/v2\/types\/page"}],"author":[{"embeddable":true,"href":"https:\/\/www.hacklbauer.at\/cs\/wp-json\/wp\/v2\/users\/1"}],"replies":[{"embeddable":true,"href":"https:\/\/www.hacklbauer.at\/cs\/wp-json\/wp\/v2\/comments?post=1373"}],"version-history":[{"count":0,"href":"https:\/\/www.hacklbauer.at\/cs\/wp-json\/wp\/v2\/pages\/1373\/revisions"}],"wp:featuredmedia":[{"embeddable":true,"href":"https:\/\/www.hacklbauer.at\/cs\/wp-json\/wp\/v2\/media\/1374"}],"wp:attachment":[{"href":"https:\/\/www.hacklbauer.at\/cs\/wp-json\/wp\/v2\/media?parent=1373"}],"curies":[{"name":"wp","href":"https:\/\/api.w.org\/{rel}","templated":true}]}}