{"id":1375,"date":"2017-09-25T14:19:02","date_gmt":"2017-09-25T12:19:02","guid":{"rendered":"https:\/\/www.hacklbauer.at\/spring-summer-autumn-altenmarkt\/"},"modified":"2018-08-28T16:48:48","modified_gmt":"2018-08-28T14:48:48","slug":"jaro-leto-podzim-altenmarkt","status":"publish","type":"page","link":"https:\/\/www.hacklbauer.at\/cs\/jaro-leto-podzim-altenmarkt\/","title":{"rendered":"Jaro \u00b7 l\u00e9to \u00b7 podzim"},"content":{"rendered":"<div class=\"wpb-content-wrapper\"><p>[vc_row][vc_column][vc_column_text]<\/p>\n<h1>Letn\u00ed dovolen\u00e1 &amp; turistika<br \/>\nv Altenmarktu-Zauchensee<\/h1>\n<h2>jaro, l\u00e9to &amp; podzim ve spolkov\u00e9 zemi Salzburg<\/h2>\n<p>[\/vc_column_text][\/vc_column][\/vc_row][vc_row][vc_column][vc_column_text]Na\u0161e <a href=\"https:\/\/www.hacklbauer.at\/cs\/\">farma<\/a> v <strong>Altenmarktu-Zauchensee<\/strong> le\u017e\u00ed na klidn\u00e9m m\u00edst\u011b na kraji lesa obklopen\u00e1 horsk\u00fdmi masivy Tennengebirge, Dachstein a m\u00edstn\u00edmi horami Lackenkogel a Strimskogel. Je ide\u00e1ln\u00ed z\u00e1kladnou pro mnoho r\u016fzn\u00fdch aktivit v regionu.[\/vc_column_text][\/vc_column][\/vc_row][vc_row full_width=&#8221;stretch_row&#8221; equal_height=&#8221;yes&#8221; bg_type=&#8221;bg_color&#8221; bg_color_value=&#8221;#ffffff&#8221; el_class=&#8221;hintergrund&#8221;][vc_column][vc_column_text]<\/p>\n<h5 style=\"text-align: center;\"><img decoding=\"async\" class=\"alignnone size-full wp-image-22\" src=\"https:\/\/www.hacklbauer.at\/wp-content\/uploads\/deko-gruen-l.png\" alt=\"Deko gr\u00fcn\" width=\"34\" height=\"41\" \/>Turistika v Salzbursku<img decoding=\"async\" class=\"alignnone size-full wp-image-23\" src=\"https:\/\/www.hacklbauer.at\/wp-content\/uploads\/deko-gruen-r.png\" alt=\"Deko Gr\u00fcn\" width=\"34\" height=\"41\" \/><\/h5>\n<p>[\/vc_column_text][vc_row_inner][vc_column_inner width=&#8221;1\/2&#8243;][vc_gallery interval=&#8221;3&#8243; images=&#8221;239,238,237&#8243; img_size=&#8221;medium&#8221;][\/vc_column_inner][vc_column_inner width=&#8221;1\/2&#8243;][vc_column_text css=&#8221;.vc_custom_1525723137008{margin-top: -10px !important;}&#8221;]Na <a href=\"http:\/\/www.altenmarkt-zauchensee.at\/de\/sommerurlaub\/wanderurlaub\/touren\" target=\"_blank\" rel=\"noopener\">turistick\u00fdch stezk\u00e1ch<\/a>, na kter\u00e9 se m\u016f\u017eete vydat p\u0159\u00edmo od na\u0161\u00ed farmy, si u\u017eijete rozkvetl\u00e9 alpsk\u00e9 louky, \u010dist\u00e1 horsk\u00e1 jezera a velkolep\u00e9 panoramatick\u00e9 v\u00fdhledy. Na ob\u010derstven\u00ed se zastavte na n\u011bkter\u00e9 z tradi\u010dn\u00edch alpsk\u00fdch chat. V\u00fdstup nahoru v\u00e1m uleh\u010d\u00ed lanovky, kter\u00e9 norm\u00e1ln\u011b jezd\u00ed i v l\u00e9t\u011b. Na\u0161e speci\u00e1ln\u00ed tipy pro rodiny s mal\u00fdmi d\u011btmi jsou trasy <a href=\"http:\/\/www.bauernregelweg.at\/\" target=\"_blank\" rel=\"noopener\">Bauernregeln<\/a> (Sedl\u00e1ck\u00e1) a <a href=\"http:\/\/www.altenmarkt-zauchensee.at\/de\/sommerurlaub\/wanderurlaub\/mondweg\" target=\"_blank\" rel=\"noopener\">Mondpfad<\/a> (M\u011bs\u00ed\u010dn\u00ed).[\/vc_column_text][\/vc_column_inner][\/vc_row_inner][vc_column_text]Autobus <a href=\"http:\/\/www.altenmarkt-zauchensee.at\/de\/aktivitaeten\/sommerurlaub\/wandern\/sportweltbus\" target=\"_blank\" rel=\"noopener\">Wanderbus<\/a> v\u00e1s pohodln\u011b odveze zp\u00e1tky za poplatek 1 euro.[\/vc_column_text][vc_column_text]<span class=\"button-block\"><a href=\"http:\/\/alpregio.outdooractive.com\/ar-altenmarkt\/de\/alpregio.jsp#tab=ToursTab\" target=\"_blank\" rel=\"noopener\">Interaktivn\u00ed pl\u00e1nova\u010d tras<\/a><\/span>[\/vc_column_text][\/vc_column][\/vc_row][vc_row full_width=&#8221;stretch_row&#8221; el_class=&#8221;hintergrund&#8221;][vc_column][vc_column_text]<\/p>\n<h6 style=\"text-align: center;\"><img decoding=\"async\" class=\"alignnone size-full wp-image-27\" src=\"https:\/\/www.hacklbauer.at\/wp-content\/uploads\/deko-rot-l.png\" alt=\"Deko rot\" width=\"35\" height=\"44\" \/>Cyklistika v regionu<img decoding=\"async\" class=\"alignnone size-full wp-image-28\" src=\"https:\/\/www.hacklbauer.at\/wp-content\/uploads\/deko-rot-r.png\" alt=\"\" width=\"35\" height=\"44\" \/><\/h6>\n<p>[\/vc_column_text][vc_row_inner][vc_column_inner width=&#8221;1\/2&#8243;][vc_column_text]Proje\u010fte se na kole (a nebo bez n\u00e1mahy na <a href=\"http:\/\/www.altenmarkt-zauchensee.at\/de\/aktivitaeten\/sommerurlaub\/rad-und-bike\" target=\"_blank\" rel=\"noopener\">elektrokole<\/a>) po &#8220;family-friendly&#8221; cyklostezce <a href=\"http:\/\/www.ennsradweg.at\/\" target=\"_blank\" rel=\"noopener\">Ennsradweg<\/a>, kter\u00e1 vede \u00fadol\u00edm \u0159eky Enns (Em\u017ee). Na <a href=\"http:\/\/www.altenmarkt-zauchensee.at\/de\/aktivitaeten\/sommerurlaub\/rad-und-bike\" target=\"_blank\" rel=\"noopener\">horsk\u00e9m kole<\/a> zase m\u016f\u017eete absolvovat zna\u010den\u00e9 lesn\u00ed traily nebo dechberouc\u00ed horsk\u00e9 sjezdy. V Altenmarktu-Zauchensee najdete \u0161irokou nab\u00eddku zna\u010den\u00fdch stezek a trail\u016f r\u016fzn\u00e9 \u00farovn\u011b obt\u00ed\u017enosti.[\/vc_column_text][\/vc_column_inner][vc_column_inner width=&#8221;1\/2&#8243;][vc_gallery interval=&#8221;3&#8243; images=&#8221;232,230,231&#8243; img_size=&#8221;medium&#8221;][\/vc_column_inner][\/vc_row_inner][\/vc_column][\/vc_row][vc_row full_width=&#8221;stretch_row&#8221; equal_height=&#8221;yes&#8221; bg_type=&#8221;bg_color&#8221; bg_color_value=&#8221;#ffffff&#8221; el_class=&#8221;hintergrund&#8221;][vc_column][vc_column_text]<\/p>\n<h5 style=\"text-align: center;\"><img decoding=\"async\" class=\"alignnone size-full wp-image-22\" src=\"https:\/\/www.hacklbauer.at\/wp-content\/uploads\/deko-gruen-l.png\" alt=\"Deko gr\u00fcn\" width=\"34\" height=\"41\" \/>Plav\u00e1n\u00ed, j\u00edzda na koni, ryba\u0159en\u00ed, golf<img decoding=\"async\" class=\"alignnone size-full wp-image-23\" src=\"https:\/\/www.hacklbauer.at\/wp-content\/uploads\/deko-gruen-r.png\" alt=\"Deko Gr\u00fcn\" width=\"34\" height=\"41\" \/><\/h5>\n<p>[\/vc_column_text][vc_row_inner][vc_column_inner width=&#8221;1\/2&#8243;][vc_gallery interval=&#8221;3&#8243; images=&#8221;233,236,235,234&#8243; img_size=&#8221;medium&#8221;][\/vc_column_inner][vc_column_inner width=&#8221;1\/2&#8243;][vc_column_text css=&#8221;.vc_custom_1525722658736{margin-top: -15px !important;}&#8221;]V hork\u00fdch letn\u00edch dnech se m\u016f\u017eete osv\u011b\u017eit koup\u00e1n\u00edm v okoln\u00edch jezerech nebo v term\u00e1ln\u00edch l\u00e1zn\u00edch <a href=\"https:\/\/www.hacklbauer.at\/cs\/termalni-lazne-altenmarkt\/\">Thermal Spa Amad\u00e9<\/a>. Po rodinn\u00e9 cyklostezce pohodln\u011b dojedete k jezeru Reitecksee v Reitdorfu. Kousek p\u011b\u0161ky od na\u0161\u00ed farmy si zase m\u016f\u017eete <strong>z<\/strong><b>ajezdit na koni<\/b>. Dobr\u00fd \u00falovek v\u00e1m pop\u0159ejeme p\u0159i <a href=\"http:\/\/www.altenmarkt-zauchensee.at\/de\/sommerurlaub\/sport\/angeln\" target=\"_blank\" rel=\"noopener\">ryba\u0159en\u00ed<\/a> v Reitlehenalmu, v potoce Zauchbach a v jeze\u0159e Zauchensee (pro Zauchbach a Zauchensee je vy\u017eadov\u00e1na denn\u00ed licence).[\/vc_column_text][\/vc_column_inner][\/vc_row_inner][vc_column_text]<a href=\"http:\/\/www.radstadtgolf.at\/german\/index.html\" target=\"_blank\" rel=\"noopener\">Golf Club Radstadt<\/a> s unik\u00e1tn\u00ed lanovkou najdete v Radstadtu, pouze n\u011bkolik kilometr\u016f od na\u0161\u00ed farmy.[\/vc_column_text][\/vc_column][\/vc_row][vc_row][vc_column width=&#8221;1\/3&#8243;][vc_column_text]<span class=\"button-block\"><a href=\"https:\/\/www.hacklbauer.at\/cs\/zima-lyze-dovolena-ski-amade\/\">Zima ve Ski amad\u00e9<\/a><\/span>[\/vc_column_text][\/vc_column][vc_column width=&#8221;1\/3&#8243;][vc_column_text]<span class=\"button-block\"><a href=\"https:\/\/www.hacklbauer.at\/cs\/termalni-lazne-altenmarkt\/\">Term\u00e1ln\u00ed l\u00e1zn\u011b Amad\u00e9<\/a><\/span>[\/vc_column_text][\/vc_column][vc_column width=&#8221;1\/3&#8243;][vc_column_text]<span class=\"button-block\"><a href=\"https:\/\/www.hacklbauer.at\/cs\/rezervace-informace\/\">Informace o rezervaci<\/a><\/span>[\/vc_column_text][\/vc_column][\/vc_row]<\/p>\n<\/div>","protected":false},"excerpt":{"rendered":"<p>[vc_row][vc_column][vc_column_text] Letn\u00ed dovolen\u00e1 &amp; turistika v Altenmarktu-Zauchensee jaro, l\u00e9to &amp; podzim ve spolkov\u00e9 zemi Salzburg [\/vc_column_text][\/vc_column][\/vc_row][vc_row][vc_column][vc_column_text]Na\u0161e farma v Altenmarktu-Zauchensee le\u017e\u00ed na klidn\u00e9m m\u00edst\u011b na kraji lesa obklopen\u00e1 horsk\u00fdmi masivy Tennengebirge, Dachstein a m\u00edstn\u00edmi horami Lackenkogel a Strimskogel. Je ide\u00e1ln\u00ed z\u00e1kladnou pro mnoho r\u016fzn\u00fdch aktivit v regionu.[\/vc_column_text][\/vc_column][\/vc_row][vc_row full_width=&#8221;stretch_row&#8221; equal_height=&#8221;yes&#8221; bg_type=&#8221;bg_color&#8221; bg_color_value=&#8221;#ffffff&#8221; el_class=&#8221;hintergrund&#8221;][vc_column][vc_column_text] Turistika v Salzbursku [\/vc_column_text][vc_row_inner][vc_column_inner &hellip;<\/p>\n\n<p><a class=\"readmore btn btn-default btn-default btn-block\" href=\"https:\/\/www.hacklbauer.at\/cs\/jaro-leto-podzim-altenmarkt\/\">Read More<\/a><\/p>","protected":false},"author":1,"featured_media":1377,"parent":0,"menu_order":0,"comment_status":"closed","ping_status":"closed","template":"","meta":{"footnotes":""},"class_list":["post-1375","page","type-page","status-publish","has-post-thumbnail","hentry"],"yoast_head":"<!-- This site is optimized with the Yoast SEO plugin v27.3 - https:\/\/yoast.com\/product\/yoast-seo-wordpress\/ -->\n<title>Rozmanit\u00e1 dovolen\u00e1 v Altenmarktu-Zauchensee, zem\u011b Salzburg<\/title>\n<meta name=\"description\" content=\"Dovolen\u00e1 jaro, l\u00e9to &amp; podzim: Dop\u0159ejte si dovolenou v Altenmarktu-Zauchensee a u\u017eijte si aktivity: turistika, cyklistika, plav\u00e1n\u00ed, j\u00edzda na koni, golf...\" \/>\n<meta name=\"robots\" content=\"index, follow, max-snippet:-1, max-image-preview:large, max-video-preview:-1\" \/>\n<link rel=\"canonical\" href=\"https:\/\/www.hacklbauer.at\/cs\/jaro-leto-podzim-altenmarkt\/\" \/>\n<meta property=\"og:locale\" content=\"cs_CZ\" \/>\n<meta property=\"og:type\" content=\"article\" \/>\n<meta property=\"og:title\" content=\"Rozmanit\u00e1 dovolen\u00e1 v Altenmarktu-Zauchensee, zem\u011b Salzburg\" \/>\n<meta property=\"og:description\" content=\"Dovolen\u00e1 jaro, l\u00e9to &amp; podzim: Dop\u0159ejte si dovolenou v Altenmarktu-Zauchensee a u\u017eijte si aktivity: turistika, cyklistika, plav\u00e1n\u00ed, j\u00edzda na koni, golf...\" \/>\n<meta property=\"og:url\" content=\"https:\/\/www.hacklbauer.at\/cs\/jaro-leto-podzim-altenmarkt\/\" \/>\n<meta property=\"og:site_name\" content=\"Bauernhof Hacklbauer\" \/>\n<meta property=\"article:modified_time\" content=\"2018-08-28T14:48:48+00:00\" \/>\n<meta property=\"og:image\" content=\"https:\/\/www.hacklbauer.at\/wp-content\/uploads\/beitragsbild-sommer-altenmarkt-zauchensee-salzburg-1.jpg\" \/>\n\t<meta property=\"og:image:width\" content=\"1920\" \/>\n\t<meta property=\"og:image:height\" content=\"800\" \/>\n\t<meta property=\"og:image:type\" content=\"image\/jpeg\" \/>\n<meta name=\"twitter:card\" content=\"summary_large_image\" \/>\n<meta name=\"twitter:label1\" content=\"Odhadovan\u00e1 doba \u010dten\u00ed\" \/>\n\t<meta name=\"twitter:data1\" content=\"3 minuty\" \/>\n<script type=\"application\/ld+json\" class=\"yoast-schema-graph\">{\"@context\":\"https:\\\/\\\/schema.org\",\"@graph\":[{\"@type\":\"WebPage\",\"@id\":\"https:\\\/\\\/www.hacklbauer.at\\\/cs\\\/jaro-leto-podzim-altenmarkt\\\/\",\"url\":\"https:\\\/\\\/www.hacklbauer.at\\\/cs\\\/jaro-leto-podzim-altenmarkt\\\/\",\"name\":\"Rozmanit\u00e1 dovolen\u00e1 v Altenmarktu-Zauchensee, zem\u011b Salzburg\",\"isPartOf\":{\"@id\":\"https:\\\/\\\/www.hacklbauer.at\\\/cs\\\/#website\"},\"primaryImageOfPage\":{\"@id\":\"https:\\\/\\\/www.hacklbauer.at\\\/cs\\\/jaro-leto-podzim-altenmarkt\\\/#primaryimage\"},\"image\":{\"@id\":\"https:\\\/\\\/www.hacklbauer.at\\\/cs\\\/jaro-leto-podzim-altenmarkt\\\/#primaryimage\"},\"thumbnailUrl\":\"https:\\\/\\\/www.hacklbauer.at\\\/wp-content\\\/uploads\\\/beitragsbild-sommer-altenmarkt-zauchensee-salzburg-1.jpg\",\"datePublished\":\"2017-09-25T12:19:02+00:00\",\"dateModified\":\"2018-08-28T14:48:48+00:00\",\"description\":\"Dovolen\u00e1 jaro, l\u00e9to & podzim: Dop\u0159ejte si dovolenou v Altenmarktu-Zauchensee a u\u017eijte si aktivity: turistika, cyklistika, plav\u00e1n\u00ed, j\u00edzda na koni, golf...\",\"breadcrumb\":{\"@id\":\"https:\\\/\\\/www.hacklbauer.at\\\/cs\\\/jaro-leto-podzim-altenmarkt\\\/#breadcrumb\"},\"inLanguage\":\"cs\",\"potentialAction\":[{\"@type\":\"ReadAction\",\"target\":[\"https:\\\/\\\/www.hacklbauer.at\\\/cs\\\/jaro-leto-podzim-altenmarkt\\\/\"]}]},{\"@type\":\"ImageObject\",\"inLanguage\":\"cs\",\"@id\":\"https:\\\/\\\/www.hacklbauer.at\\\/cs\\\/jaro-leto-podzim-altenmarkt\\\/#primaryimage\",\"url\":\"https:\\\/\\\/www.hacklbauer.at\\\/wp-content\\\/uploads\\\/beitragsbild-sommer-altenmarkt-zauchensee-salzburg-1.jpg\",\"contentUrl\":\"https:\\\/\\\/www.hacklbauer.at\\\/wp-content\\\/uploads\\\/beitragsbild-sommer-altenmarkt-zauchensee-salzburg-1.jpg\",\"width\":1920,\"height\":800},{\"@type\":\"BreadcrumbList\",\"@id\":\"https:\\\/\\\/www.hacklbauer.at\\\/cs\\\/jaro-leto-podzim-altenmarkt\\\/#breadcrumb\",\"itemListElement\":[{\"@type\":\"ListItem\",\"position\":1,\"name\":\"Dom\u016f\",\"item\":\"https:\\\/\\\/www.hacklbauer.at\\\/cs\\\/\"},{\"@type\":\"ListItem\",\"position\":2,\"name\":\"Jaro \u00b7 l\u00e9to \u00b7 podzim\"}]},{\"@type\":\"WebSite\",\"@id\":\"https:\\\/\\\/www.hacklbauer.at\\\/cs\\\/#website\",\"url\":\"https:\\\/\\\/www.hacklbauer.at\\\/cs\\\/\",\"name\":\"Bauernhof Hacklbauer\",\"description\":\"Ferienwohnungen in Altenmarkt\",\"potentialAction\":[{\"@type\":\"SearchAction\",\"target\":{\"@type\":\"EntryPoint\",\"urlTemplate\":\"https:\\\/\\\/www.hacklbauer.at\\\/cs\\\/?s={search_term_string}\"},\"query-input\":{\"@type\":\"PropertyValueSpecification\",\"valueRequired\":true,\"valueName\":\"search_term_string\"}}],\"inLanguage\":\"cs\"}]}<\/script>\n<!-- \/ Yoast SEO plugin. -->","yoast_head_json":{"title":"Rozmanit\u00e1 dovolen\u00e1 v Altenmarktu-Zauchensee, zem\u011b Salzburg","description":"Dovolen\u00e1 jaro, l\u00e9to & podzim: Dop\u0159ejte si dovolenou v Altenmarktu-Zauchensee a u\u017eijte si aktivity: turistika, cyklistika, plav\u00e1n\u00ed, j\u00edzda na koni, golf...","robots":{"index":"index","follow":"follow","max-snippet":"max-snippet:-1","max-image-preview":"max-image-preview:large","max-video-preview":"max-video-preview:-1"},"canonical":"https:\/\/www.hacklbauer.at\/cs\/jaro-leto-podzim-altenmarkt\/","og_locale":"cs_CZ","og_type":"article","og_title":"Rozmanit\u00e1 dovolen\u00e1 v Altenmarktu-Zauchensee, zem\u011b Salzburg","og_description":"Dovolen\u00e1 jaro, l\u00e9to & podzim: Dop\u0159ejte si dovolenou v Altenmarktu-Zauchensee a u\u017eijte si aktivity: turistika, cyklistika, plav\u00e1n\u00ed, j\u00edzda na koni, golf...","og_url":"https:\/\/www.hacklbauer.at\/cs\/jaro-leto-podzim-altenmarkt\/","og_site_name":"Bauernhof Hacklbauer","article_modified_time":"2018-08-28T14:48:48+00:00","og_image":[{"width":1920,"height":800,"url":"https:\/\/www.hacklbauer.at\/wp-content\/uploads\/beitragsbild-sommer-altenmarkt-zauchensee-salzburg-1.jpg","type":"image\/jpeg"}],"twitter_card":"summary_large_image","twitter_misc":{"Odhadovan\u00e1 doba \u010dten\u00ed":"3 minuty"},"schema":{"@context":"https:\/\/schema.org","@graph":[{"@type":"WebPage","@id":"https:\/\/www.hacklbauer.at\/cs\/jaro-leto-podzim-altenmarkt\/","url":"https:\/\/www.hacklbauer.at\/cs\/jaro-leto-podzim-altenmarkt\/","name":"Rozmanit\u00e1 dovolen\u00e1 v Altenmarktu-Zauchensee, zem\u011b Salzburg","isPartOf":{"@id":"https:\/\/www.hacklbauer.at\/cs\/#website"},"primaryImageOfPage":{"@id":"https:\/\/www.hacklbauer.at\/cs\/jaro-leto-podzim-altenmarkt\/#primaryimage"},"image":{"@id":"https:\/\/www.hacklbauer.at\/cs\/jaro-leto-podzim-altenmarkt\/#primaryimage"},"thumbnailUrl":"https:\/\/www.hacklbauer.at\/wp-content\/uploads\/beitragsbild-sommer-altenmarkt-zauchensee-salzburg-1.jpg","datePublished":"2017-09-25T12:19:02+00:00","dateModified":"2018-08-28T14:48:48+00:00","description":"Dovolen\u00e1 jaro, l\u00e9to & podzim: Dop\u0159ejte si dovolenou v Altenmarktu-Zauchensee a u\u017eijte si aktivity: turistika, cyklistika, plav\u00e1n\u00ed, j\u00edzda na koni, golf...","breadcrumb":{"@id":"https:\/\/www.hacklbauer.at\/cs\/jaro-leto-podzim-altenmarkt\/#breadcrumb"},"inLanguage":"cs","potentialAction":[{"@type":"ReadAction","target":["https:\/\/www.hacklbauer.at\/cs\/jaro-leto-podzim-altenmarkt\/"]}]},{"@type":"ImageObject","inLanguage":"cs","@id":"https:\/\/www.hacklbauer.at\/cs\/jaro-leto-podzim-altenmarkt\/#primaryimage","url":"https:\/\/www.hacklbauer.at\/wp-content\/uploads\/beitragsbild-sommer-altenmarkt-zauchensee-salzburg-1.jpg","contentUrl":"https:\/\/www.hacklbauer.at\/wp-content\/uploads\/beitragsbild-sommer-altenmarkt-zauchensee-salzburg-1.jpg","width":1920,"height":800},{"@type":"BreadcrumbList","@id":"https:\/\/www.hacklbauer.at\/cs\/jaro-leto-podzim-altenmarkt\/#breadcrumb","itemListElement":[{"@type":"ListItem","position":1,"name":"Dom\u016f","item":"https:\/\/www.hacklbauer.at\/cs\/"},{"@type":"ListItem","position":2,"name":"Jaro \u00b7 l\u00e9to \u00b7 podzim"}]},{"@type":"WebSite","@id":"https:\/\/www.hacklbauer.at\/cs\/#website","url":"https:\/\/www.hacklbauer.at\/cs\/","name":"Bauernhof Hacklbauer","description":"Ferienwohnungen in Altenmarkt","potentialAction":[{"@type":"SearchAction","target":{"@type":"EntryPoint","urlTemplate":"https:\/\/www.hacklbauer.at\/cs\/?s={search_term_string}"},"query-input":{"@type":"PropertyValueSpecification","valueRequired":true,"valueName":"search_term_string"}}],"inLanguage":"cs"}]}},"_links":{"self":[{"href":"https:\/\/www.hacklbauer.at\/cs\/wp-json\/wp\/v2\/pages\/1375","targetHints":{"allow":["GET"]}}],"collection":[{"href":"https:\/\/www.hacklbauer.at\/cs\/wp-json\/wp\/v2\/pages"}],"about":[{"href":"https:\/\/www.hacklbauer.at\/cs\/wp-json\/wp\/v2\/types\/page"}],"author":[{"embeddable":true,"href":"https:\/\/www.hacklbauer.at\/cs\/wp-json\/wp\/v2\/users\/1"}],"replies":[{"embeddable":true,"href":"https:\/\/www.hacklbauer.at\/cs\/wp-json\/wp\/v2\/comments?post=1375"}],"version-history":[{"count":0,"href":"https:\/\/www.hacklbauer.at\/cs\/wp-json\/wp\/v2\/pages\/1375\/revisions"}],"wp:featuredmedia":[{"embeddable":true,"href":"https:\/\/www.hacklbauer.at\/cs\/wp-json\/wp\/v2\/media\/1377"}],"wp:attachment":[{"href":"https:\/\/www.hacklbauer.at\/cs\/wp-json\/wp\/v2\/media?parent=1375"}],"curies":[{"name":"wp","href":"https:\/\/api.w.org\/{rel}","templated":true}]}}