{"id":1380,"date":"2017-09-25T14:19:02","date_gmt":"2017-09-25T12:19:02","guid":{"rendered":"https:\/\/www.hacklbauer.at\/apartment-erle\/"},"modified":"2018-08-28T16:49:35","modified_gmt":"2018-08-28T14:49:35","slug":"apartman-erle","status":"publish","type":"page","link":"https:\/\/www.hacklbauer.at\/cs\/apartman-erle\/","title":{"rendered":"Apartm\u00e1n &#8220;Erle&#8221;"},"content":{"rendered":"<div class=\"wpb-content-wrapper\"><p>[vc_row][vc_column][vc_column_text]<\/p>\n<h1>Apartm\u00e1n &#8220;Erle&#8221; (Ol\u0161e)<\/h1>\n<h2>Apartm\u00e1n pro 2 \u2013 8 osob, 54 m<sup>2<\/sup><\/h2>\n<p>[\/vc_column_text][\/vc_column][\/vc_row][vc_row][vc_column][vc_column_text]V <strong>apartm\u00e1nu &#8220;Erle&#8221; <\/strong>na <a href=\"https:\/\/www.hacklbauer.at\/cs\/\">rodov\u00e9 farm\u011b Hacklbauer<\/a> v Altenmarktu im Pongau najdete <strong>spoustu m\u00edsta<\/strong> pro skv\u011blou rodinnou dovolenou. Jsou zde dv\u011b odd\u011blen\u00e9 lo\u017enice, ka\u017ed\u00e1 s vlastn\u00ed koupelnou a WC, pln\u011b vybaven\u00e1 kuchyn\u011b s posezen\u00edm, <strong>priv\u00e1tn\u00ed infra\u010derven\u00e1 sauna<\/strong> a <strong>balkon<\/strong>. V ka\u017ed\u00e9m pokoji je nav\u00edc rozkl\u00e1dac\u00ed pohovka.[\/vc_column_text][\/vc_column][\/vc_row][vc_row full_width=&#8221;stretch_row&#8221; bg_type=&#8221;bg_color&#8221; el_class=&#8221;hintergrund&#8221; bg_color_value=&#8221;#ffffff&#8221;][vc_column][vc_column_text]<\/p>\n<h3 style=\"text-align: center;\"><img decoding=\"async\" class=\"alignnone size-full wp-image-22\" src=\"https:\/\/www.hacklbauer.at\/wp-content\/uploads\/deko-gruen-l.png\" alt=\"Deko gr\u00fcn\" width=\"34\" height=\"41\" \/>Vybaven\u00ed apartm\u00e1nu<img decoding=\"async\" class=\"alignnone size-full wp-image-23\" src=\"https:\/\/www.hacklbauer.at\/wp-content\/uploads\/deko-gruen-r.png\" alt=\"Deko Gr\u00fcn\" width=\"34\" height=\"41\" \/><\/h3>\n<p>[\/vc_column_text][vc_row_inner content_placement=&#8221;middle&#8221;][vc_column_inner width=&#8221;1\/2&#8243;][vc_gallery interval=&#8221;3&#8243; images=&#8221;658,660,659,657,653,652,655,654,651,400&#8243; img_size=&#8221;medium&#8221;][\/vc_column_inner][vc_column_inner width=&#8221;1\/2&#8243;][vc_column_text css=&#8221;.vc_custom_1525207258857{margin-bottom: 20px !important;}&#8221;]<\/p>\n<ul>\n<li>Apartm\u00e1n v horn\u00edm pat\u0159e<\/li>\n<li>Pln\u011b vybaven\u00e1 kuchyn\u011b<\/li>\n<li>2 lo\u017enice s man\u017eelskou postel\u00ed + rozkl\u00e1dac\u00ed pohovkou &amp; <a href=\"https:\/\/www.hacklbauer.at\/wp-content\/uploads\/ferienwohnung-erle-hacklbauer-altenmarkt-13.jpg\" rel='magnific'>koupelnou<\/a> se <a href=\"https:\/\/www.hacklbauer.at\/wp-content\/uploads\/ferienwohnung-erle-hacklbauer-altenmarkt-14.jpg\" rel='magnific'>sprchou &amp; WC<\/a><\/li>\n<li><a href=\"https:\/\/www.hacklbauer.at\/wp-content\/uploads\/ferienwohnung-linde-hacklbauer-altenmarkt-5.jpg\" rel='magnific'>Priv\u00e1tn\u00ed infra\u010derven\u00e1 sauna<\/a><\/li>\n<li>Balkon<\/li>\n<li>Wi-Fi zdarma<\/li>\n<\/ul>\n<p>[\/vc_column_text][vc_column_text]<\/p>\n<p style=\"text-align: right;\"><span class=\"button\"><a href=\"https:\/\/www.hacklbauer.at\/cs\/obsazenost\/\">Obsazenost<\/a><\/span><\/p>\n<p>[\/vc_column_text][\/vc_column_inner][\/vc_row_inner][\/vc_column][\/vc_row][vc_row][vc_column][vc_column_text]<\/p>\n<h4 style=\"text-align: center;\"><img decoding=\"async\" class=\"alignnone size-full wp-image-27\" src=\"https:\/\/www.hacklbauer.at\/wp-content\/uploads\/deko-rot-l.png\" alt=\"Deko rot\" width=\"35\" height=\"44\" \/>Letn\u00ed &amp; zimn\u00ed ceny<img decoding=\"async\" class=\"alignnone size-full wp-image-28\" src=\"https:\/\/www.hacklbauer.at\/wp-content\/uploads\/deko-rot-r.png\" alt=\"\" width=\"35\" height=\"44\" \/><\/h4>\n<p>[\/vc_column_text]\n<table id=\"tablepress-3\" class=\"tablepress tablepress-id-3\">\n<thead>\n<tr class=\"row-1\">\n\t<th class=\"column-1\">Typ<\/th><th class=\"column-2\">Letn\u00ed ceny<br \/>\nod 30.4. do 30.11.2026<\/th><th class=\"column-3\">Zimn\u00ed ceny<br \/>\nod 01.12.2026 do 29.04.2027<\/th>\n<\/tr>\n<\/thead>\n<tbody class=\"row-striping\">\n<tr class=\"row-2\">\n\t<td class=\"column-1\">Apartm\u00e1n \u201eErle\u201c<\/td><td class=\"column-2\">100,\u2013 do 170,\u2013<\/td><td class=\"column-3\">120,- do 180,-<\/td>\n<\/tr>\n<tr class=\"row-3\">\n\t<td class=\"column-1\">Poplatek za z\u00e1v\u011bre\u010dn\u00fd \u00faklid (1x)<\/td><td class=\"column-2\">100,\u2013<\/td><td class=\"column-3\">100,\u2013<\/td>\n<\/tr>\n<\/tbody>\n<\/table>\n<!-- #tablepress-3 from cache -->[vc_column_text]Ceny jsou uvedeny v eurech za apartm\u00e1n a noc. V cen\u011b nen\u00ed zahrnuta rekrea\u010dn\u00ed da\u0148 m\u011bstu Altenmarkt. Tyto ceny plat\u00ed p\u0159i t\u00fddenn\u00ed rezervaci apartm\u00e1nu. Zm\u011bny vyhrazeny. Chyby a opomenut\u00ed jsou vylou\u010deny.[\/vc_column_text][\/vc_column][\/vc_row][vc_row full_width=&#8221;stretch_row&#8221; bg_type=&#8221;bg_color&#8221; el_class=&#8221;hintergrund&#8221; bg_color_value=&#8221;#ffffff&#8221;][vc_column][vc_column_text]<\/p>\n<h5>V cen\u011b je tak\u00e9 zahrnuto<\/h5>\n<p>[\/vc_column_text][vc_row_inner][vc_column_inner width=&#8221;1\/2&#8243;][vc_column_text]<\/p>\n<ul>\n<li>Povle\u010den\u00ed<\/li>\n<li>Ru\u010dn\u00edky<\/li>\n<li>N\u00e1dob\u00ed, vybaven\u00ed kuchyn\u011b, ut\u011brky<\/li>\n<li>Elektrick\u00e1 energie, voda &amp; topen\u00ed<\/li>\n<li>Vyh\u0159\u00edvan\u00e1 \u00faschovna ly\u017e\u00ed<\/li>\n<li>Velk\u00e9 h\u0159i\u0161t\u011b<\/li>\n<\/ul>\n<p>[\/vc_column_text][\/vc_column_inner][vc_column_inner width=&#8221;1\/2&#8243;][vc_column_text]<\/p>\n<ul>\n<li>Gril<\/li>\n<li>Parkovac\u00ed m\u00edsta<\/li>\n<li>Wi-Fi zdarma<\/li>\n<li><a href=\"https:\/\/www.hacklbauer.at\/cs\/celodenni-vylety-salzburg\/\">Salzburger Sportwelt Card<\/a> (karta, se kterou m\u016f\u017eete \u010derpat r\u016fzn\u00e9 v\u00fdhody v Salzbursk\u00e9m sportovn\u00edm sv\u011bt\u011b)<\/li>\n<\/ul>\n<p>[\/vc_column_text][\/vc_column_inner][\/vc_row_inner][\/vc_column][\/vc_row][vc_row][vc_column width=&#8221;1\/3&#8243;][vc_column_text]<span class=\"button-block\"><a href=\"https:\/\/www.hacklbauer.at\/cs\/rezervace-online\/\">Rezervace online<\/a><\/span>[\/vc_column_text][\/vc_column][vc_column width=&#8221;1\/3&#8243;][vc_column_text]<span class=\"button-block\"><a href=\"https:\/\/www.hacklbauer.at\/cs\/dovolena-poptavka\/\">Popt\u00e1vkov\u00fd formul\u00e1\u0159<\/a><\/span>[\/vc_column_text][\/vc_column][vc_column width=&#8221;1\/3&#8243;][vc_column_text]<span class=\"button-block\"><a href=\"https:\/\/www.hacklbauer.at\/cs\/rezervace-informace\/\">Info o rezervac\u00edch<\/a><\/span>[\/vc_column_text][\/vc_column][\/vc_row]<\/p>\n<\/div>","protected":false},"excerpt":{"rendered":"<p>[vc_row][vc_column][vc_column_text] Apartm\u00e1n &#8220;Erle&#8221; (Ol\u0161e) Apartm\u00e1n pro 2 \u2013 8 osob, 54 m2 [\/vc_column_text][\/vc_column][\/vc_row][vc_row][vc_column][vc_column_text]V apartm\u00e1nu &#8220;Erle&#8221; na rodov\u00e9 farm\u011b Hacklbauer v Altenmarktu im Pongau najdete spoustu m\u00edsta pro skv\u011blou rodinnou dovolenou. Jsou zde dv\u011b odd\u011blen\u00e9 lo\u017enice, ka\u017ed\u00e1 s vlastn\u00ed koupelnou a WC, pln\u011b vybaven\u00e1 kuchyn\u011b s posezen\u00edm, priv\u00e1tn\u00ed infra\u010derven\u00e1 sauna a balkon. V ka\u017ed\u00e9m pokoji je &hellip;<\/p>\n\n<p><a class=\"readmore btn btn-default btn-default btn-block\" href=\"https:\/\/www.hacklbauer.at\/cs\/apartman-erle\/\">Read More<\/a><\/p>","protected":false},"author":1,"featured_media":1382,"parent":0,"menu_order":0,"comment_status":"closed","ping_status":"closed","template":"","meta":{"footnotes":""},"class_list":["post-1380","page","type-page","status-publish","has-post-thumbnail","hentry"],"yoast_head":"<!-- This site is optimized with the Yoast SEO plugin v27.5 - https:\/\/yoast.com\/product\/yoast-seo-wordpress\/ -->\n<title>Apartm\u00e1n v Altenmarktu im Pongau, zem\u011b Salzburg, 2-8 osob<\/title>\n<meta name=\"description\" content=\"\u00datuln\u00fd apartm\u00e1n je ide\u00e1ln\u00ed pro rodiny &amp; skupiny: 2 lo\u017enice, 2 rozkl\u00e1dac\u00ed pohovky, 2 koupelny se sprchou\/WC, pln\u011b vybaven\u00e1 kuchyn\u011b, balkon, sauna...\" \/>\n<meta name=\"robots\" content=\"index, follow, max-snippet:-1, max-image-preview:large, max-video-preview:-1\" \/>\n<link rel=\"canonical\" href=\"https:\/\/www.hacklbauer.at\/cs\/apartman-erle\/\" \/>\n<meta property=\"og:locale\" content=\"cs_CZ\" \/>\n<meta property=\"og:type\" content=\"article\" \/>\n<meta property=\"og:title\" content=\"Apartm\u00e1n v Altenmarktu im Pongau, zem\u011b Salzburg, 2-8 osob\" \/>\n<meta property=\"og:description\" content=\"\u00datuln\u00fd apartm\u00e1n je ide\u00e1ln\u00ed pro rodiny &amp; skupiny: 2 lo\u017enice, 2 rozkl\u00e1dac\u00ed pohovky, 2 koupelny se sprchou\/WC, pln\u011b vybaven\u00e1 kuchyn\u011b, balkon, sauna...\" \/>\n<meta property=\"og:url\" content=\"https:\/\/www.hacklbauer.at\/cs\/apartman-erle\/\" \/>\n<meta property=\"og:site_name\" content=\"Bauernhof Hacklbauer\" \/>\n<meta property=\"article:modified_time\" content=\"2018-08-28T14:49:35+00:00\" \/>\n<meta property=\"og:image\" content=\"https:\/\/www.hacklbauer.at\/wp-content\/uploads\/ferienwohnung-erle-hacklbauer-altenmarkt-15.jpg\" \/>\n\t<meta property=\"og:image:width\" content=\"1920\" \/>\n\t<meta property=\"og:image:height\" content=\"800\" \/>\n\t<meta property=\"og:image:type\" content=\"image\/jpeg\" \/>\n<meta name=\"twitter:card\" content=\"summary_large_image\" \/>\n<meta name=\"twitter:label1\" content=\"Odhadovan\u00e1 doba \u010dten\u00ed\" \/>\n\t<meta name=\"twitter:data1\" content=\"2 minuty\" \/>\n<script type=\"application\/ld+json\" class=\"yoast-schema-graph\">{\"@context\":\"https:\\\/\\\/schema.org\",\"@graph\":[{\"@type\":\"WebPage\",\"@id\":\"https:\\\/\\\/www.hacklbauer.at\\\/cs\\\/apartman-erle\\\/\",\"url\":\"https:\\\/\\\/www.hacklbauer.at\\\/cs\\\/apartman-erle\\\/\",\"name\":\"Apartm\u00e1n v Altenmarktu im Pongau, zem\u011b Salzburg, 2-8 osob\",\"isPartOf\":{\"@id\":\"https:\\\/\\\/www.hacklbauer.at\\\/cs\\\/#website\"},\"primaryImageOfPage\":{\"@id\":\"https:\\\/\\\/www.hacklbauer.at\\\/cs\\\/apartman-erle\\\/#primaryimage\"},\"image\":{\"@id\":\"https:\\\/\\\/www.hacklbauer.at\\\/cs\\\/apartman-erle\\\/#primaryimage\"},\"thumbnailUrl\":\"https:\\\/\\\/www.hacklbauer.at\\\/wp-content\\\/uploads\\\/ferienwohnung-erle-hacklbauer-altenmarkt-15.jpg\",\"datePublished\":\"2017-09-25T12:19:02+00:00\",\"dateModified\":\"2018-08-28T14:49:35+00:00\",\"description\":\"\u00datuln\u00fd apartm\u00e1n je ide\u00e1ln\u00ed pro rodiny & skupiny: 2 lo\u017enice, 2 rozkl\u00e1dac\u00ed pohovky, 2 koupelny se sprchou\\\/WC, pln\u011b vybaven\u00e1 kuchyn\u011b, balkon, sauna...\",\"breadcrumb\":{\"@id\":\"https:\\\/\\\/www.hacklbauer.at\\\/cs\\\/apartman-erle\\\/#breadcrumb\"},\"inLanguage\":\"cs\",\"potentialAction\":[{\"@type\":\"ReadAction\",\"target\":[\"https:\\\/\\\/www.hacklbauer.at\\\/cs\\\/apartman-erle\\\/\"]}]},{\"@type\":\"ImageObject\",\"inLanguage\":\"cs\",\"@id\":\"https:\\\/\\\/www.hacklbauer.at\\\/cs\\\/apartman-erle\\\/#primaryimage\",\"url\":\"https:\\\/\\\/www.hacklbauer.at\\\/wp-content\\\/uploads\\\/ferienwohnung-erle-hacklbauer-altenmarkt-15.jpg\",\"contentUrl\":\"https:\\\/\\\/www.hacklbauer.at\\\/wp-content\\\/uploads\\\/ferienwohnung-erle-hacklbauer-altenmarkt-15.jpg\",\"width\":1920,\"height\":800},{\"@type\":\"BreadcrumbList\",\"@id\":\"https:\\\/\\\/www.hacklbauer.at\\\/cs\\\/apartman-erle\\\/#breadcrumb\",\"itemListElement\":[{\"@type\":\"ListItem\",\"position\":1,\"name\":\"Dom\u016f\",\"item\":\"https:\\\/\\\/www.hacklbauer.at\\\/cs\\\/\"},{\"@type\":\"ListItem\",\"position\":2,\"name\":\"Apartm\u00e1n &#8220;Erle&#8221;\"}]},{\"@type\":\"WebSite\",\"@id\":\"https:\\\/\\\/www.hacklbauer.at\\\/cs\\\/#website\",\"url\":\"https:\\\/\\\/www.hacklbauer.at\\\/cs\\\/\",\"name\":\"Bauernhof Hacklbauer\",\"description\":\"Ferienwohnungen in Altenmarkt\",\"potentialAction\":[{\"@type\":\"SearchAction\",\"target\":{\"@type\":\"EntryPoint\",\"urlTemplate\":\"https:\\\/\\\/www.hacklbauer.at\\\/cs\\\/?s={search_term_string}\"},\"query-input\":{\"@type\":\"PropertyValueSpecification\",\"valueRequired\":true,\"valueName\":\"search_term_string\"}}],\"inLanguage\":\"cs\"}]}<\/script>\n<!-- \/ Yoast SEO plugin. -->","yoast_head_json":{"title":"Apartm\u00e1n v Altenmarktu im Pongau, zem\u011b Salzburg, 2-8 osob","description":"\u00datuln\u00fd apartm\u00e1n je ide\u00e1ln\u00ed pro rodiny & skupiny: 2 lo\u017enice, 2 rozkl\u00e1dac\u00ed pohovky, 2 koupelny se sprchou\/WC, pln\u011b vybaven\u00e1 kuchyn\u011b, balkon, sauna...","robots":{"index":"index","follow":"follow","max-snippet":"max-snippet:-1","max-image-preview":"max-image-preview:large","max-video-preview":"max-video-preview:-1"},"canonical":"https:\/\/www.hacklbauer.at\/cs\/apartman-erle\/","og_locale":"cs_CZ","og_type":"article","og_title":"Apartm\u00e1n v Altenmarktu im Pongau, zem\u011b Salzburg, 2-8 osob","og_description":"\u00datuln\u00fd apartm\u00e1n je ide\u00e1ln\u00ed pro rodiny & skupiny: 2 lo\u017enice, 2 rozkl\u00e1dac\u00ed pohovky, 2 koupelny se sprchou\/WC, pln\u011b vybaven\u00e1 kuchyn\u011b, balkon, sauna...","og_url":"https:\/\/www.hacklbauer.at\/cs\/apartman-erle\/","og_site_name":"Bauernhof Hacklbauer","article_modified_time":"2018-08-28T14:49:35+00:00","og_image":[{"width":1920,"height":800,"url":"https:\/\/www.hacklbauer.at\/wp-content\/uploads\/ferienwohnung-erle-hacklbauer-altenmarkt-15.jpg","type":"image\/jpeg"}],"twitter_card":"summary_large_image","twitter_misc":{"Odhadovan\u00e1 doba \u010dten\u00ed":"2 minuty"},"schema":{"@context":"https:\/\/schema.org","@graph":[{"@type":"WebPage","@id":"https:\/\/www.hacklbauer.at\/cs\/apartman-erle\/","url":"https:\/\/www.hacklbauer.at\/cs\/apartman-erle\/","name":"Apartm\u00e1n v Altenmarktu im Pongau, zem\u011b Salzburg, 2-8 osob","isPartOf":{"@id":"https:\/\/www.hacklbauer.at\/cs\/#website"},"primaryImageOfPage":{"@id":"https:\/\/www.hacklbauer.at\/cs\/apartman-erle\/#primaryimage"},"image":{"@id":"https:\/\/www.hacklbauer.at\/cs\/apartman-erle\/#primaryimage"},"thumbnailUrl":"https:\/\/www.hacklbauer.at\/wp-content\/uploads\/ferienwohnung-erle-hacklbauer-altenmarkt-15.jpg","datePublished":"2017-09-25T12:19:02+00:00","dateModified":"2018-08-28T14:49:35+00:00","description":"\u00datuln\u00fd apartm\u00e1n je ide\u00e1ln\u00ed pro rodiny & skupiny: 2 lo\u017enice, 2 rozkl\u00e1dac\u00ed pohovky, 2 koupelny se sprchou\/WC, pln\u011b vybaven\u00e1 kuchyn\u011b, balkon, sauna...","breadcrumb":{"@id":"https:\/\/www.hacklbauer.at\/cs\/apartman-erle\/#breadcrumb"},"inLanguage":"cs","potentialAction":[{"@type":"ReadAction","target":["https:\/\/www.hacklbauer.at\/cs\/apartman-erle\/"]}]},{"@type":"ImageObject","inLanguage":"cs","@id":"https:\/\/www.hacklbauer.at\/cs\/apartman-erle\/#primaryimage","url":"https:\/\/www.hacklbauer.at\/wp-content\/uploads\/ferienwohnung-erle-hacklbauer-altenmarkt-15.jpg","contentUrl":"https:\/\/www.hacklbauer.at\/wp-content\/uploads\/ferienwohnung-erle-hacklbauer-altenmarkt-15.jpg","width":1920,"height":800},{"@type":"BreadcrumbList","@id":"https:\/\/www.hacklbauer.at\/cs\/apartman-erle\/#breadcrumb","itemListElement":[{"@type":"ListItem","position":1,"name":"Dom\u016f","item":"https:\/\/www.hacklbauer.at\/cs\/"},{"@type":"ListItem","position":2,"name":"Apartm\u00e1n &#8220;Erle&#8221;"}]},{"@type":"WebSite","@id":"https:\/\/www.hacklbauer.at\/cs\/#website","url":"https:\/\/www.hacklbauer.at\/cs\/","name":"Bauernhof Hacklbauer","description":"Ferienwohnungen in Altenmarkt","potentialAction":[{"@type":"SearchAction","target":{"@type":"EntryPoint","urlTemplate":"https:\/\/www.hacklbauer.at\/cs\/?s={search_term_string}"},"query-input":{"@type":"PropertyValueSpecification","valueRequired":true,"valueName":"search_term_string"}}],"inLanguage":"cs"}]}},"_links":{"self":[{"href":"https:\/\/www.hacklbauer.at\/cs\/wp-json\/wp\/v2\/pages\/1380","targetHints":{"allow":["GET"]}}],"collection":[{"href":"https:\/\/www.hacklbauer.at\/cs\/wp-json\/wp\/v2\/pages"}],"about":[{"href":"https:\/\/www.hacklbauer.at\/cs\/wp-json\/wp\/v2\/types\/page"}],"author":[{"embeddable":true,"href":"https:\/\/www.hacklbauer.at\/cs\/wp-json\/wp\/v2\/users\/1"}],"replies":[{"embeddable":true,"href":"https:\/\/www.hacklbauer.at\/cs\/wp-json\/wp\/v2\/comments?post=1380"}],"version-history":[{"count":0,"href":"https:\/\/www.hacklbauer.at\/cs\/wp-json\/wp\/v2\/pages\/1380\/revisions"}],"wp:featuredmedia":[{"embeddable":true,"href":"https:\/\/www.hacklbauer.at\/cs\/wp-json\/wp\/v2\/media\/1382"}],"wp:attachment":[{"href":"https:\/\/www.hacklbauer.at\/cs\/wp-json\/wp\/v2\/media?parent=1380"}],"curies":[{"name":"wp","href":"https:\/\/api.w.org\/{rel}","templated":true}]}}