{"id":1383,"date":"2017-09-19T09:52:55","date_gmt":"2017-09-19T09:52:55","guid":{"rendered":"https:\/\/www.hacklbauer.at\/home\/"},"modified":"2018-05-07T22:21:15","modified_gmt":"2018-05-07T20:21:15","slug":"home","status":"publish","type":"page","link":"https:\/\/www.hacklbauer.at\/cs\/","title":{"rendered":"Home"},"content":{"rendered":"<div class=\"wpb-content-wrapper\"><p>[vc_row][vc_column][vc_column_text]<\/p>\n<h1>Dovolen\u00e1 na farm\u011b Hackelbauer v Altenmarktu im Pongau<\/h1>\n<h2>va\u0161e pestr\u00e1 dovolen\u00e1 v Rakousku ve spolkov\u00e9 zemi Salzburg<\/h2>\n<p>[\/vc_column_text][\/vc_column][\/vc_row][vc_row][vc_column][vc_column_text]<\/p>\n<p style=\"text-align: center;\">Na <strong>slunn\u00e9m okraji lesa<\/strong> vedle <strong>horsk\u00e9ho pot\u016f\u010dku<\/strong> najdete na\u0161i <a href=\"https:\/\/www.hacklbauer.at\/cs\/farma\/\">historickou rodovou farmu Hacklbauer<\/a> \u2013 <strong>pr\u00e1zdninov\u00fd r\u00e1j<\/strong> pro rodiny a milovn\u00edky p\u0159\u00edrody. Farma le\u017e\u00ed na <strong>klidn\u00e9m m\u00edst\u011b<\/strong> obklopen\u00e1 \u0161irok\u00fdmi otev\u0159en\u00fdmi poli a loukami, daleko od hlavn\u00edch cest, co\u017e je skv\u011bl\u00e9 zvl\u00e1\u0161t\u011b pro rodiny s d\u011btmi. Na farm\u011b \u017eije <a href=\"https:\/\/www.hacklbauer.at\/cs\/zvirata-bylinky-zahrada\/\">hodn\u011b zv\u00ed\u0159at<\/a>, kvetou barevn\u00e9 kytky a pohostinn\u00e1 <a href=\"https:\/\/www.hacklbauer.at\/cs\/rodina-tradice\/\">rodina Walchhoferova<\/a> s l\u00e1skou pe\u010duje o v\u0161e kolem.<\/p>\n<p>[\/vc_column_text][\/vc_column][\/vc_row][vc_row][vc_column][vc_column_text]<\/p>\n<h5 style=\"text-align: center;\">\u00datuln\u00e9 apartm\u00e1ny pro 2 \u2013 8 osob<\/h5>\n<p>[\/vc_column_text][\/vc_column][\/vc_row][vc_row el_class=&#8221;slider-startseite&#8221; css=&#8221;.vc_custom_1507120625845{margin-bottom: 40px !important;}&#8221;][vc_column]<div id=\"ult-carousel-104101978769d5b6e6e0396\" class=\"ult-carousel-wrapper   ult_horizontal\" data-gutter=\"15\" data-rtl=\"false\" ><div class=\"ult-carousel-178116145069d5b6e6e020a \" >[vc_row_inner][vc_column_inner width=&#8221;1\/2&#8243;][vc_single_image image=&#8221;671&#8243; img_size=&#8221;530&#215;380&#8243; css=&#8221;.vc_custom_1507892195770{margin-bottom: 10px !important;}&#8221;][\/vc_column_inner][vc_column_inner width=&#8221;1\/2&#8243;][vc_column_text]<\/p>\n<h3><img decoding=\"async\" class=\"alignnone size-full wp-image-22\" src=\"https:\/\/www.hacklbauer.at\/wp-content\/uploads\/deko-gruen-l.png\" alt=\"Deko gr\u00fcn\" width=\"34\" height=\"41\" \/>Linde<img decoding=\"async\" class=\"alignnone size-full wp-image-23\" src=\"https:\/\/www.hacklbauer.at\/wp-content\/uploads\/deko-gruen-r.png\" alt=\"Deko Gr\u00fcn\" width=\"34\" height=\"41\" \/><\/h3>\n<h2>Apartm\u00e1n<\/h2>\n<p>[\/vc_column_text][vc_column_text el_class=&#8221;icon-startseite&#8221;]<\/p>\n<div class=\"vc_col-sm-12\">\n<div class=\"vc_col-sm-4\">\n<p><img decoding=\"async\" class=\"size-full wp-image-41 aligncenter\" src=\"https:\/\/www.hacklbauer.at\/wp-content\/uploads\/icon-personen.png\" alt=\"Icon Personen\" width=\"50\" height=\"62\" \/><\/p>\n<p style=\"text-align: center;\">2 \u2013 4 osob<\/p>\n<\/div>\n<div class=\"vc_col-sm-4\">\n<p><img decoding=\"async\" class=\"wp-image-42 size-full aligncenter\" src=\"https:\/\/www.hacklbauer.at\/wp-content\/uploads\/icon-schlafzimmer.png\" alt=\"Icon Schlafzimmer\" width=\"70\" height=\"62\" \/><\/p>\n<p style=\"text-align: center;\">2 lo\u017enice<\/p>\n<\/div>\n<div class=\"vc_col-sm-4\">\n<p><img decoding=\"async\" class=\"wp-image-40 size-full aligncenter\" src=\"https:\/\/www.hacklbauer.at\/wp-content\/uploads\/icon-groesse.png\" alt=\"Icon Gr\u00f6\u00dfe\" width=\"65\" height=\"62\" \/><\/p>\n<p style=\"text-align: center;\">41<\/p>\n<\/div>\n<\/div>\n<p>[\/vc_column_text][vc_column_text]<\/p>\n<p style=\"text-align: center;\"><span class=\"button\"><a href=\"https:\/\/www.hacklbauer.at\/cs\/apartman-salzburg\/\">v\u00edce informac\u00ed<\/a><\/span><\/p>\n<p>[\/vc_column_text][\/vc_column_inner][\/vc_row_inner][vc_row_inner][vc_column_inner width=&#8221;1\/2&#8243;][vc_single_image image=&#8221;645&#8243; img_size=&#8221;530&#215;380&#8243; css=&#8221;.vc_custom_1507281998862{margin-bottom: 10px !important;}&#8221;][\/vc_column_inner][vc_column_inner width=&#8221;1\/2&#8243;][vc_column_text]<\/p>\n<h3><img decoding=\"async\" class=\"alignnone size-full wp-image-22\" src=\"https:\/\/www.hacklbauer.at\/wp-content\/uploads\/deko-gruen-l.png\" alt=\"Deko gr\u00fcn\" width=\"34\" height=\"41\" \/>Apfel<img decoding=\"async\" class=\"alignnone size-full wp-image-23\" src=\"https:\/\/www.hacklbauer.at\/wp-content\/uploads\/deko-gruen-r.png\" alt=\"Deko Gr\u00fcn\" width=\"34\" height=\"41\" \/><\/h3>\n<h2>Apartm\u00e1n<\/h2>\n<p>[\/vc_column_text][vc_column_text el_class=&#8221;icon-startseite&#8221;]<\/p>\n<div class=\"vc_col-sm-12\">\n<div class=\"vc_col-sm-4\">\n<p><img decoding=\"async\" class=\"size-full wp-image-41 aligncenter\" src=\"https:\/\/www.hacklbauer.at\/wp-content\/uploads\/icon-personen.png\" alt=\"Icon Personen\" width=\"50\" height=\"62\" \/><\/p>\n<p style=\"text-align: center;\">2 \u2013 4 osob<\/p>\n<\/div>\n<div class=\"vc_col-sm-4\">\n<p><img decoding=\"async\" class=\"wp-image-42 size-full aligncenter\" src=\"https:\/\/www.hacklbauer.at\/wp-content\/uploads\/icon-schlafzimmer.png\" alt=\"Icon Schlafzimmer\" width=\"70\" height=\"62\" \/><\/p>\n<p style=\"text-align: center;\">2 lo\u017enice<\/p>\n<\/div>\n<div class=\"vc_col-sm-4\">\n<p><img decoding=\"async\" class=\"wp-image-40 size-full aligncenter\" src=\"https:\/\/www.hacklbauer.at\/wp-content\/uploads\/icon-groesse.png\" alt=\"Icon Gr\u00f6\u00dfe\" width=\"65\" height=\"62\" \/><\/p>\n<p style=\"text-align: center;\">42<\/p>\n<\/div>\n<\/div>\n<p>[\/vc_column_text][vc_column_text]<\/p>\n<p style=\"text-align: center;\"><span class=\"button\"><a href=\"https:\/\/www.hacklbauer.at\/cs\/apartman-ski-amade\/\">v\u00edce informac\u00ed<\/a><\/span><\/p>\n<p>[\/vc_column_text][\/vc_column_inner][\/vc_row_inner][vc_row_inner][vc_column_inner width=&#8221;1\/2&#8243;][vc_single_image image=&#8221;658&#8243; img_size=&#8221;530&#215;380&#8243; css=&#8221;.vc_custom_1507281967252{margin-bottom: 10px !important;}&#8221;][\/vc_column_inner][vc_column_inner width=&#8221;1\/2&#8243;][vc_column_text]<\/p>\n<h3><img decoding=\"async\" class=\"alignnone size-full wp-image-22\" src=\"https:\/\/www.hacklbauer.at\/wp-content\/uploads\/deko-gruen-l.png\" alt=\"Deko gr\u00fcn\" width=\"34\" height=\"41\" \/>Erle<img decoding=\"async\" class=\"alignnone size-full wp-image-23\" src=\"https:\/\/www.hacklbauer.at\/wp-content\/uploads\/deko-gruen-r.png\" alt=\"Deko Gr\u00fcn\" width=\"34\" height=\"41\" \/><\/h3>\n<h2>Apartm\u00e1n<\/h2>\n<p>[\/vc_column_text][vc_column_text el_class=&#8221;icon-startseite&#8221;]<\/p>\n<div class=\"vc_col-sm-12\">\n<div class=\"vc_col-sm-4\">\n<p><img decoding=\"async\" class=\"size-full wp-image-41 aligncenter\" src=\"https:\/\/www.hacklbauer.at\/wp-content\/uploads\/icon-personen.png\" alt=\"Icon Personen\" width=\"50\" height=\"62\" \/><\/p>\n<p style=\"text-align: center;\">2 \u2013 8 osob<\/p>\n<\/div>\n<div class=\"vc_col-sm-4\">\n<p><img decoding=\"async\" class=\"wp-image-42 size-full aligncenter\" src=\"https:\/\/www.hacklbauer.at\/wp-content\/uploads\/icon-schlafzimmer.png\" alt=\"Icon Schlafzimmer\" width=\"70\" height=\"62\" \/><\/p>\n<p style=\"text-align: center;\">2 lo\u017enice<\/p>\n<\/div>\n<div class=\"vc_col-sm-4\">\n<p><img decoding=\"async\" class=\"wp-image-40 size-full aligncenter\" src=\"https:\/\/www.hacklbauer.at\/wp-content\/uploads\/icon-groesse.png\" alt=\"Icon Gr\u00f6\u00dfe\" width=\"65\" height=\"62\" \/><\/p>\n<p style=\"text-align: center;\">54<\/p>\n<\/div>\n<\/div>\n<p>[\/vc_column_text][vc_column_text]<\/p>\n<p style=\"text-align: center;\"><span class=\"button\"><a href=\"https:\/\/www.hacklbauer.at\/cs\/apartman-ski-amade\/\">v\u00edce informac\u00ed<\/a><\/span><\/p>\n<p>[\/vc_column_text][\/vc_column_inner][\/vc_row_inner]<\/div><\/div>\t\t\t<script type=\"text\/javascript\">\n\t\t\t\tjQuery(document).ready(function ($) {\n\t\t\t\t\tif( typeof jQuery('.ult-carousel-178116145069d5b6e6e020a').slick == \"function\"){\n\t\t\t\t\t\t$('.ult-carousel-178116145069d5b6e6e020a').slick({dots: false,autoplaySpeed: \"5000\",speed: \"300\",infinite: false,arrows: true,nextArrow: '<button type=\"button\" role=\"button\" aria-label=\"Next\" style=\"color:#8aa241; font-size:90px;\" class=\"slick-next default\"><i class=\"ultsl-arrow-right6\"><\/i><\/button>',prevArrow: '<button type=\"button\" role=\"button\" aria-label=\"Previous\" style=\"color:#8aa241; font-size:90px;\" class=\"slick-prev default\"><i class=\"ultsl-arrow-left6\"><\/i><\/button>',slidesToScroll:1,slidesToShow:1,swipe: true,draggable: true,touchMove: true,pauseOnHover: true,pauseOnFocus: false,responsive: [\n\t\t\t\t\t\t\t{\n\t\t\t\t\t\t\t  breakpoint: 1026,\n\t\t\t\t\t\t\t  settings: {\n\t\t\t\t\t\t\t\tslidesToShow: 1,\n\t\t\t\t\t\t\t\tslidesToScroll: 1,  \n\t\t\t\t\t\t\t  }\n\t\t\t\t\t\t\t},\n\t\t\t\t\t\t\t{\n\t\t\t\t\t\t\t  breakpoint: 1025,\n\t\t\t\t\t\t\t  settings: {\n\t\t\t\t\t\t\t\tslidesToShow: 1,\n\t\t\t\t\t\t\t\tslidesToScroll: 1\n\t\t\t\t\t\t\t  }\n\t\t\t\t\t\t\t},\n\t\t\t\t\t\t\t{\n\t\t\t\t\t\t\t  breakpoint: 760,\n\t\t\t\t\t\t\t  settings: {\n\t\t\t\t\t\t\t\tslidesToShow: 1,\n\t\t\t\t\t\t\t\tslidesToScroll: 1\n\t\t\t\t\t\t\t  }\n\t\t\t\t\t\t\t}\n\t\t\t\t\t\t],pauseOnDotsHover: true,customPaging: function(slider, i) {\n                   return '<i type=\"button\" style= \"color:#333333;\" class=\"ultsl-record\" data-role=\"none\"><\/i>';\n                },});\n\t\t\t\t\t}\n\t\t\t\t});\n\t\t\t<\/script>\n\t\t\t[\/vc_column][\/vc_row][vc_row][vc_column][vc_column_text]<\/p>\n<p style=\"text-align: center;\">Zde m\u016f\u017eete zpomalit a relaxovat \u2013 <strong>rustik\u00e1ln\u00ed, venkovsk\u00fd styl<\/strong> na\u0161ich t\u0159\u00ed nadstandardn\u011b vybaven\u00fdch <strong>apartm\u00e1n\u016f pro 2 \u2013 8 osob<\/strong> se v\u00e1m ur\u010dit\u011b zal\u00edb\u00ed. Najdete tu 2 odd\u011blen\u00e9 lo\u017enice, koupelnu se sprchou a WC, ob\u00fdvac\u00ed pokoj \/ kuchyni, vlastn\u00ed infra\u010dervenou saunu, balkon, satelitn\u00ed TV, r\u00e1dio a voln\u00fd p\u0159\u00edstup k internetu.<\/p>\n<p>[\/vc_column_text][\/vc_column][\/vc_row][vc_row full_width=&#8221;stretch_row_content&#8221; equal_height=&#8221;yes&#8221; el_class=&#8221;hintergrund-streifen&#8221;][vc_column][vc_column_text el_class=&#8221;ueberschrift-deko&#8221;]<\/p>\n<h3 style=\"text-align: center;\"><img decoding=\"async\" class=\"alignnone size-full wp-image-22\" src=\"https:\/\/www.hacklbauer.at\/wp-content\/uploads\/deko-gruen-l.png\" alt=\"Deko gr\u00fcn\" width=\"34\" height=\"41\" \/>Prozkoumejte na\u0161i farmu<img decoding=\"async\" class=\"alignnone size-full wp-image-23\" src=\"https:\/\/www.hacklbauer.at\/wp-content\/uploads\/deko-gruen-r.png\" alt=\"Deko Gr\u00fcn\" width=\"34\" height=\"41\" \/><\/h3>\n<p>[\/vc_column_text][vc_column_text]Poznat b\u011b\u017en\u00fd \u017eivot na farm\u011b se zodpov\u011bdn\u00fdm p\u0159\u00edstupem k p\u0159\u00edrod\u011b je skv\u011bl\u00e1 zku\u0161enost zvl\u00e1\u0161t\u011b pro rodiny s d\u011btmi. <strong>Velk\u00e9 d\u011btsk\u00e9 h\u0159i\u0161t\u011b<\/strong>, venkovn\u00ed <strong>gril<\/strong>, hromada <strong>zaj\u00edmav\u00e9ho d\u011bn\u00ed<\/strong> kolem farmy i vst\u0159\u00edcnost majitel\u016f slibuj\u00ed nezapomenuteln\u00e9 <strong>pr\u00e1zdniny na farm\u011b<\/strong> v <strong>Salzbursku<\/strong> v <strong>Rakousku<\/strong>.[\/vc_column_text][vc_row_inner][vc_column_inner el_class=&#8221;box-startseite&#8221; width=&#8221;1\/3&#8243; css=&#8221;.vc_custom_1505996471781{background-color: #9b0200 !important;}&#8221;][vc_single_image image=&#8221;485&#8243; img_size=&#8221;medium&#8221; onclick=&#8221;custom_link&#8221; css=&#8221;.vc_custom_1518685078943{margin-bottom: 0px !important;}&#8221; link=&#8221;\/en\/impressions\/&#8221;][vc_column_text el_class=&#8221;abstand-box&#8221; css=&#8221;.vc_custom_1525700959270{margin-bottom: 0px !important;}&#8221;]<\/p>\n<h5>Dovolen\u00e1 v ka\u017ed\u00e9m ro\u010dn\u00edm obdob\u00ed<\/h5>\n<p>&nbsp;<\/p>\n<p style=\"text-align: center;\">Jaro, l\u00e9to, podzim i zima &#8211; u\u017eijte si kr\u00e1su ka\u017ed\u00e9ho obdob\u00ed a vyzkou\u0161ejte r\u016fznorod\u00e9 aktivity.<\/p>\n<p style=\"text-align: center;\"><span class=\"button\"><a href=\"https:\/\/www.hacklbauer.at\/cs\/galerie\/\">Galerie<\/a><\/span><\/p>\n<p>[\/vc_column_text][\/vc_column_inner][vc_column_inner el_class=&#8221;box-startseite&#8221; width=&#8221;1\/3&#8243; css=&#8221;.vc_custom_1505996488037{background-color: #8aa241 !important;}&#8221;][vc_single_image image=&#8221;486&#8243; img_size=&#8221;medium&#8221; onclick=&#8221;custom_link&#8221; css=&#8221;.vc_custom_1518685089316{margin-bottom: 0px !important;}&#8221; link=&#8221;\/en\/farm\/&#8221;][vc_column_text el_class=&#8221;abstand-box&#8221; css=&#8221;.vc_custom_1525701241732{margin-bottom: 0px !important;}&#8221;]<\/p>\n<h5>Dovolen\u00e1 na farm\u011b<\/h5>\n<p>&nbsp;<\/p>\n<p style=\"text-align: center;\">Na farm\u011b je po\u0159\u00e1d co d\u011blat a objevovat. Mezi na\u0161imi hosty jsou obzvl\u00e1\u0161\u0165 obl\u00edben\u00e1 zv\u00ed\u0159ata, velk\u00e1 i mal\u00e1.<\/p>\n<p style=\"text-align: center;\"><span class=\"button\"><a href=\"https:\/\/www.hacklbauer.at\/cs\/farma\/\">Dovolen\u00e1 na farm\u011b<\/a><\/span><\/p>\n<p>[\/vc_column_text][\/vc_column_inner][vc_column_inner el_class=&#8221;box-startseite&#8221; width=&#8221;1\/3&#8243; css=&#8221;.vc_custom_1517836270947{background-color: #9b0200 !important;}&#8221;][vc_single_image image=&#8221;719&#8243; img_size=&#8221;medium&#8221; onclick=&#8221;custom_link&#8221; css=&#8221;.vc_custom_1518685100491{margin-bottom: 0px !important;}&#8221; link=&#8221;\/en\/family-tradition\/&#8221;][vc_column_text el_class=&#8221;abstand-box&#8221; css=&#8221;.vc_custom_1525701416680{margin-bottom: 0px !important;}&#8221;]<\/p>\n<h5>Tradice &amp; pohostinnost<\/h5>\n<p>&nbsp;<\/p>\n<p style=\"text-align: center;\">Velmi si zakl\u00e1d\u00e1me na osobn\u00ed p\u00e9\u010di o na\u0161e hosty, abyste se na va\u0161\u00ed relaxa\u010dn\u00ed i aktivn\u00ed dovolen\u00e9 na farm\u011b c\u00edtili jako doma.<\/p>\n<p style=\"text-align: center;\"><span class=\"button\"><a href=\"https:\/\/www.hacklbauer.at\/cs\/rodina-tradice\/\">Ahoj!<\/a><\/span><\/p>\n<p>[\/vc_column_text][\/vc_column_inner][\/vc_row_inner][\/vc_column][\/vc_row][vc_row][vc_column][vc_column_text]<\/p>\n<h4 style=\"text-align: center;\">Letn\u00ed nebo zimn\u00ed dovolen\u00e1 v Altenmarktu<\/h4>\n<p>[\/vc_column_text][vc_column_text]<\/p>\n<p style=\"text-align: center;\">Na\u0161e farma Hacklbauer je <strong>ide\u00e1ln\u00ed z\u00e1kladnou<\/strong> pro jak\u00fdkoli druh aktivity. V <a href=\"https:\/\/www.hacklbauer.at\/cs\/jaro-leto-podzim-altenmarkt\/\">l\u00e9t\u011b<\/a> m\u016f\u017eete vyrazit na <strong>t\u00faru<\/strong> rovnou z farmy a stejn\u011b tak v <a href=\"https:\/\/www.hacklbauer.at\/cs\/zima-lyze-dovolena-ski-amade\/\">zim\u011b<\/a> \u2013 dob\u0159e udr\u017eovan\u00e1 b\u011b\u017eka\u0159sk\u00e1 trasa <strong>Tauern trail<\/strong> vede p\u0159\u00edmo kolem n\u00e1s. V pohodln\u00e9 dojezdov\u00e9 vzd\u00e1lenosti je bl\u00edzk\u00fd <strong>ly\u017ea\u0159sk\u00fd are\u00e1l Altenmarkt-Radstadt <\/strong>i sjezdovky <strong>Sv\u011btov\u00e9ho poh\u00e1ru v<\/strong><strong> Zauchensee<\/strong>.<\/p>\n<p style=\"text-align: center;\">Znovu c\u00edtit a za\u017e\u00edt p\u0159\u00edrodu, naj\u00edt klid a odpo\u010dinek&#8230; to je to, co v\u00e1m chceme umo\u017enit na va\u0161\u00ed dovolen\u00e9 na statku u n\u00e1s v Altenmarktu.<\/p>\n<p>[\/vc_column_text][\/vc_column][\/vc_row][vc_row][vc_column][vc_single_image image=&#8221;11&#8243; img_size=&#8221;full&#8221; alignment=&#8221;center&#8221; css=&#8221;.vc_custom_1505997202080{margin-bottom: 15px !important;}&#8221;][vc_column_text]<\/p>\n<h6 style=\"text-align: center;\"><img decoding=\"async\" class=\"alignnone size-full wp-image-27\" src=\"https:\/\/www.hacklbauer.at\/wp-content\/uploads\/deko-rot-l.png\" alt=\"Deko rot\" width=\"35\" height=\"44\" \/>Va\u0161i Walchhoferovi<img decoding=\"async\" class=\"alignnone size-full wp-image-28\" src=\"https:\/\/www.hacklbauer.at\/wp-content\/uploads\/deko-rot-r.png\" alt=\"\" width=\"35\" height=\"44\" \/><\/h6>\n<p class=\"schrift-home\" style=\"text-align: center;\">T\u011b\u0161\u00edme se na v\u00e1s!<\/p>\n<p>[\/vc_column_text][\/vc_column][\/vc_row]<\/p>\n<\/div>","protected":false},"excerpt":{"rendered":"<p>[vc_row][vc_column][vc_column_text] Dovolen\u00e1 na farm\u011b Hackelbauer v Altenmarktu im Pongau va\u0161e pestr\u00e1 dovolen\u00e1 v Rakousku ve spolkov\u00e9 zemi Salzburg [\/vc_column_text][\/vc_column][\/vc_row][vc_row][vc_column][vc_column_text] Na slunn\u00e9m okraji lesa vedle horsk\u00e9ho pot\u016f\u010dku najdete na\u0161i historickou rodovou farmu Hacklbauer \u2013 pr\u00e1zdninov\u00fd r\u00e1j pro rodiny a milovn\u00edky p\u0159\u00edrody. Farma le\u017e\u00ed na klidn\u00e9m m\u00edst\u011b obklopen\u00e1 \u0161irok\u00fdmi otev\u0159en\u00fdmi poli a loukami, daleko od hlavn\u00edch cest, &hellip;<\/p>\n\n<p><a class=\"readmore btn btn-default btn-default btn-block\" href=\"https:\/\/www.hacklbauer.at\/cs\/\">Read More<\/a><\/p>","protected":false},"author":1,"featured_media":0,"parent":0,"menu_order":0,"comment_status":"closed","ping_status":"closed","template":"","meta":{"footnotes":""},"class_list":["post-1383","page","type-page","status-publish","hentry"],"yoast_head":"<!-- This site is optimized with the Yoast SEO plugin v27.3 - https:\/\/yoast.com\/product\/yoast-seo-wordpress\/ -->\n<title>Va\u0161e perfektn\u00ed dovolen\u00e1 na farm\u011b v Altenmarktu, Salzburg, Rakousko<\/title>\n<meta name=\"description\" content=\"Pestr\u00e1 dovolen\u00e1 na farm\u011b: \u00fatuln\u00e9 apartm\u00e1ny pro 2-8 osob, mno\u017estv\u00ed zv\u00ed\u0159at, slune\u010dn\u00e9 klidn\u00e9 m\u00edsto, h\u0159i\u0161t\u011b, baz\u00e9nek, ovocn\u00fd sad, louky, Alpy atd.\" \/>\n<meta name=\"robots\" content=\"index, follow, max-snippet:-1, max-image-preview:large, max-video-preview:-1\" \/>\n<link rel=\"canonical\" href=\"https:\/\/www.hacklbauer.at\/cs\/\" \/>\n<meta property=\"og:locale\" content=\"cs_CZ\" \/>\n<meta property=\"og:type\" content=\"article\" \/>\n<meta property=\"og:title\" content=\"Va\u0161e perfektn\u00ed dovolen\u00e1 na farm\u011b v Altenmarktu, Salzburg, Rakousko\" \/>\n<meta property=\"og:description\" content=\"Pestr\u00e1 dovolen\u00e1 na farm\u011b: \u00fatuln\u00e9 apartm\u00e1ny pro 2-8 osob, mno\u017estv\u00ed zv\u00ed\u0159at, slune\u010dn\u00e9 klidn\u00e9 m\u00edsto, h\u0159i\u0161t\u011b, baz\u00e9nek, ovocn\u00fd sad, louky, Alpy atd.\" \/>\n<meta property=\"og:url\" content=\"https:\/\/www.hacklbauer.at\/cs\/\" \/>\n<meta property=\"og:site_name\" content=\"Bauernhof Hacklbauer\" \/>\n<meta property=\"article:modified_time\" content=\"2018-05-07T20:21:15+00:00\" \/>\n<meta property=\"og:image\" content=\"https:\/\/www.hacklbauer.at\/wp-content\/uploads\/deko-gruen-l.png\" \/>\n<meta name=\"twitter:card\" content=\"summary_large_image\" \/>\n<meta name=\"twitter:label1\" content=\"Odhadovan\u00e1 doba \u010dten\u00ed\" \/>\n\t<meta name=\"twitter:data1\" content=\"5 minut\" \/>\n<script type=\"application\/ld+json\" class=\"yoast-schema-graph\">{\"@context\":\"https:\\\/\\\/schema.org\",\"@graph\":[{\"@type\":\"WebPage\",\"@id\":\"https:\\\/\\\/www.hacklbauer.at\\\/cs\\\/\",\"url\":\"https:\\\/\\\/www.hacklbauer.at\\\/cs\\\/\",\"name\":\"Va\u0161e perfektn\u00ed dovolen\u00e1 na farm\u011b v Altenmarktu, Salzburg, Rakousko\",\"isPartOf\":{\"@id\":\"https:\\\/\\\/www.hacklbauer.at\\\/cs\\\/#website\"},\"primaryImageOfPage\":{\"@id\":\"https:\\\/\\\/www.hacklbauer.at\\\/cs\\\/#primaryimage\"},\"image\":{\"@id\":\"https:\\\/\\\/www.hacklbauer.at\\\/cs\\\/#primaryimage\"},\"thumbnailUrl\":\"https:\\\/\\\/www.hacklbauer.at\\\/wp-content\\\/uploads\\\/deko-gruen-l.png\",\"datePublished\":\"2017-09-19T09:52:55+00:00\",\"dateModified\":\"2018-05-07T20:21:15+00:00\",\"description\":\"Pestr\u00e1 dovolen\u00e1 na farm\u011b: \u00fatuln\u00e9 apartm\u00e1ny pro 2-8 osob, mno\u017estv\u00ed zv\u00ed\u0159at, slune\u010dn\u00e9 klidn\u00e9 m\u00edsto, h\u0159i\u0161t\u011b, baz\u00e9nek, ovocn\u00fd sad, louky, Alpy atd.\",\"breadcrumb\":{\"@id\":\"https:\\\/\\\/www.hacklbauer.at\\\/cs\\\/#breadcrumb\"},\"inLanguage\":\"cs\",\"potentialAction\":[{\"@type\":\"ReadAction\",\"target\":[\"https:\\\/\\\/www.hacklbauer.at\\\/cs\\\/\"]}]},{\"@type\":\"ImageObject\",\"inLanguage\":\"cs\",\"@id\":\"https:\\\/\\\/www.hacklbauer.at\\\/cs\\\/#primaryimage\",\"url\":\"https:\\\/\\\/www.hacklbauer.at\\\/wp-content\\\/uploads\\\/deko-gruen-l.png\",\"contentUrl\":\"https:\\\/\\\/www.hacklbauer.at\\\/wp-content\\\/uploads\\\/deko-gruen-l.png\"},{\"@type\":\"BreadcrumbList\",\"@id\":\"https:\\\/\\\/www.hacklbauer.at\\\/cs\\\/#breadcrumb\",\"itemListElement\":[{\"@type\":\"ListItem\",\"position\":1,\"name\":\"Dom\u016f\",\"item\":\"https:\\\/\\\/www.hacklbauer.at\\\/cs\\\/\"},{\"@type\":\"ListItem\",\"position\":2,\"name\":\"Home\"}]},{\"@type\":\"WebSite\",\"@id\":\"https:\\\/\\\/www.hacklbauer.at\\\/cs\\\/#website\",\"url\":\"https:\\\/\\\/www.hacklbauer.at\\\/cs\\\/\",\"name\":\"Bauernhof Hacklbauer\",\"description\":\"Ferienwohnungen in Altenmarkt\",\"potentialAction\":[{\"@type\":\"SearchAction\",\"target\":{\"@type\":\"EntryPoint\",\"urlTemplate\":\"https:\\\/\\\/www.hacklbauer.at\\\/cs\\\/?s={search_term_string}\"},\"query-input\":{\"@type\":\"PropertyValueSpecification\",\"valueRequired\":true,\"valueName\":\"search_term_string\"}}],\"inLanguage\":\"cs\"}]}<\/script>\n<!-- \/ Yoast SEO plugin. -->","yoast_head_json":{"title":"Va\u0161e perfektn\u00ed dovolen\u00e1 na farm\u011b v Altenmarktu, Salzburg, Rakousko","description":"Pestr\u00e1 dovolen\u00e1 na farm\u011b: \u00fatuln\u00e9 apartm\u00e1ny pro 2-8 osob, mno\u017estv\u00ed zv\u00ed\u0159at, slune\u010dn\u00e9 klidn\u00e9 m\u00edsto, h\u0159i\u0161t\u011b, baz\u00e9nek, ovocn\u00fd sad, louky, Alpy atd.","robots":{"index":"index","follow":"follow","max-snippet":"max-snippet:-1","max-image-preview":"max-image-preview:large","max-video-preview":"max-video-preview:-1"},"canonical":"https:\/\/www.hacklbauer.at\/cs\/","og_locale":"cs_CZ","og_type":"article","og_title":"Va\u0161e perfektn\u00ed dovolen\u00e1 na farm\u011b v Altenmarktu, Salzburg, Rakousko","og_description":"Pestr\u00e1 dovolen\u00e1 na farm\u011b: \u00fatuln\u00e9 apartm\u00e1ny pro 2-8 osob, mno\u017estv\u00ed zv\u00ed\u0159at, slune\u010dn\u00e9 klidn\u00e9 m\u00edsto, h\u0159i\u0161t\u011b, baz\u00e9nek, ovocn\u00fd sad, louky, Alpy atd.","og_url":"https:\/\/www.hacklbauer.at\/cs\/","og_site_name":"Bauernhof Hacklbauer","article_modified_time":"2018-05-07T20:21:15+00:00","og_image":[{"url":"https:\/\/www.hacklbauer.at\/wp-content\/uploads\/deko-gruen-l.png","type":"","width":"","height":""}],"twitter_card":"summary_large_image","twitter_misc":{"Odhadovan\u00e1 doba \u010dten\u00ed":"5 minut"},"schema":{"@context":"https:\/\/schema.org","@graph":[{"@type":"WebPage","@id":"https:\/\/www.hacklbauer.at\/cs\/","url":"https:\/\/www.hacklbauer.at\/cs\/","name":"Va\u0161e perfektn\u00ed dovolen\u00e1 na farm\u011b v Altenmarktu, Salzburg, Rakousko","isPartOf":{"@id":"https:\/\/www.hacklbauer.at\/cs\/#website"},"primaryImageOfPage":{"@id":"https:\/\/www.hacklbauer.at\/cs\/#primaryimage"},"image":{"@id":"https:\/\/www.hacklbauer.at\/cs\/#primaryimage"},"thumbnailUrl":"https:\/\/www.hacklbauer.at\/wp-content\/uploads\/deko-gruen-l.png","datePublished":"2017-09-19T09:52:55+00:00","dateModified":"2018-05-07T20:21:15+00:00","description":"Pestr\u00e1 dovolen\u00e1 na farm\u011b: \u00fatuln\u00e9 apartm\u00e1ny pro 2-8 osob, mno\u017estv\u00ed zv\u00ed\u0159at, slune\u010dn\u00e9 klidn\u00e9 m\u00edsto, h\u0159i\u0161t\u011b, baz\u00e9nek, ovocn\u00fd sad, louky, Alpy atd.","breadcrumb":{"@id":"https:\/\/www.hacklbauer.at\/cs\/#breadcrumb"},"inLanguage":"cs","potentialAction":[{"@type":"ReadAction","target":["https:\/\/www.hacklbauer.at\/cs\/"]}]},{"@type":"ImageObject","inLanguage":"cs","@id":"https:\/\/www.hacklbauer.at\/cs\/#primaryimage","url":"https:\/\/www.hacklbauer.at\/wp-content\/uploads\/deko-gruen-l.png","contentUrl":"https:\/\/www.hacklbauer.at\/wp-content\/uploads\/deko-gruen-l.png"},{"@type":"BreadcrumbList","@id":"https:\/\/www.hacklbauer.at\/cs\/#breadcrumb","itemListElement":[{"@type":"ListItem","position":1,"name":"Dom\u016f","item":"https:\/\/www.hacklbauer.at\/cs\/"},{"@type":"ListItem","position":2,"name":"Home"}]},{"@type":"WebSite","@id":"https:\/\/www.hacklbauer.at\/cs\/#website","url":"https:\/\/www.hacklbauer.at\/cs\/","name":"Bauernhof Hacklbauer","description":"Ferienwohnungen in Altenmarkt","potentialAction":[{"@type":"SearchAction","target":{"@type":"EntryPoint","urlTemplate":"https:\/\/www.hacklbauer.at\/cs\/?s={search_term_string}"},"query-input":{"@type":"PropertyValueSpecification","valueRequired":true,"valueName":"search_term_string"}}],"inLanguage":"cs"}]}},"_links":{"self":[{"href":"https:\/\/www.hacklbauer.at\/cs\/wp-json\/wp\/v2\/pages\/1383","targetHints":{"allow":["GET"]}}],"collection":[{"href":"https:\/\/www.hacklbauer.at\/cs\/wp-json\/wp\/v2\/pages"}],"about":[{"href":"https:\/\/www.hacklbauer.at\/cs\/wp-json\/wp\/v2\/types\/page"}],"author":[{"embeddable":true,"href":"https:\/\/www.hacklbauer.at\/cs\/wp-json\/wp\/v2\/users\/1"}],"replies":[{"embeddable":true,"href":"https:\/\/www.hacklbauer.at\/cs\/wp-json\/wp\/v2\/comments?post=1383"}],"version-history":[{"count":0,"href":"https:\/\/www.hacklbauer.at\/cs\/wp-json\/wp\/v2\/pages\/1383\/revisions"}],"wp:attachment":[{"href":"https:\/\/www.hacklbauer.at\/cs\/wp-json\/wp\/v2\/media?parent=1383"}],"curies":[{"name":"wp","href":"https:\/\/api.w.org\/{rel}","templated":true}]}}